{"id":17813,"date":"2019-03-18T16:02:25","date_gmt":"2019-03-18T15:02:25","guid":{"rendered":"https:\/\/arteconstructo.com\/ecologic-wax\/"},"modified":"2019-06-26T16:24:38","modified_gmt":"2019-06-26T15:24:38","slug":"ecologic-wax","status":"publish","type":"page","link":"https:\/\/arteconstructo.com\/de\/ecologic-wax\/","title":{"rendered":"ECOlogic Wax"},"content":{"rendered":"<div class=\"wpb-content-wrapper\"><p>[vc_row][vc_column][vc_column_text]<\/p>\n<h2><b>ECOlogic Wax<\/b><\/h2>\n<p>\u00d6KOLOGISCHES BEESWAX<\/p>\n<p><b>Beschreibung<\/b><\/p>\n<p>ECOLOGIC WAX ist ein Wachs, mit dem h\u00f6lzerne und mineralische Oberfl\u00e4chen gepflegt werden k\u00f6nnen. ECOLOGIC WAX wird nach traditionellen Methoden auf der Grundlage eines 60 Jahre alten, bew\u00e4hrten Rezeptes hergestellt. Die Kombination aus reinem Terpentin, nat\u00fcrlichen Bienen und Carnauba sorgte f\u00fcr ein einzigartiges Erscheinungsbild in Bezug auf Glanz, Struktur und Farbe. ECOLOGIC WAX bietet eine Schutzschicht und f\u00fcllt kleine Unregelm\u00e4\u00dfigkeiten in der Oberfl\u00e4che aus. Dadurch eignet sich dieses Wachs hervorragend f\u00fcr die Behandlung von M\u00f6beln, Fu\u00dfb\u00f6den oder als sch\u00fctzende Deckschicht auf nat\u00fcrlichen Mineralanstrichen oder Kalkbel\u00e4gen. ECOLOGIC WAX reinigt, sch\u00fctzt und konserviert Holz- und Mineraloberfl\u00e4chen. Die Behandlung mit diesem Wachs sorgt f\u00fcr einen sch\u00f6nen Glanz und F\u00fcllung von oberfl\u00e4chlichen Flecken und Kratzern.<\/p>\n<p>&nbsp;<\/p>\n<p><a href=\"https:\/\/arteconstructo.com\/wp-content\/uploads\/2019\/06\/ECOlogic-Wax-Tech-Merkblatt.pdf\"><strong>Die PDF Version finden Sie hier<\/strong><\/a>[\/vc_column_text][\/vc_column][\/vc_row]<\/p>\n<\/div>","protected":false},"excerpt":{"rendered":"<p>[vc_row][vc_column][vc_column_text] ECOlogic Wax \u00d6KOLOGISCHES BEESWAX Beschreibung ECOLOGIC WAX ist ein Wachs, mit dem h\u00f6lzerne und mineralische Oberfl\u00e4chen gepflegt werden k\u00f6nnen. ECOLOGIC WAX wird nach traditionellen Methoden auf der Grundlage eines 60 Jahre alten, bew\u00e4hrten Rezeptes hergestellt. Die Kombination aus reinem Terpentin, nat\u00fcrlichen Bienen und Carnauba sorgte f\u00fcr ein einzigartiges Erscheinungsbild in Bezug auf Glanz, Struktur&hellip;<\/p>\n","protected":false},"author":8,"featured_media":0,"parent":0,"menu_order":0,"comment_status":"closed","ping_status":"closed","template":"","meta":{"footnotes":""},"class_list":["post-17813","page","type-page","status-publish","hentry","description-off"],"_links":{"self":[{"href":"https:\/\/arteconstructo.com\/de\/wp-json\/wp\/v2\/pages\/17813","targetHints":{"allow":["GET"]}}],"collection":[{"href":"https:\/\/arteconstructo.com\/de\/wp-json\/wp\/v2\/pages"}],"about":[{"href":"https:\/\/arteconstructo.com\/de\/wp-json\/wp\/v2\/types\/page"}],"author":[{"embeddable":true,"href":"https:\/\/arteconstructo.com\/de\/wp-json\/wp\/v2\/users\/8"}],"replies":[{"embeddable":true,"href":"https:\/\/arteconstructo.com\/de\/wp-json\/wp\/v2\/comments?post=17813"}],"version-history":[{"count":0,"href":"https:\/\/arteconstructo.com\/de\/wp-json\/wp\/v2\/pages\/17813\/revisions"}],"wp:attachment":[{"href":"https:\/\/arteconstructo.com\/de\/wp-json\/wp\/v2\/media?parent=17813"}],"curies":[{"name":"wp","href":"https:\/\/api.w.org\/{rel}","templated":true}]}}