{"id":17809,"date":"2019-03-18T16:01:42","date_gmt":"2019-03-18T15:01:42","guid":{"rendered":"https:\/\/arteconstructo.com\/ecologic-remover\/"},"modified":"2019-06-26T16:24:04","modified_gmt":"2019-06-26T15:24:04","slug":"ecologic-remover","status":"publish","type":"page","link":"https:\/\/arteconstructo.com\/de\/ecologic-remover\/","title":{"rendered":"ECOlogic Remover"},"content":{"rendered":"<div class=\"wpb-content-wrapper\"><p>[vc_row][vc_column][vc_column_text]<\/p>\n<h2><b>ECOlogic Remover<\/b><\/h2>\n<p>&nbsp;<\/p>\n<p><b>Beschreibung<\/b><span class=\"Apple-converted-space\">\u00a0<\/span><\/p>\n<p>ECOlogic Remover ist eine absolut sichere, pH-neutrale Abbeiz-Paste\/-Fl\u00fcssigkeit. Sie eignet sich zum Entfernen der meisten Farb-Arten von nahezu jeder Oberfl\u00e4che in einem Schritt und enth\u00e4lt keine S\u00e4uren, Laugen, gef\u00e4hrlichen L\u00f6sungsmitteln (wie NMP), Paraffin-oder Konservierungsstoffe.<\/p>\n<p><strong>Anwendung<\/strong><\/p>\n<p>ECOlogic Remover entfernt viele Farb-Arten aus allen Arten von Oberfl\u00e4chen wie Putz, Beton, Naturstein und andere mineralischen Oberfl\u00e4chen, Holz, Metalle einschlie\u00dflich Leichtmetallen und Kupfer. Kunststoff wird in der Regel, ECOlogic Remover kann aber auf Gelcoat verwendet werden. Jedoch muss vorab eine Probe gemacht werden, um die tats\u00e4chliche Gelcoat-Qualit\u00e4t zu \u00fcberpr\u00fcfen. ECOlogic Remover kann auch unter 0\u00b0C verwendet werden.<br \/>\nECOlogic Remover kann innen und im Freien und verwendet werden, da es einen VOC-Gehalt von ca. 3,4% hat. (38 Gramm\/Liter Produkt)<strong><br \/>\n<\/strong><\/p>\n<p>&nbsp;<\/p>\n<p><a href=\"https:\/\/arteconstructo.com\/wp-content\/uploads\/2019\/03\/Techn-Merkbl-ECOlogic-Remover-1.pdf\"><strong>Die PDF Version finden Sie hier<\/strong><\/a>[\/vc_column_text][\/vc_column][\/vc_row]<\/p>\n<\/div>","protected":false},"excerpt":{"rendered":"<p>[vc_row][vc_column][vc_column_text] ECOlogic Remover &nbsp; Beschreibung\u00a0 ECOlogic Remover ist eine absolut sichere, pH-neutrale Abbeiz-Paste\/-Fl\u00fcssigkeit. Sie eignet sich zum Entfernen der meisten Farb-Arten von nahezu jeder Oberfl\u00e4che in einem Schritt und enth\u00e4lt keine S\u00e4uren, Laugen, gef\u00e4hrlichen L\u00f6sungsmitteln (wie NMP), Paraffin-oder Konservierungsstoffe. Anwendung ECOlogic Remover entfernt viele Farb-Arten aus allen Arten von Oberfl\u00e4chen wie Putz, Beton, Naturstein und&hellip;<\/p>\n","protected":false},"author":8,"featured_media":0,"parent":0,"menu_order":0,"comment_status":"closed","ping_status":"closed","template":"","meta":{"footnotes":""},"class_list":["post-17809","page","type-page","status-publish","hentry","description-off"],"_links":{"self":[{"href":"https:\/\/arteconstructo.com\/de\/wp-json\/wp\/v2\/pages\/17809","targetHints":{"allow":["GET"]}}],"collection":[{"href":"https:\/\/arteconstructo.com\/de\/wp-json\/wp\/v2\/pages"}],"about":[{"href":"https:\/\/arteconstructo.com\/de\/wp-json\/wp\/v2\/types\/page"}],"author":[{"embeddable":true,"href":"https:\/\/arteconstructo.com\/de\/wp-json\/wp\/v2\/users\/8"}],"replies":[{"embeddable":true,"href":"https:\/\/arteconstructo.com\/de\/wp-json\/wp\/v2\/comments?post=17809"}],"version-history":[{"count":0,"href":"https:\/\/arteconstructo.com\/de\/wp-json\/wp\/v2\/pages\/17809\/revisions"}],"wp:attachment":[{"href":"https:\/\/arteconstructo.com\/de\/wp-json\/wp\/v2\/media?parent=17809"}],"curies":[{"name":"wp","href":"https:\/\/api.w.org\/{rel}","templated":true}]}}