{"id":17801,"date":"2019-03-18T16:00:16","date_gmt":"2019-03-18T15:00:16","guid":{"rendered":"https:\/\/arteconstructo.com\/ecoimpregno\/"},"modified":"2019-06-26T16:13:20","modified_gmt":"2019-06-26T15:13:20","slug":"ecoimpregno","status":"publish","type":"page","link":"https:\/\/arteconstructo.com\/de\/ecoimpregno\/","title":{"rendered":"ECOimpregno"},"content":{"rendered":"<div class=\"wpb-content-wrapper\"><p>[vc_row][vc_column][vc_column_text]<\/p>\n<h2><b>ECOimpregno<\/b><\/h2>\n<p>IMPREGING \u00d6L<\/p>\n<p><strong>Beschreibung<\/strong><\/p>\n<p>ECOIMPREGNO ist ein Impr\u00e4gniermittel auf Basis von Lein\u00f6l und Terpentin. Es wurde speziell f\u00fcr die Behandlung von Kalkb\u00f6den entwickelt. Dank des Terpentins dringt das \u00d6l tiefer in die offene Struktur des Kalkm\u00f6rtels ein und die Poren sind gut verschlossen. Durch die Atmungsaktivit\u00e4t des Produkts kann die Karbonisierungsreaktion des frisch aufgebrachten Kalkm\u00f6rtels fortgesetzt werden.<\/p>\n<p><strong>Anwendungsbereich<\/strong><\/p>\n<p>ECOIMPREGNO wird verwendet, um die Haltbarkeit von (Innen-) B\u00f6den zu erh\u00f6hen, die aus nat\u00fcrlichen hydraulischen Kalkm\u00f6rteln bestehen.<\/p>\n<p>&nbsp;<\/p>\n<p><a href=\"https:\/\/arteconstructo.com\/wp-content\/uploads\/2019\/06\/ECOimpregno-Tech-Merkblatt.pdf\"><strong>Die PDF Version finden Sie hier<\/strong><\/a>[\/vc_column_text][\/vc_column][\/vc_row]<\/p>\n<\/div>","protected":false},"excerpt":{"rendered":"<p>[vc_row][vc_column][vc_column_text] ECOimpregno IMPREGING \u00d6L Beschreibung ECOIMPREGNO ist ein Impr\u00e4gniermittel auf Basis von Lein\u00f6l und Terpentin. Es wurde speziell f\u00fcr die Behandlung von Kalkb\u00f6den entwickelt. Dank des Terpentins dringt das \u00d6l tiefer in die offene Struktur des Kalkm\u00f6rtels ein und die Poren sind gut verschlossen. Durch die Atmungsaktivit\u00e4t des Produkts kann die Karbonisierungsreaktion des frisch aufgebrachten&hellip;<\/p>\n","protected":false},"author":8,"featured_media":0,"parent":0,"menu_order":0,"comment_status":"closed","ping_status":"closed","template":"","meta":{"footnotes":""},"class_list":["post-17801","page","type-page","status-publish","hentry","description-off"],"_links":{"self":[{"href":"https:\/\/arteconstructo.com\/de\/wp-json\/wp\/v2\/pages\/17801","targetHints":{"allow":["GET"]}}],"collection":[{"href":"https:\/\/arteconstructo.com\/de\/wp-json\/wp\/v2\/pages"}],"about":[{"href":"https:\/\/arteconstructo.com\/de\/wp-json\/wp\/v2\/types\/page"}],"author":[{"embeddable":true,"href":"https:\/\/arteconstructo.com\/de\/wp-json\/wp\/v2\/users\/8"}],"replies":[{"embeddable":true,"href":"https:\/\/arteconstructo.com\/de\/wp-json\/wp\/v2\/comments?post=17801"}],"version-history":[{"count":0,"href":"https:\/\/arteconstructo.com\/de\/wp-json\/wp\/v2\/pages\/17801\/revisions"}],"wp:attachment":[{"href":"https:\/\/arteconstructo.com\/de\/wp-json\/wp\/v2\/media?parent=17801"}],"curies":[{"name":"wp","href":"https:\/\/api.w.org\/{rel}","templated":true}]}}