{"id":17216,"date":"2018-08-01T18:03:43","date_gmt":"2018-08-01T17:03:43","guid":{"rendered":"https:\/\/arteconstructo.com\/lime-primer-fondo-uniforcalce\/"},"modified":"2020-05-04T14:27:55","modified_gmt":"2020-05-04T13:27:55","slug":"lime-primer-fondo-uniforcalce","status":"publish","type":"page","link":"https:\/\/arteconstructo.com\/de\/lime-primer-fondo-uniforcalce\/","title":{"rendered":"LIME PRIMER (Fondo Uniforcalce)"},"content":{"rendered":"<div class=\"wpb-content-wrapper\"><p>[vc_row][vc_column][vc_column_text]<\/p>\n<h2><strong>LIME PRIMER (Fondo Uniforcalce)<\/strong><\/h2>\n<p><strong>Grundierung f\u00fcr mineralische Endbeschichtungen mit GRANULATEN von 0.10, 0.25 oder 0.50 mm<\/strong><\/p>\n<p>&nbsp;<\/p>\n<p><strong>Beschreibung<\/strong><\/p>\n<p>Lime Primer ist eine diffusionsoffene Grundierung mit hoher Luftdurchl\u00e4ssigkeit f\u00fcr mineralischen Kalklasurauftrag oder eine d\u00fcnne M\u00f6rtelschicht auf unstabilen oder synthetischen Untergr\u00fcnden.\u00a0 Das Produkt besteht aus ausschliesslich nat\u00fcrlichen, reinen und hochqualitativen Komponenten: aus abgelagertem Sumpfkalk, nat\u00fcrlichen Zus\u00e4tzen und Quarzen.<\/p>\n<p>Lime Primer reguliert die Absorption des Untergrunds; sie ist \u00e4usserst durchl\u00e4ssig f\u00fcr Wasserdampf. Das Produkt kann mit mineralischer Farbe und\/oder feinem M\u00f6rtel \u00fcberzogen werden.<\/p>\n<p>Lime Primer ist alkaliresistent.<\/p>\n<p>&nbsp;<\/p>\n<p><strong>Anwendungsbereich<\/strong><\/p>\n<p>Lime Primer ist besonders geeignet f\u00fcr die Anwendung in bestehenden Geb\u00e4uden, z.B. bei Renovierungen. Das Produkt kann auf ebenem und rauem Putz, bestehenden Farbanstrichen, por\u00f6sen Steinen und jeglichem Mauerwerk aufgebracht werden, solange der Untergrund trocken ist.<\/p>\n<p>&nbsp;<\/p>\n<p><strong>Vorbereitung des Untergrunds<\/strong><\/p>\n<p>Stabile, saubere Untergr\u00fcnde &#8211; wie Kalk- und Gipsputze, Kalklasuren sowie traditionelles Ziegel- oder Steinmauerwerk mit Kalkm\u00f6rtel &#8211; ben\u00f6tigen keine Vorbehandlung.\u00a0 Br\u00f6ckelige Untergr\u00fcnde m\u00fcssen entfernt werden, bis ein fester Untergrund vorhanden ist. Nehmen Sie Reparaturen und F\u00fcllarbeiten von Innenfl\u00e4chen mit Coridecor Start oder Rasadecor F\u00fcllern und\/oder Rasocal Sumpfkalk vor.<\/p>\n<p>&nbsp;<\/p>\n<p><strong>Auftrag<\/strong><\/p>\n<p>Die Kalkgrundierung ist ein fertig gemischtes Produkt, kann aber mit 5% Wasser verd\u00fcnnt werden.\u00a0 Der Auftrag erfolgt einschichtig mit einem Pinsel oder einer Rolle. Wenn eine zweite Schicht erforderlich ist, sollte diese erst nach der vollst\u00e4ndigen Trocknung der ersten Schicht aufgetragen werden.<\/p>\n<p>&nbsp;<\/p>\n<p><strong>Verpackung und Verbrauch<\/strong><\/p>\n<p>Recyclebare Plastikeimer f\u00fcr 5 und 25 kg.<\/p>\n<p>Die Haltbarkeit des Produktes betr\u00e4gt zumindest 12 Monate bei luftdichter Lagerung in verschlossenen Beh\u00e4ltnissen und entsprechenden Umgebungsbedingungen.<\/p>\n<p>Lagern Sie das Produkt k\u00fchl, trocken und vor Frost und direktem Sonnenlicht gesch\u00fctzt.\u00a0 Sch\u00fctzen Sie das Produkt vor W\u00e4rmequellen.<\/p>\n<p>Ungef\u00e4hrer Verbrauch : 200 g\/m\u00b2 (0,10mm)\u00a0 &#8211;\u00a0 250 g\/m\u00b2 (0,25mm)\u00a0 &#8211;\u00a0 350 g\/m\u00b2 (0,50mm)<\/p>\n<p><a href=\"https:\/\/arteconstructo.com\/wp-content\/uploads\/2020\/05\/Tech-Merkblatt-LIME-PRIMER.pdf\">Die PDF Version finden Sie hier<\/a><\/p>\n<p>[\/vc_column_text][\/vc_column][\/vc_row]<\/p>\n<\/div>","protected":false},"excerpt":{"rendered":"<p>[vc_row][vc_column][vc_column_text] LIME PRIMER (Fondo Uniforcalce) Grundierung f\u00fcr mineralische Endbeschichtungen mit GRANULATEN von 0.10, 0.25 oder 0.50 mm &nbsp; Beschreibung Lime Primer ist eine diffusionsoffene Grundierung mit hoher Luftdurchl\u00e4ssigkeit f\u00fcr mineralischen Kalklasurauftrag oder eine d\u00fcnne M\u00f6rtelschicht auf unstabilen oder synthetischen Untergr\u00fcnden.\u00a0 Das Produkt besteht aus ausschliesslich nat\u00fcrlichen, reinen und hochqualitativen Komponenten: aus abgelagertem Sumpfkalk, nat\u00fcrlichen Zus\u00e4tzen&hellip;<\/p>\n","protected":false},"author":8,"featured_media":0,"parent":0,"menu_order":0,"comment_status":"closed","ping_status":"closed","template":"","meta":{"footnotes":""},"class_list":["post-17216","page","type-page","status-publish","hentry","description-off"],"_links":{"self":[{"href":"https:\/\/arteconstructo.com\/de\/wp-json\/wp\/v2\/pages\/17216","targetHints":{"allow":["GET"]}}],"collection":[{"href":"https:\/\/arteconstructo.com\/de\/wp-json\/wp\/v2\/pages"}],"about":[{"href":"https:\/\/arteconstructo.com\/de\/wp-json\/wp\/v2\/types\/page"}],"author":[{"embeddable":true,"href":"https:\/\/arteconstructo.com\/de\/wp-json\/wp\/v2\/users\/8"}],"replies":[{"embeddable":true,"href":"https:\/\/arteconstructo.com\/de\/wp-json\/wp\/v2\/comments?post=17216"}],"version-history":[{"count":0,"href":"https:\/\/arteconstructo.com\/de\/wp-json\/wp\/v2\/pages\/17216\/revisions"}],"wp:attachment":[{"href":"https:\/\/arteconstructo.com\/de\/wp-json\/wp\/v2\/media?parent=17216"}],"curies":[{"name":"wp","href":"https:\/\/api.w.org\/{rel}","templated":true}]}}