{"id":17215,"date":"2018-08-01T18:00:59","date_gmt":"2018-08-01T17:00:59","guid":{"rendered":"https:\/\/arteconstructo.com\/ecocera\/"},"modified":"2018-08-02T13:50:41","modified_gmt":"2018-08-02T12:50:41","slug":"ecocera","status":"publish","type":"page","link":"https:\/\/arteconstructo.com\/de\/ecocera\/","title":{"rendered":"ECOCERA"},"content":{"rendered":"<h2><strong>ECOCERA<\/strong><\/h2>\n<p><strong>Emulsion mit Bienenwachs und Marseiller Seife<\/strong><\/p>\n<p>&nbsp;<\/p>\n<p><strong>Beschreibung<\/strong><\/p>\n<p>Ecocera ist ein nat\u00fcrliches Wachs das als schmutz- und wasserabweisende Schutzschicht genutzt wird.\u00a0 Ecocera besteht aus reinem gebleichtem Bienenwachs gel\u00f6st in Marseiller Seife, ist frei von L\u00f6sungsmitteln und wird auf traditionelle Weise hergestellt.<\/p>\n<p>&nbsp;<\/p>\n<p><strong>Anwendungsbereich<\/strong><\/p>\n<p>Ecocera wird als Schutzschicht auf Innenw\u00e4nden aufgebracht.\u00a0 Das Produkt kann auf jede glatte Oberfl\u00e4che (alt oder neu) aufgebracht werden wie z.B. Kalkwasser, Silikatfarbe, Marmordekors Coristil, Decorlux, Venestuk und andere&#8230;<\/p>\n<p>Ecocera wird verwendet um die Oberfl\u00e4che optisch auszugleichen und den nat\u00fcrlichen Glanz und Samteffekt der Coridecor Dekorpalette hervorzuheben, ohne die Farbe der Oberfl\u00e4che zu ver\u00e4ndern.<\/p>\n<p>Ecocera ist besonders geeignet um in frequentierten Bereichen Oberfl\u00e4chen vor Schmutz zu sch\u00fctzen, wie zum Beispiel bei Stiegen, in Bars und Empfangsbereichen, und um die Oberfl\u00e4chen vor Feuchtigkeit zu versiegeln wie in K\u00fcchen und Badezimmern.<\/p>\n<p>&nbsp;<\/p>\n<p><strong>Vorbereitung des Untergrunds<\/strong><\/p>\n<p>Der Untergrund muss stabil, sauber und trocken sein.<\/p>\n<p>&nbsp;<\/p>\n<p><strong>Auftrag<\/strong><\/p>\n<p>Ecocera ist ein gebrauchsfertiges Produkt und sollte vor Verwendung sorgf\u00e4ltig aufger\u00fchrt werden.\u00a0 Wenn die Paste aufgrund von niedriger Umgebungstemperatur zu fest ist muss das Produkt bei ungef\u00e4hr 30\u00b0C angew\u00e4rmt werden.<\/p>\n<p>Tragen Sie das Wachs gleichm\u00e4ssig mit einem weichen Tuch, einem Schwamm oder einer B\u00fcrste auf.\u00a0 Polieren Sie die trockene Oberfl\u00e4che mit einem sauberen Tuch und festerem Druck, um den nat\u00fcrlich scheinenden Effekt zu erhalten.<\/p>\n<p>&nbsp;<\/p>\n<p><strong>Verpackung und Verbrauch<\/strong><\/p>\n<p>Kunststoffbeh\u00e4lter zu 0,75 l, 2,5 l und 5 l.<\/p>\n<p>Die Haltbarkeit des Produktes betr\u00e4gt zumindest 12 Monate bei luftdichter Lagerung in verschlossenen Beh\u00e4ltnissen bei Temperaturen zwischen +5\u00b0C und +35\u00b0C. Lagern Sie das Produkt in k\u00fchler und trockener Umgebung und sch\u00fctzen Sie es vor Frost, direktem Sonnenlicht und Hitzequellen.<\/p>\n<p>Verbrauch : 30 &#8211; 40 m\u00b2\/l je Schicht<\/p>\n<p><a href=\"https:\/\/arteconstructo.com\/wp-content\/uploads\/2018\/08\/Techn-Merkblatt-ECOCERA.pdf\">Die PDF Version finden Sie hier<\/a><\/p>\n","protected":false},"excerpt":{"rendered":"<p>ECOCERA Emulsion mit Bienenwachs und Marseiller Seife &nbsp; Beschreibung Ecocera ist ein nat\u00fcrliches Wachs das als schmutz- und wasserabweisende Schutzschicht genutzt wird.\u00a0 Ecocera besteht aus reinem gebleichtem Bienenwachs gel\u00f6st in Marseiller Seife, ist frei von L\u00f6sungsmitteln und wird auf traditionelle Weise hergestellt. &nbsp; Anwendungsbereich Ecocera wird als Schutzschicht auf Innenw\u00e4nden aufgebracht.\u00a0 Das Produkt kann auf&hellip;<\/p>\n","protected":false},"author":8,"featured_media":0,"parent":0,"menu_order":0,"comment_status":"closed","ping_status":"closed","template":"","meta":{"footnotes":""},"class_list":["post-17215","page","type-page","status-publish","hentry","description-off"],"_links":{"self":[{"href":"https:\/\/arteconstructo.com\/de\/wp-json\/wp\/v2\/pages\/17215","targetHints":{"allow":["GET"]}}],"collection":[{"href":"https:\/\/arteconstructo.com\/de\/wp-json\/wp\/v2\/pages"}],"about":[{"href":"https:\/\/arteconstructo.com\/de\/wp-json\/wp\/v2\/types\/page"}],"author":[{"embeddable":true,"href":"https:\/\/arteconstructo.com\/de\/wp-json\/wp\/v2\/users\/8"}],"replies":[{"embeddable":true,"href":"https:\/\/arteconstructo.com\/de\/wp-json\/wp\/v2\/comments?post=17215"}],"version-history":[{"count":0,"href":"https:\/\/arteconstructo.com\/de\/wp-json\/wp\/v2\/pages\/17215\/revisions"}],"wp:attachment":[{"href":"https:\/\/arteconstructo.com\/de\/wp-json\/wp\/v2\/media?parent=17215"}],"curies":[{"name":"wp","href":"https:\/\/api.w.org\/{rel}","templated":true}]}}