{"id":17042,"date":"2018-07-20T16:35:37","date_gmt":"2018-07-20T15:35:37","guid":{"rendered":"https:\/\/arteconstructo.com\/technische-datenblaetter\/uula\/uula-olielazuur\/"},"modified":"2018-08-01T16:45:17","modified_gmt":"2018-08-01T15:45:17","slug":"uula-olielazuur","status":"publish","type":"page","link":"https:\/\/arteconstructo.com\/de\/uula-olielazuur\/","title":{"rendered":"UULA OLIELAZUUR"},"content":{"rendered":"<h2><b>UULA OLIELAZUUR<\/b><\/h2>\n<p><b>TRANSPARENTE HOLZBEIZE<\/b><\/p>\n<p><b>Produktbeschreibung<\/b><\/p>\n<p>Uula Lasure ist eine nat\u00fcrliche Farbe aus Leinsamen\u00f6l und nat\u00fcrlichen Harzen. Die Farbe ist in Erdt\u00f6nen (z.B. Ocker) und Titanweiss verf\u00fcgbar.<span class=\"Apple-converted-space\">\u00a0 <\/span>Uula Lasure enth\u00e4lt ein aromatisches L\u00f6sungsmittel (max. 300g\/l).<span class=\"Apple-converted-space\">\u00a0 <\/span>Die Farbe kann mit Terpentin verd\u00fcnnt werden.<\/p>\n<p><b>Technische Eigenschaften<\/b><\/p>\n<p>Farben siehe Farbtabelle, weitere Farben auf Anfrage<\/p>\n<p>Anwendung f\u00fcr alle unbehandelten Holzuntergr\u00fcnde, im Innenbereich<span class=\"Apple-converted-space\">\u00a0<\/span><\/p>\n<p>im Aussenbereich nur auf roter Zeder oder impr\u00e4gniertem Holz<\/p>\n<p>Deckkraft 9 &#8211; 15 m\u00b2\/l f\u00fcr gehobeltes Holz<\/p>\n<p>Auftrag runder oder abgeflachter Farbpinsel<\/p>\n<p>Trocknungsdauer<span class=\"Apple-converted-space\">\u00a0 <\/span>trocken nach 5 bis 8 Stunden, n\u00e4chster Schichtauftrag nach 24 Stunden<\/p>\n<p>Gebinde 0,9 l, 2,7 l, 9 l (transparent)<\/p>\n<p><span class=\"Apple-converted-space\">\u00a0 <\/span>1 l, 3 l, 10 l (farbig)<\/p>\n<p><b>Auftrag<\/b><\/p>\n<p>Reinigen Sie das Holz und schleifen Sie instabile Bereiche. <span class=\"Apple-converted-space\">\u00a0<\/span><\/p>\n<p>Tragen Sie eine, zwei oder drei Schichten auf, abh\u00e4ngig von der gew\u00fcnschten Farbe oder Transparenz.<span class=\"Apple-converted-space\">\u00a0 <\/span>Schleifen Sie die erste Schicht, um aufstehende Holzfasern zu entfernen.<span class=\"Apple-converted-space\">\u00a0 <\/span>Schleifen Sie die zweiten und dritten Schichten nicht (oder nur sehr gering).<span class=\"Apple-converted-space\">\u00a0 \u00a0<\/span><\/p>\n<p>&nbsp;<\/p>\n","protected":false},"excerpt":{"rendered":"<p>UULA OLIELAZUUR TRANSPARENTE HOLZBEIZE Produktbeschreibung Uula Lasure ist eine nat\u00fcrliche Farbe aus Leinsamen\u00f6l und nat\u00fcrlichen Harzen. Die Farbe ist in Erdt\u00f6nen (z.B. Ocker) und Titanweiss verf\u00fcgbar.\u00a0 Uula Lasure enth\u00e4lt ein aromatisches L\u00f6sungsmittel (max. 300g\/l).\u00a0 Die Farbe kann mit Terpentin verd\u00fcnnt werden. Technische Eigenschaften Farben siehe Farbtabelle, weitere Farben auf Anfrage Anwendung f\u00fcr alle unbehandelten Holzuntergr\u00fcnde,&hellip;<\/p>\n","protected":false},"author":8,"featured_media":0,"parent":0,"menu_order":0,"comment_status":"closed","ping_status":"closed","template":"","meta":{"footnotes":""},"class_list":["post-17042","page","type-page","status-publish","hentry","description-off"],"_links":{"self":[{"href":"https:\/\/arteconstructo.com\/de\/wp-json\/wp\/v2\/pages\/17042","targetHints":{"allow":["GET"]}}],"collection":[{"href":"https:\/\/arteconstructo.com\/de\/wp-json\/wp\/v2\/pages"}],"about":[{"href":"https:\/\/arteconstructo.com\/de\/wp-json\/wp\/v2\/types\/page"}],"author":[{"embeddable":true,"href":"https:\/\/arteconstructo.com\/de\/wp-json\/wp\/v2\/users\/8"}],"replies":[{"embeddable":true,"href":"https:\/\/arteconstructo.com\/de\/wp-json\/wp\/v2\/comments?post=17042"}],"version-history":[{"count":0,"href":"https:\/\/arteconstructo.com\/de\/wp-json\/wp\/v2\/pages\/17042\/revisions"}],"wp:attachment":[{"href":"https:\/\/arteconstructo.com\/de\/wp-json\/wp\/v2\/media?parent=17042"}],"curies":[{"name":"wp","href":"https:\/\/api.w.org\/{rel}","templated":true}]}}