{"id":17041,"date":"2018-07-20T16:34:27","date_gmt":"2018-07-20T15:34:27","guid":{"rendered":"https:\/\/arteconstructo.com\/technische-datenblaetter\/uula\/uula-nordique\/"},"modified":"2020-05-05T15:13:00","modified_gmt":"2020-05-05T14:13:00","slug":"uula-exterior-primer","status":"publish","type":"page","link":"https:\/\/arteconstructo.com\/de\/uula-exterior-primer\/","title":{"rendered":"UULA Exterior Primer"},"content":{"rendered":"<div class=\"wpb-content-wrapper\"><p>[vc_row][vc_column][vc_column_text]<\/p>\n<p><b>UULA Exterior Primer<\/b><\/p>\n<p>&nbsp;<\/p>\n<p><b>Produktbeschreibung<\/b><\/p>\n<p>UULA Exterior Primer ist ein l\u00f6sungsmittelfreier, dampfdurchl\u00e4ssiger und naturfreundlicher Primer f\u00fcr Au\u00dfenanwendungen. Das Bindemittel besteht aus nachwachsenden Natur\u00f6len.<\/p>\n<p>&nbsp;<\/p>\n<p><b>Anwendung<\/b><\/p>\n<p>Mit Pinsel, Walze oder Spray (D\u00fcse: 0,28 mm).<\/p>\n<p>&nbsp;<\/p>\n<p><strong>Verpackung<\/strong><\/p>\n<p>Dosen mit 0,9, 2,7 und 9 Litern.<\/p>\n<p>&nbsp;<\/p>\n<p><a href=\"https:\/\/arteconstructo.com\/de\/techn-merkblatt-uula-exterior-primer-2\/\">Die PDF Version finden Sie hier<\/a><\/p>\n<p>[\/vc_column_text][\/vc_column][\/vc_row]<\/p>\n<\/div>","protected":false},"excerpt":{"rendered":"<p>[vc_row][vc_column][vc_column_text] UULA Exterior Primer &nbsp; Produktbeschreibung UULA Exterior Primer ist ein l\u00f6sungsmittelfreier, dampfdurchl\u00e4ssiger und naturfreundlicher Primer f\u00fcr Au\u00dfenanwendungen. Das Bindemittel besteht aus nachwachsenden Natur\u00f6len. &nbsp; Anwendung Mit Pinsel, Walze oder Spray (D\u00fcse: 0,28 mm). &nbsp; Verpackung Dosen mit 0,9, 2,7 und 9 Litern. &nbsp; Die PDF Version finden Sie hier [\/vc_column_text][\/vc_column][\/vc_row]<\/p>\n","protected":false},"author":8,"featured_media":0,"parent":0,"menu_order":0,"comment_status":"closed","ping_status":"closed","template":"","meta":{"footnotes":""},"class_list":["post-17041","page","type-page","status-publish","hentry","description-off"],"_links":{"self":[{"href":"https:\/\/arteconstructo.com\/de\/wp-json\/wp\/v2\/pages\/17041","targetHints":{"allow":["GET"]}}],"collection":[{"href":"https:\/\/arteconstructo.com\/de\/wp-json\/wp\/v2\/pages"}],"about":[{"href":"https:\/\/arteconstructo.com\/de\/wp-json\/wp\/v2\/types\/page"}],"author":[{"embeddable":true,"href":"https:\/\/arteconstructo.com\/de\/wp-json\/wp\/v2\/users\/8"}],"replies":[{"embeddable":true,"href":"https:\/\/arteconstructo.com\/de\/wp-json\/wp\/v2\/comments?post=17041"}],"version-history":[{"count":0,"href":"https:\/\/arteconstructo.com\/de\/wp-json\/wp\/v2\/pages\/17041\/revisions"}],"wp:attachment":[{"href":"https:\/\/arteconstructo.com\/de\/wp-json\/wp\/v2\/media?parent=17041"}],"curies":[{"name":"wp","href":"https:\/\/api.w.org\/{rel}","templated":true}]}}