{"id":17040,"date":"2018-07-20T16:33:18","date_gmt":"2018-07-20T15:33:18","guid":{"rendered":"https:\/\/arteconstructo.com\/technische-datenblaetter\/uula\/uula-into\/"},"modified":"2018-07-21T18:20:26","modified_gmt":"2018-07-21T17:20:26","slug":"uula-into","status":"publish","type":"page","link":"https:\/\/arteconstructo.com\/de\/uula-into\/","title":{"rendered":"UULA INTO"},"content":{"rendered":"<p><b>UULA INTO<span class=\"Apple-converted-space\">\u00a0<\/span><\/b><\/p>\n<p><b>FARBE F\u00dcR DEN INNENBEREICH<span class=\"Apple-converted-space\">\u00a0<\/span><\/b><\/p>\n<p><b>Produktbeschreibung<\/b><\/p>\n<p>Uula Into ist ein l\u00f6sungsmittelfreier Farbanstrich f\u00fcr den Innenbereich.<span class=\"Apple-converted-space\">\u00a0 <\/span>Die Bindemittel sind nat\u00fcrliche recycelte \u00d6le.<span class=\"Apple-converted-space\">\u00a0 <\/span>Es werden keine synthetischen Inhaltsstoffe zugesetzt.<\/p>\n<p><b>Technische Eigenschaften<\/b><\/p>\n<p>Farben siehe Farbtabelle, weitere Farben auf Anfrage<\/p>\n<p>Anwendung f\u00fcr alle Holzuntergr\u00fcnde im Innenbereich, wie:<span class=\"Apple-converted-space\">\u00a0<\/span><\/p>\n<p>Holzfaserplatten, M\u00f6bel, T\u00fcren und Fensterrahmen, ebenso bereits mit Acryl gestrichene Untergr\u00fcnde. <span class=\"Apple-converted-space\">\u00a0 \u00a0<\/span><\/p>\n<p>Deckkraft 7 &#8211; 9 m\u00b2\/l<\/p>\n<p>Auftrag Pinsel oder Rolle<\/p>\n<p>Trocknungsdauer<span class=\"Apple-converted-space\">\u00a0 <\/span>trocken nach ca. 30 Minuten, n\u00e4chster Schichtauftrag nach 2 Stunden<\/p>\n<p>Gebinde 0,9 l, 2,7 l, 9 l<\/p>\n<p><b>Auftrag<\/b><\/p>\n<p>Noch unbehandeltes Holz: schleifen Sie das Holz und tragen Sie dann 2 Schichten Uula Into auf.<\/p>\n<p>Bereits gestrichenes Holz: tragen Sie die schlecht haftenden Schichten ab und s\u00e4ubern sowie schleifen Sie die verbleibenden Schichten.<\/p>\n<p><a href=\"https:\/\/arteconstructo.com\/wp-content\/uploads\/2016\/07\/Techn-Merkblatt-UULA-Into.pdf\">Die PDF Version finden Sie hier<\/a><\/p>\n","protected":false},"excerpt":{"rendered":"<p>UULA INTO\u00a0 FARBE F\u00dcR DEN INNENBEREICH\u00a0 Produktbeschreibung Uula Into ist ein l\u00f6sungsmittelfreier Farbanstrich f\u00fcr den Innenbereich.\u00a0 Die Bindemittel sind nat\u00fcrliche recycelte \u00d6le.\u00a0 Es werden keine synthetischen Inhaltsstoffe zugesetzt. Technische Eigenschaften Farben siehe Farbtabelle, weitere Farben auf Anfrage Anwendung f\u00fcr alle Holzuntergr\u00fcnde im Innenbereich, wie:\u00a0 Holzfaserplatten, M\u00f6bel, T\u00fcren und Fensterrahmen, ebenso bereits mit Acryl gestrichene Untergr\u00fcnde.&hellip;<\/p>\n","protected":false},"author":8,"featured_media":0,"parent":0,"menu_order":0,"comment_status":"closed","ping_status":"closed","template":"","meta":{"footnotes":""},"class_list":["post-17040","page","type-page","status-publish","hentry","description-off"],"_links":{"self":[{"href":"https:\/\/arteconstructo.com\/de\/wp-json\/wp\/v2\/pages\/17040","targetHints":{"allow":["GET"]}}],"collection":[{"href":"https:\/\/arteconstructo.com\/de\/wp-json\/wp\/v2\/pages"}],"about":[{"href":"https:\/\/arteconstructo.com\/de\/wp-json\/wp\/v2\/types\/page"}],"author":[{"embeddable":true,"href":"https:\/\/arteconstructo.com\/de\/wp-json\/wp\/v2\/users\/8"}],"replies":[{"embeddable":true,"href":"https:\/\/arteconstructo.com\/de\/wp-json\/wp\/v2\/comments?post=17040"}],"version-history":[{"count":0,"href":"https:\/\/arteconstructo.com\/de\/wp-json\/wp\/v2\/pages\/17040\/revisions"}],"wp:attachment":[{"href":"https:\/\/arteconstructo.com\/de\/wp-json\/wp\/v2\/media?parent=17040"}],"curies":[{"name":"wp","href":"https:\/\/api.w.org\/{rel}","templated":true}]}}