{"id":17039,"date":"2018-07-20T16:32:12","date_gmt":"2018-07-20T15:32:12","guid":{"rendered":"https:\/\/arteconstructo.com\/technische-datenblaetter\/uula\/lineco\/"},"modified":"2020-05-05T14:49:30","modified_gmt":"2020-05-05T13:49:30","slug":"uula-lineco","status":"publish","type":"page","link":"https:\/\/arteconstructo.com\/de\/uula-lineco\/","title":{"rendered":"UULA LINECO"},"content":{"rendered":"<div class=\"wpb-content-wrapper\"><p>[vc_row][vc_column][vc_column_text]<\/p>\n<p><b>LINECO<\/b><\/p>\n<p><b>HOLZFARBE F\u00dcR DEN INNEN- UND AUSSENBEREICH<\/b><\/p>\n<p><b>Produktbeschreibung<\/b><\/p>\n<p>Uula Leinsamen\u00f6lfarbe ist eine authentisch-traditionelle \u00d6lfarbe aus Lein\u00f6lfirnis (Lack) und Farbpigmenten f\u00fcr Holzoberfl\u00e4chen. Das Produkt ist l\u00f6sungsmittelfrei, ungiftig und sicher in der Anwendung. Lein\u00f6lfirnis als oxidierbares Bindemittel gew\u00e4hrleistet, dass die Farbschicht eine feuchtigkeitsdurchdringende Oberfl\u00e4che entwickelt die das Holz &#8220;atmen&#8221; l\u00e4sst. Feuchtigkeit dringt durch die Farbe nach aussen, sodass die Farbe nicht abbl\u00e4ttert und das Holz darunter nicht zu modern beginnt. Die Farbe trocknet langsam, wodurch eine ausgezeichnete Absorption und Adh\u00e4sion sichergestellt ist.<\/p>\n<p><b>Textur<\/b><\/p>\n<p>Typischer Glanz der charakteristisch f\u00fcr Leinsamen\u00f6lfarbe ist, die Textur wird sich allerdings \u00fcber die Jahre ver\u00e4ndern.<\/p>\n<p><b>Verwendungszweck<\/b><\/p>\n<p>Holzfl\u00e4chen im Innen- und Aussenbereich die unbehandelt sind oder mit Farben mit \u00d6l, Alkyd oder Kunststoff als Bindemittel gestrichen wurden, z.B. Aussenw\u00e4nde, T\u00fcren, Fensterrahmen, M\u00f6bel. Auch f\u00fcr den Anstrich verschiedener Putz- und Spachteluntergr\u00fcnde sowie f\u00fcr Blech wie z.B. Dichtungen, Abflussrohre etc. geeignet. N.B. Rostschutzfarbe wird f\u00fcr Blechoberfl\u00e4chen empfohlen.<\/p>\n<p><b>Deckkraft<\/b><\/p>\n<p>Gehobeltes Holz 10 -15 m<sup>2<\/sup>\/l, Schnittholz 8 -12 m<sup>2<\/sup><\/p>\n<p><b>Voraussetzungen<span class=\"Apple-converted-space\">\u00a0<\/span><\/b><\/p>\n<p>Die zu streichende Fl\u00e4che muss trocken sein, Holz muss einen Feuchtigkeitsgehalt unter 15% aufweisen. Die relative Luftfeuchtigkeit muss unter 80% liegen und die Umgebungstemperatur zumindest +10\u00b0C betragen.<span class=\"Apple-converted-space\">\u00a0<\/span><\/p>\n<p><span class=\"Apple-converted-space\">\u00a0 \u00a0<\/span><\/p>\n<p><b>Trocknungsdauer<\/b><span class=\"Apple-converted-space\">\u00a0<\/span><\/p>\n<p>+20\u00b0C, relative Luftfeuchtigkeit &lt;50%<span class=\"Apple-converted-space\">\u00a0<\/span><\/p>\n<p>Klebefrei nach 1 &#8211; 3 Tagen, umgebungsabh\u00e4ngig. Eine weitere Schicht kann fr\u00fchestens nach vier Tagen aufgetragen werden. HINWEIS: Hitze und Licht beschleunigen die Trocknung.<span class=\"Apple-converted-space\">\u00a0<\/span><\/p>\n<p><b>Gewicht<\/b><\/p>\n<p>Ca. 1,6 kg\/l.<span class=\"Apple-converted-space\">\u00a0<\/span><\/p>\n<p><span class=\"Apple-converted-space\">\u00a0 \u00a0<\/span><\/p>\n<p><b>Beh\u00e4ltergr\u00f6ssen <span class=\"Apple-converted-space\">\u00a0<\/span><\/b><\/p>\n<p>0,9 l, 2,7 l und 9 l.<span class=\"Apple-converted-space\">\u00a0<\/span><\/p>\n<p><span class=\"Apple-converted-space\">\u00a0 \u00a0<\/span><\/p>\n<p><b>Lagerung<\/b> <span class=\"Apple-converted-space\">\u00a0<\/span><\/p>\n<p>K\u00fchl und trocken lagern. Friert nicht. Bewahren Sie das Produkt ausserhalb der Reichweite von Kindern auf.<span class=\"Apple-converted-space\">\u00a0<\/span><\/p>\n<p>Vor dem Auftrag immer gut durchr\u00fchren, da sich die Pigmente im Laufe der Zeit ablagern. <span class=\"Apple-converted-space\">\u00a0 \u00a0<\/span><\/p>\n<p><a href=\"https:\/\/arteconstructo.com\/wp-content\/uploads\/2019\/09\/Techn-Merkblatt-UULA-Lineco.pdf\"><span class=\"Apple-converted-space\">Die PDF Version finden Sie hier<\/span><\/a><\/p>\n<p>[\/vc_column_text][\/vc_column][\/vc_row]<\/p>\n<\/div>","protected":false},"excerpt":{"rendered":"<p>[vc_row][vc_column][vc_column_text] LINECO HOLZFARBE F\u00dcR DEN INNEN- UND AUSSENBEREICH Produktbeschreibung Uula Leinsamen\u00f6lfarbe ist eine authentisch-traditionelle \u00d6lfarbe aus Lein\u00f6lfirnis (Lack) und Farbpigmenten f\u00fcr Holzoberfl\u00e4chen. Das Produkt ist l\u00f6sungsmittelfrei, ungiftig und sicher in der Anwendung. Lein\u00f6lfirnis als oxidierbares Bindemittel gew\u00e4hrleistet, dass die Farbschicht eine feuchtigkeitsdurchdringende Oberfl\u00e4che entwickelt die das Holz &#8220;atmen&#8221; l\u00e4sst. Feuchtigkeit dringt durch die Farbe nach&hellip;<\/p>\n","protected":false},"author":8,"featured_media":0,"parent":0,"menu_order":0,"comment_status":"closed","ping_status":"closed","template":"","meta":{"footnotes":""},"class_list":["post-17039","page","type-page","status-publish","hentry","description-off"],"_links":{"self":[{"href":"https:\/\/arteconstructo.com\/de\/wp-json\/wp\/v2\/pages\/17039","targetHints":{"allow":["GET"]}}],"collection":[{"href":"https:\/\/arteconstructo.com\/de\/wp-json\/wp\/v2\/pages"}],"about":[{"href":"https:\/\/arteconstructo.com\/de\/wp-json\/wp\/v2\/types\/page"}],"author":[{"embeddable":true,"href":"https:\/\/arteconstructo.com\/de\/wp-json\/wp\/v2\/users\/8"}],"replies":[{"embeddable":true,"href":"https:\/\/arteconstructo.com\/de\/wp-json\/wp\/v2\/comments?post=17039"}],"version-history":[{"count":0,"href":"https:\/\/arteconstructo.com\/de\/wp-json\/wp\/v2\/pages\/17039\/revisions"}],"wp:attachment":[{"href":"https:\/\/arteconstructo.com\/de\/wp-json\/wp\/v2\/media?parent=17039"}],"curies":[{"name":"wp","href":"https:\/\/api.w.org\/{rel}","templated":true}]}}