{"id":17038,"date":"2018-07-20T16:29:20","date_gmt":"2018-07-20T15:29:20","guid":{"rendered":"https:\/\/arteconstructo.com\/technische-datenblaetter\/coridecor\/rasadecor\/"},"modified":"2018-07-21T18:22:41","modified_gmt":"2018-07-21T17:22:41","slug":"rasadecor","status":"publish","type":"page","link":"https:\/\/arteconstructo.com\/de\/rasadecor\/","title":{"rendered":"RASADECOR"},"content":{"rendered":"<p><b>RASADECOR<\/b><\/p>\n<p><b>D\u00dcNNE KALKSPACHTELMASSE<\/b><\/p>\n<p><b>Produktbeschreibung<\/b><\/p>\n<p>Rasadecor ist eine mineralische Spachtelmasse zur Einebnung und Vorbereitung von Untergr\u00fcnden.<span class=\"Apple-converted-space\">\u00a0 <\/span>Rasadecor wird aus Sumpfkalk, einem Marmorpulver mit geeigneter K\u00f6rnung und ad\u00e4quaten mineralischen Zus\u00e4tzen zur optimale Haftung hergestellt.<\/p>\n<p><b>Anwendungsbereich<\/b><\/p>\n<p>Rasadecor<b> <\/b>kann im Innen- und Aussenbereich zur Ebnung von Untergr\u00fcnden und f\u00fcr den Ausgleich von Absorptionsunterschieden genutzt werden.<\/p>\n<p>Das Produkt haftet auf allen glatten Untergr\u00fcnden (alt oder neu).<\/p>\n<p>Mit der Spachtelmasse entsteht ein glatter und absorbierender Untergrund f\u00fcr die weitere Bearbeitung mit verschiedensten Deckschichten wie Kalklasuren, Silikatfarbe, Marmorbeschichtungen wie<span class=\"Apple-converted-space\">\u00a0 <\/span>Decorlux,<b> <\/b>Venestuk und anderen&#8230;<span class=\"Apple-converted-space\">\u00a0<\/span><\/p>\n<p><b>Technische Daten<\/b><\/p>\n<p>Bindemittel Sumpfkalk<\/p>\n<p>Mineralische Zus\u00e4tze kristallines Kalziumkarbonat<\/p>\n<p>L\u00f6sungsmittel Wasser<\/p>\n<p>Farbe Weiss<\/p>\n<p>Optik glatt, verschleiert und semitransparent<\/p>\n<p>Verbrauch 0,5 kg\/m\u00b2 pro Schicht (1 kg f\u00fcr 2 Schichten)<\/p>\n<p>Maximaldicke pro Schicht 0,4 &#8211; 0,5 mm<\/p>\n<p>Verpackung Paste in Gebinden zu 1 kg, 5 kg oder 25 kg<\/p>\n<p><b>Vorbereitung des Untergrunds<\/b><\/p>\n<p>Der Untergrund muss stabil sein und je nach Beschaffenheit vorsichtig vorbereitet werden.<span class=\"Apple-converted-space\">\u00a0 <\/span>Instabile Oberfl\u00e4chenbeschichtungen m\u00fcssen entfernt oder mit einem geeigneten Reiniger behandelt und vorsichtig abgeschliffen werden, wenn sie in einem guten Zustand sind.<span class=\"Apple-converted-space\">\u00a0 <\/span>Verwenden Sie den nat\u00fcrlichen hydraulischen Kalkm\u00f6rtel Unilit oder den Sumpfkalkputz Start um Steine und Fugen, besch\u00e4digte Mauerwerke und\/oder instabile Oberschichten mit mehr als 1 oder 2 mm auszubessern.<\/p>\n<p>Es wird insbesondere bei der Aussenanwendung empfohlen etwaige vorhandene Synthetikschichten vollst\u00e4ndig zu entfernen.<span class=\"Apple-converted-space\">\u00a0 <\/span>Deckschichten in gutem Zustand m\u00fcssen mit einer L\u00f6sung aus Wasser und Ammoniak (2 bis 5%) gereinigt und anschliessend vorsichtig geschliffen werden.<span class=\"Apple-converted-space\">\u00a0 <\/span>Tragen Sie eine Versiegelungsschicht Corifondo verd\u00fcnnt mit Wasser im Verh\u00e4ltnis 1 zu 3 auf die bestehende Deckschicht auf.<span class=\"Apple-converted-space\">\u00a0 <\/span>Tragen Sie keine Corifondo-Schicht auf externe Massivw\u00e4nde ohne Hohlraum auf.<\/p>\n<p><a href=\"https:\/\/arteconstructo.com\/wp-content\/uploads\/2016\/07\/Techn-Merkblatt-RASADECOR.pdf\">Die PDF Version finden Sie hier<\/a><\/p>\n","protected":false},"excerpt":{"rendered":"<p>RASADECOR D\u00dcNNE KALKSPACHTELMASSE Produktbeschreibung Rasadecor ist eine mineralische Spachtelmasse zur Einebnung und Vorbereitung von Untergr\u00fcnden.\u00a0 Rasadecor wird aus Sumpfkalk, einem Marmorpulver mit geeigneter K\u00f6rnung und ad\u00e4quaten mineralischen Zus\u00e4tzen zur optimale Haftung hergestellt. Anwendungsbereich Rasadecor kann im Innen- und Aussenbereich zur Ebnung von Untergr\u00fcnden und f\u00fcr den Ausgleich von Absorptionsunterschieden genutzt werden. Das Produkt haftet auf&hellip;<\/p>\n","protected":false},"author":8,"featured_media":0,"parent":0,"menu_order":0,"comment_status":"closed","ping_status":"closed","template":"","meta":{"footnotes":""},"class_list":["post-17038","page","type-page","status-publish","hentry","description-off"],"_links":{"self":[{"href":"https:\/\/arteconstructo.com\/de\/wp-json\/wp\/v2\/pages\/17038","targetHints":{"allow":["GET"]}}],"collection":[{"href":"https:\/\/arteconstructo.com\/de\/wp-json\/wp\/v2\/pages"}],"about":[{"href":"https:\/\/arteconstructo.com\/de\/wp-json\/wp\/v2\/types\/page"}],"author":[{"embeddable":true,"href":"https:\/\/arteconstructo.com\/de\/wp-json\/wp\/v2\/users\/8"}],"replies":[{"embeddable":true,"href":"https:\/\/arteconstructo.com\/de\/wp-json\/wp\/v2\/comments?post=17038"}],"version-history":[{"count":0,"href":"https:\/\/arteconstructo.com\/de\/wp-json\/wp\/v2\/pages\/17038\/revisions"}],"wp:attachment":[{"href":"https:\/\/arteconstructo.com\/de\/wp-json\/wp\/v2\/media?parent=17038"}],"curies":[{"name":"wp","href":"https:\/\/api.w.org\/{rel}","templated":true}]}}