{"id":17037,"date":"2018-07-20T16:28:31","date_gmt":"2018-07-20T15:28:31","guid":{"rendered":"https:\/\/arteconstructo.com\/technische-datenblaetter\/coridecor\/rasocal\/"},"modified":"2018-07-21T18:22:42","modified_gmt":"2018-07-21T17:22:42","slug":"rasocal","status":"publish","type":"page","link":"https:\/\/arteconstructo.com\/de\/rasocal\/","title":{"rendered":"RASOCAL"},"content":{"rendered":"<p><b>RASOCAL<\/b><\/p>\n<p><b>GEBRAUCHSFERTIGER KALKPUTZ MIT GLATTEM FINISH<\/b><\/p>\n<p><b>Produktbeschreibung<\/b><\/p>\n<p>Sumpfkalkmischung<\/p>\n<p>Reiner Sumpfkalk, ausgew\u00e4hlt und frei von Verunreinigungen<\/p>\n<p>Hitzeresistent<\/p>\n<p>Reparaturen und Restaurierungsarbeiten.<\/p>\n<p>Geeignet als feines, glattes Finish f\u00fcr Putze und Dekorationen.<\/p>\n<p>F\u00fcr Salz-und-Pfeffer-Effekte auf glattem Kalkputz.<\/p>\n<p><b>Geeignete Tr\u00e4germaterialien\/Untergr\u00fcnde &#8211; Innen- und Aussenbereich<\/b><\/p>\n<p>Vorbereitete Putzoberfl\u00e4chen<\/p>\n<p>Neue Schlussputze\/dreilagige Putze<\/p>\n<p><b>Auftrag<\/b><\/p>\n<p>Feuchten Sie den Untergrund mit Wasser an, wenn dieser sehr trocken ist.<\/p>\n<p>Stellen Sie sicher, dass die zu behandelnden Oberfl\u00e4chen frei von Staub, \u00d6l, Schmierfett und kontaminierenden Substanzen sind.<\/p>\n<p>Vermeiden Sie den Auftrag bei Temperaturen unter +5\u00b0C und mehr als +35\u00b0C.<\/p>\n<p>Tragen Sie zwei Schichten mit einer Kelle oder Traufel auf, um die Oberfl\u00e4che zu gl\u00e4tten.<\/p>\n<p>Feuchten Sie die Oberfl\u00e4che gegebenenfalls mit Wasser an, um sie mit einer Traufel oder Spachtel fertig zu bearbeiten.<\/p>\n<p><b>Haupteigenschaften<\/b><\/p>\n<p>Spezifisches Gewicht 1360g\/Liter<\/p>\n<p>pH \u00fcber 12<\/p>\n<p>Farbe Weiss<\/p>\n<p>Alkali-Resistenz keine \u00c4nderung<\/p>\n<p>Aush\u00e4rtung ca. 3 Stunden nach der Anwendung <span class=\"Apple-converted-space\">\u00a0<\/span><\/p>\n<p>\u2013 k\u00fcrzer bei h\u00f6heren Umgebungstemperaturen<\/p>\n<p>Durchschnittliche theoretische Ergiebigkeit 50m\u00b2 pro 22kg Packung<\/p>\n<p>Durchschnittlicher Verbrauch kg 0,400 kg \/ m\u00b2<\/p>\n<p><b>Verpackung und Lagerung<\/b><\/p>\n<p>22kg Kunststoffeimer<\/p>\n<p>Lagern Sie das Produkt k\u00fchl, trocken und vor Frost und direktem Sonnenlicht gesch\u00fctzt.<\/p>\n<p><a href=\"https:\/\/arteconstructo.com\/wp-content\/uploads\/2016\/07\/Techn-Merkblatt-RASOCAL.pdf\">Die PDF Version finden Sie hier<\/a><\/p>\n","protected":false},"excerpt":{"rendered":"<p>RASOCAL GEBRAUCHSFERTIGER KALKPUTZ MIT GLATTEM FINISH Produktbeschreibung Sumpfkalkmischung Reiner Sumpfkalk, ausgew\u00e4hlt und frei von Verunreinigungen Hitzeresistent Reparaturen und Restaurierungsarbeiten. Geeignet als feines, glattes Finish f\u00fcr Putze und Dekorationen. F\u00fcr Salz-und-Pfeffer-Effekte auf glattem Kalkputz. Geeignete Tr\u00e4germaterialien\/Untergr\u00fcnde &#8211; Innen- und Aussenbereich Vorbereitete Putzoberfl\u00e4chen Neue Schlussputze\/dreilagige Putze Auftrag Feuchten Sie den Untergrund mit Wasser an, wenn dieser sehr&hellip;<\/p>\n","protected":false},"author":8,"featured_media":0,"parent":0,"menu_order":0,"comment_status":"closed","ping_status":"closed","template":"","meta":{"footnotes":""},"class_list":["post-17037","page","type-page","status-publish","hentry","description-off"],"_links":{"self":[{"href":"https:\/\/arteconstructo.com\/de\/wp-json\/wp\/v2\/pages\/17037","targetHints":{"allow":["GET"]}}],"collection":[{"href":"https:\/\/arteconstructo.com\/de\/wp-json\/wp\/v2\/pages"}],"about":[{"href":"https:\/\/arteconstructo.com\/de\/wp-json\/wp\/v2\/types\/page"}],"author":[{"embeddable":true,"href":"https:\/\/arteconstructo.com\/de\/wp-json\/wp\/v2\/users\/8"}],"replies":[{"embeddable":true,"href":"https:\/\/arteconstructo.com\/de\/wp-json\/wp\/v2\/comments?post=17037"}],"version-history":[{"count":0,"href":"https:\/\/arteconstructo.com\/de\/wp-json\/wp\/v2\/pages\/17037\/revisions"}],"wp:attachment":[{"href":"https:\/\/arteconstructo.com\/de\/wp-json\/wp\/v2\/media?parent=17037"}],"curies":[{"name":"wp","href":"https:\/\/api.w.org\/{rel}","templated":true}]}}