{"id":17036,"date":"2018-07-20T16:27:13","date_gmt":"2018-07-20T15:27:13","guid":{"rendered":"https:\/\/arteconstructo.com\/technische-datenblaetter\/coridecor\/plastelux\/"},"modified":"2018-07-21T18:22:41","modified_gmt":"2018-07-21T17:22:41","slug":"plastelux","status":"publish","type":"page","link":"https:\/\/arteconstructo.com\/de\/plastelux\/","title":{"rendered":"PLASTELUX"},"content":{"rendered":"<p><b>PLASTELUX<\/b><\/p>\n<p><b>Versiegelung f\u00fcr venezianischen Stuck<\/b><\/p>\n<p><b>Produktbeschreibung<\/b><\/p>\n<p>Plastelux wird aus Kalk, Leinsamen\u00f6l und speziellen mineralischen Pigmenten als Versiegelung f\u00fcr venezianischen Stuck hergestellt. Durch den Auftrag von Plastelux werden die dekorativen Effekte von allen venezianischen Putzen in ihrer Farbe und Tiefe verst\u00e4rkt und ein Hochglanzfinish erzeugt.<span class=\"Apple-converted-space\">\u00a0<\/span><\/p>\n<p>Plastelux ist wasserresistent und abwaschbar und kann im gesamten Innenbereich zur Anwendung kommen, auch in Bereichen mit Kondensation wie zum beispiel in badezimmern.<\/p>\n<p><b>Technische Eigenschaften<\/b><\/p>\n<p>Gewicht 1650 g\/Liter.<\/p>\n<p>pH 12<\/p>\n<p>Trocknungsdauer 2-3 Tage abh\u00e4ngig von den Wetterbedingungen.<\/p>\n<p>Vollst\u00e4ndige Aush\u00e4rtung 1 Monat.<\/p>\n<p>Deckkraft 0,3 bis 1,0 kg\/m\u00b2 je nach Untergrund<span class=\"Apple-converted-space\">\u00a0<\/span><\/p>\n<p>(Plastelux kann bei Bedarf mit Terpentinersatz verd\u00fcnnt werden)<\/p>\n<p>Packungsgr\u00f6ssen 5kg or 25kg Gebinde.<\/p>\n<p><b>Auftrag<\/b><\/p>\n<p>Plastelux ist waschbar und fleckenbest\u00e4ndig und erzeugt einen Glasureffekt auf venezianischem Stuck. Die Oberfl\u00e4che von Plastelux muss nicht gewachst werden, da die Struktur Reparaturen durch erneutes \u00dcberstreichen oder einzelne Ausbesserungsarbeiten erleichtert.<\/p>\n<p>Der Auftrag von Plastelux erfolgt mit einer speziellen Edelstahlkelle oder -spachtel in zwei oder drei Schichten.<\/p>\n<p><a href=\"https:\/\/arteconstructo.com\/wp-content\/uploads\/2016\/07\/Techn-Merkblatt-PLASTELUX.pdf\">Die PDF Version finden Sie hier<\/a><\/p>\n","protected":false},"excerpt":{"rendered":"<p>PLASTELUX Versiegelung f\u00fcr venezianischen Stuck Produktbeschreibung Plastelux wird aus Kalk, Leinsamen\u00f6l und speziellen mineralischen Pigmenten als Versiegelung f\u00fcr venezianischen Stuck hergestellt. Durch den Auftrag von Plastelux werden die dekorativen Effekte von allen venezianischen Putzen in ihrer Farbe und Tiefe verst\u00e4rkt und ein Hochglanzfinish erzeugt.\u00a0 Plastelux ist wasserresistent und abwaschbar und kann im gesamten Innenbereich zur&hellip;<\/p>\n","protected":false},"author":8,"featured_media":0,"parent":0,"menu_order":0,"comment_status":"closed","ping_status":"closed","template":"","meta":{"footnotes":""},"class_list":["post-17036","page","type-page","status-publish","hentry","description-off"],"_links":{"self":[{"href":"https:\/\/arteconstructo.com\/de\/wp-json\/wp\/v2\/pages\/17036","targetHints":{"allow":["GET"]}}],"collection":[{"href":"https:\/\/arteconstructo.com\/de\/wp-json\/wp\/v2\/pages"}],"about":[{"href":"https:\/\/arteconstructo.com\/de\/wp-json\/wp\/v2\/types\/page"}],"author":[{"embeddable":true,"href":"https:\/\/arteconstructo.com\/de\/wp-json\/wp\/v2\/users\/8"}],"replies":[{"embeddable":true,"href":"https:\/\/arteconstructo.com\/de\/wp-json\/wp\/v2\/comments?post=17036"}],"version-history":[{"count":0,"href":"https:\/\/arteconstructo.com\/de\/wp-json\/wp\/v2\/pages\/17036\/revisions"}],"wp:attachment":[{"href":"https:\/\/arteconstructo.com\/de\/wp-json\/wp\/v2\/media?parent=17036"}],"curies":[{"name":"wp","href":"https:\/\/api.w.org\/{rel}","templated":true}]}}