{"id":17035,"date":"2018-07-20T16:26:31","date_gmt":"2018-07-20T15:26:31","guid":{"rendered":"https:\/\/arteconstructo.com\/technische-datenblaetter\/coridecor\/venestuk\/"},"modified":"2018-07-21T18:22:43","modified_gmt":"2018-07-21T17:22:43","slug":"venestuk","status":"publish","type":"page","link":"https:\/\/arteconstructo.com\/de\/venestuk\/","title":{"rendered":"VENESTUK"},"content":{"rendered":"<p><b>VENESTUK<\/b><\/p>\n<p><b>VENEZIANISCHER STUCK<\/b><\/p>\n<p><b>Produktbeschreibung<\/b><\/p>\n<p>Die Verwendung von &#8220;Stucco Lucido&#8221; reicht weit in die Geschichte zur\u00fcck und war vor allem in der Renaissance und im Barock weit verbreitet &#8211; vor allem in der venezianischen Region Italiens.<span class=\"Apple-converted-space\">\u00a0<\/span><\/p>\n<p>Venestuk ist eine Nachbildung dieser Kunstform die von Meisterstuckateuren der vergangenen Zeiten perfektioniert wurde. Moderne Produktionstechniken haben es erm\u00f6glicht die einzigartigen Eigenschaften von \u201eStucco Lucido\u201c zu verbessern. Venestuk wird aus abgelagertem Sumpfkalk, hochwertigsten Gem\u00fcseextrakten, Kohlenstoffen, Mineralpigmenten und sorgf\u00e4ltig ausgew\u00e4hlten nat\u00fcrlichen F\u00fcllstoffen hergestellt, die die Leistungsf\u00e4higkeit und Anwendung einfacher gestalten als in vergangenen Zeiten.<\/p>\n<p>Venestuk ist f\u00fcr die Innenanwendung an Decken und W\u00e4nden geeignet, um attraktive und einzigartig-\u00e4sthetische Effekte zu erzeugen. Der ausserordentlich geschmeidige, transluzente und polierte Dekorstuck erm\u00f6glicht es dem K\u00fcnstler mit Effekten zu experimentieren, die strukturreich, zart schattiert und ideal f\u00fcr die k\u00fcnstlerische Nutzung von Licht und Schatten zur Schaffung spezieller Effekte sind.<span class=\"Apple-converted-space\">\u00a0<\/span><\/p>\n<p><b>Technische Eigenschaften<\/b><\/p>\n<p>Gewicht 1750 g\/Liter.<\/p>\n<p>pH 12<\/p>\n<p>Trocknungsdauer 2-3 Tage abh\u00e4ngig von den Wetterbedingungen.<\/p>\n<p>Vollst\u00e4ndige Aush\u00e4rtung 1 Monat.<\/p>\n<p>Deckkraft 1,5 kg\/m\u00b2 je nach Untergrund<\/p>\n<p><b>Auftrag<\/b><\/p>\n<p>Der ideale Untergrund f\u00fcr Venestuk ist neu aufgetragener Kalkputz, da der Auftrag bei diesem Untergrund ohne Bindemittel erfolgen kann. Der Untergrund muss vorbereitet werden, wenn Venestuk auf synthetische Untergr\u00fcnde vorheriger Farbauftr\u00e4ge, Zementputze, Gips oder Beton aufgetragen werden soll.<\/p>\n<p>Corifondo sollte als Haftbr\u00fccke f\u00fcr Beton oder Zement und Coridecor Start f\u00fcr Gips oder zuvor aufgetragene Schichten genutzt werden.<\/p>\n<p>Venestuk wird in Pastenform gebrauchsfertig geliefert und muss vor dem Auftrag nur mehr aufger\u00fchrt werden. Der jeweilige Untegrund sollte leicht angefeuchtet werden um die Saugf\u00e4higkeit zu kontrollieren und die Temperaturen sollten zwischen 5\u00b0C und 35\u00b0C liegen.<\/p>\n<p>Der Auftrag von Venestuk erfolgt mit einer speziellen Edelstahlkelle oder -spachtel in zwei oder drei Schichten. Die Schichten sollten jeweils nicht dicker als 0,3 bis 0,5 mm sein und m\u00fcssen aufgetragen werden, bevor die darunter liegende Schicht vollst\u00e4ndig getrocknet ist. Venestuk wird diagonal zur vorhergehenden Schicht aufgetragen, um ein willk\u00fcrliches gleichm\u00e4ssiges Ergebnis zu erzielen. Wenn das aufgetragene Material zu trocknen beginnt, werden die zwei Schichten mit der Kelle zu einer einheitlichen dekorativen Oberfl\u00e4che verblendet und ergeben ein einzigartiges Finish.<\/p>\n<p>Die Oberfl\u00e4che wird mit einem Woll- oder Baumwolltuch gl\u00e4nzend poliert oder mit Bienenwachs als Schutzschicht versiegelt. Das Wachsen sollte erst nach der Endkontrolle erfolgen, da Ausbesserungsarbeiten ohne Entfernung der Wachsschicht schwierig sind. Die Wachsschicht verst\u00e4rkt die Farbtiefe und ist durch die abwaschbare Oberfl\u00e4che schmutzabweisend.<\/p>\n<p><b>Packungsgr\u00f6ssen<\/b><\/p>\n<p>25 kg und 5 kg Kunststoffeimer.<\/p>\n<p><a href=\"https:\/\/arteconstructo.com\/wp-content\/uploads\/2016\/07\/Techn-Merkblatt-VENESTUK.pdf\">Die PDF Version finden Sie hier<\/a><\/p>\n","protected":false},"excerpt":{"rendered":"<p>VENESTUK VENEZIANISCHER STUCK Produktbeschreibung Die Verwendung von &#8220;Stucco Lucido&#8221; reicht weit in die Geschichte zur\u00fcck und war vor allem in der Renaissance und im Barock weit verbreitet &#8211; vor allem in der venezianischen Region Italiens.\u00a0 Venestuk ist eine Nachbildung dieser Kunstform die von Meisterstuckateuren der vergangenen Zeiten perfektioniert wurde. Moderne Produktionstechniken haben es erm\u00f6glicht die&hellip;<\/p>\n","protected":false},"author":8,"featured_media":0,"parent":0,"menu_order":0,"comment_status":"closed","ping_status":"closed","template":"","meta":{"footnotes":""},"class_list":["post-17035","page","type-page","status-publish","hentry","description-off"],"_links":{"self":[{"href":"https:\/\/arteconstructo.com\/de\/wp-json\/wp\/v2\/pages\/17035","targetHints":{"allow":["GET"]}}],"collection":[{"href":"https:\/\/arteconstructo.com\/de\/wp-json\/wp\/v2\/pages"}],"about":[{"href":"https:\/\/arteconstructo.com\/de\/wp-json\/wp\/v2\/types\/page"}],"author":[{"embeddable":true,"href":"https:\/\/arteconstructo.com\/de\/wp-json\/wp\/v2\/users\/8"}],"replies":[{"embeddable":true,"href":"https:\/\/arteconstructo.com\/de\/wp-json\/wp\/v2\/comments?post=17035"}],"version-history":[{"count":0,"href":"https:\/\/arteconstructo.com\/de\/wp-json\/wp\/v2\/pages\/17035\/revisions"}],"wp:attachment":[{"href":"https:\/\/arteconstructo.com\/de\/wp-json\/wp\/v2\/media?parent=17035"}],"curies":[{"name":"wp","href":"https:\/\/api.w.org\/{rel}","templated":true}]}}