{"id":17034,"date":"2018-07-20T16:25:45","date_gmt":"2018-07-20T15:25:45","guid":{"rendered":"https:\/\/arteconstructo.com\/technische-datenblaetter\/coridecor\/decorlux\/"},"modified":"2018-07-21T18:22:38","modified_gmt":"2018-07-21T17:22:38","slug":"decorlux","status":"publish","type":"page","link":"https:\/\/arteconstructo.com\/de\/decorlux\/","title":{"rendered":"DECORLUX"},"content":{"rendered":"<p><b>DECORLUX<\/b><\/p>\n<p><b>Produktbeschreibung<\/b><\/p>\n<p>Decorlux ist eine gebrauchsfertige Marmoroberfl\u00e4chenbeschichtung f\u00fcr den Innenbereich.<span class=\"Apple-converted-space\">\u00a0 <\/span>Es ist ein reines Mineralprodukt.<span class=\"Apple-converted-space\">\u00a0 <\/span>Das Produkt besteht haupts\u00e4chlich aus aufbereitetem Sumpfkalk der aus ausgew\u00e4hlten Rohmaterialien produziert wird.<\/p>\n<p><b>Deckkraft<\/b><\/p>\n<p>0,3 bis 1 kg\/m\u00b2, je nach Untergrund<\/p>\n<p><b>Farbe<\/b><\/p>\n<p>Das Produkt ist in Naturweiss sowie in 20 Fertigfarben verf\u00fcgbar.<span class=\"Apple-converted-space\">\u00a0 <\/span>Die Coridecor Oxidfarbkonzentrate k\u00f6nnen zur Herstellung individueller Farben genutzt werden.<\/p>\n<p><b>Verwendung<\/b><\/p>\n<p>Vorbereitung<\/p>\n<p>Corifondo sollte als Grundierung genutzt werden, bevor Decorlux auf synthetische oder gipshaltige Untergr\u00fcnde aufgetragen wird.<span class=\"Apple-converted-space\">\u00a0 <\/span>Diese Grundierung dient als Untergrund f\u00fcr Coridecor Stuckaturprodukte.<span class=\"Apple-converted-space\">\u00a0 <\/span>Die Grundierung ist ein Untergrund der Decorlux gleichm\u00e4ssig absorbiert und gute Haftf\u00e4higkeit bietet.<span class=\"Apple-converted-space\">\u00a0 <\/span>Die Dampfdurchl\u00e4ssigkeit bleibt ebenfalls erhalten.<span class=\"Apple-converted-space\">\u00a0 <\/span>Corifondo kann mit Wasser verd\u00fcnnt werden (20 bis 50%), abh\u00e4ngig von der Absorptionsf\u00e4higkeit des Untergrunds. <span class=\"Apple-converted-space\">\u00a0<\/span><\/p>\n<p>Untergrundarten<\/p>\n<p>Gips, Kalk, Kalkzement und Zementputz<\/p>\n<p>Entfernen Sie zun\u00e4chst den Staub vom Putz, tragen Sie danach einen Grundanstrich oder einen d\u00fcnnen Putz auf und applizieren Sie dann Corifondo als Grundierung.<\/p>\n<p>Beton<\/p>\n<p>Beton sollte mit einem geeigneten Grundanstrich behandelt werden, bevor Corifondo als Grundierung aufgebracht wird.<\/p>\n<p>Gips- und Spanplatten<\/p>\n<p>Gips- und Spanplatten m\u00fcssen mit einer geeigneten Grundierung oder einem Putz gegl\u00e4ttet werden, bevor Corifondo als Grundschicht aufgetragen werden kann.<\/p>\n<p>Der Untergrund muss g\u00e4nzlich trocken und stabil sein, bevor die Grundierung aufgetragen wird.<span class=\"Apple-converted-space\">\u00a0 <\/span>Lose oder sich abl\u00f6sende Farbschichten sowie Kalk- und Leimfarbe sollten entfernt werden. Lassen Sie die Corifondoschicht gut durchtrocknen (12 Stunden), bevor Sie Decorlux auftragen.<\/p>\n<p><b>Anwendung von Decorlux<\/b><\/p>\n<p>Tragen Sie Decorlux mit der flexiblen 80 x 200 Kelle der 120 x 280 Edelstahlkelle auf.<span class=\"Apple-converted-space\">\u00a0 <\/span>Arbeiten Sie in kleinen Schritten (abdeckend), zumindest in drei Schichten.<\/p>\n<p>Sobald die Oberfl\u00e4che ebenm\u00e4ssig ist k\u00f6nnen Sie mit dem Polieren beginnen.<span class=\"Apple-converted-space\">\u00a0 <\/span>Wiederum ist das richtige Werkzeug von enormer Bedeutung.<span class=\"Apple-converted-space\">\u00a0 <\/span>Reinigen Sie die flexible Kelle mit 300er K\u00f6rnung Sandpapier.<span class=\"Apple-converted-space\">\u00a0 <\/span>Es wird empfohlen dass Sie keine Deckschicht aus Wachs auf Decorlux Oberfl\u00e4chen auftragen.<span class=\"Apple-converted-space\">\u00a0 <\/span>Die Oberfl\u00e4che wird auch ohne Wachs gl\u00e4nzen und kann jederzeit repariert werden.<span class=\"Apple-converted-space\">\u00a0 <\/span>Coridecor Plastelux kann dort zur Anwendung kommen wo abwaschbare Oberfl\u00e4chen ben\u00f6tigt werden (Restaurants, Hotels, \u00f6ffentliche Geb\u00e4ude und R\u00e4ume mit hoher Luftfeuchtigkeit).<\/p>\n<p><b>Packungsgr\u00f6ssen<\/b><\/p>\n<p>25 kg und 5 kg Kunststoffeimer.<\/p>\n<p><a href=\"https:\/\/arteconstructo.com\/wp-content\/uploads\/2016\/07\/Techn-Merkblatt-DECORLUX.pdf\">Die PDF Version finden Sie hier<\/a><\/p>\n","protected":false},"excerpt":{"rendered":"<p>DECORLUX Produktbeschreibung Decorlux ist eine gebrauchsfertige Marmoroberfl\u00e4chenbeschichtung f\u00fcr den Innenbereich.\u00a0 Es ist ein reines Mineralprodukt.\u00a0 Das Produkt besteht haupts\u00e4chlich aus aufbereitetem Sumpfkalk der aus ausgew\u00e4hlten Rohmaterialien produziert wird. Deckkraft 0,3 bis 1 kg\/m\u00b2, je nach Untergrund Farbe Das Produkt ist in Naturweiss sowie in 20 Fertigfarben verf\u00fcgbar.\u00a0 Die Coridecor Oxidfarbkonzentrate k\u00f6nnen zur Herstellung individueller Farben&hellip;<\/p>\n","protected":false},"author":8,"featured_media":0,"parent":0,"menu_order":0,"comment_status":"closed","ping_status":"closed","template":"","meta":{"footnotes":""},"class_list":["post-17034","page","type-page","status-publish","hentry","description-off"],"_links":{"self":[{"href":"https:\/\/arteconstructo.com\/de\/wp-json\/wp\/v2\/pages\/17034","targetHints":{"allow":["GET"]}}],"collection":[{"href":"https:\/\/arteconstructo.com\/de\/wp-json\/wp\/v2\/pages"}],"about":[{"href":"https:\/\/arteconstructo.com\/de\/wp-json\/wp\/v2\/types\/page"}],"author":[{"embeddable":true,"href":"https:\/\/arteconstructo.com\/de\/wp-json\/wp\/v2\/users\/8"}],"replies":[{"embeddable":true,"href":"https:\/\/arteconstructo.com\/de\/wp-json\/wp\/v2\/comments?post=17034"}],"version-history":[{"count":0,"href":"https:\/\/arteconstructo.com\/de\/wp-json\/wp\/v2\/pages\/17034\/revisions"}],"wp:attachment":[{"href":"https:\/\/arteconstructo.com\/de\/wp-json\/wp\/v2\/media?parent=17034"}],"curies":[{"name":"wp","href":"https:\/\/api.w.org\/{rel}","templated":true}]}}