{"id":17033,"date":"2018-07-20T16:24:16","date_gmt":"2018-07-20T15:24:16","guid":{"rendered":"https:\/\/arteconstructo.com\/technische-datenblaetter\/coridecor\/start\/"},"modified":"2018-07-21T18:22:43","modified_gmt":"2018-07-21T17:22:43","slug":"start","status":"publish","type":"page","link":"https:\/\/arteconstructo.com\/de\/start\/","title":{"rendered":"START"},"content":{"rendered":"<p><b>START<\/b><\/p>\n<p><b>KALKBINDESCHICHT<\/b><\/p>\n<p><b>Produktbeschreibung<\/b><\/p>\n<p>Start ist ein nat\u00fcrlicher, weisser Pastenputz aus abgelagertem Sumpfkalk, Marmorpulver, Silikaten und ausgew\u00e4hlten Zus\u00e4tzen f\u00fcr bessere Haftung auf schlechten Untergr\u00fcnden mit ausgezeichneter Verarbeitbarkeit.<\/p>\n<p>Aufgrund der Dampfdurchl\u00e4ssigkeit kann Start auch als Oberfl\u00e4chenbeschichtung verwendet werden. Zum Polieren und perfekt als Untergrund f\u00fcr mineralische Farben geeignet. Das Material ist aufgrund der exzellenten Haftung und einfach Anwendung ideal f\u00fcr unsichtbare gr\u00f6ssere Reparaturen an Untergr\u00fcnden geeignet. Start trocknet mit ausgezeichneter mechanischer Belastbarkeit schnell auf und verf\u00fcgt \u00fcber eine einheitliche Oberfl\u00e4chenstruktur. Das Produkt ist ausserdem hitzeresistent.<\/p>\n<p>Start kann sowohl bei Restaurationen und Sanierungen als auch zur Vorbereitung f\u00fcr Dekorationen oder Reparaturen von nicht zufriedenstellenden Putzen verwendet werden.<\/p>\n<p><b>Technische Eigenschaften<\/b><\/p>\n<p>Gewicht 2000 g\/l<\/p>\n<p>pH &gt; 12<\/p>\n<p>K\u00f6rnungsgr\u00f6sse max. 0,5 mm<\/p>\n<p>Trocknungszeit ca. 3 Stunden<\/p>\n<p>Verbrauch 2,0 \u2013 2,4 kg\/m\u00b2<\/p>\n<p>Packungsgr\u00f6ssen 5 kg or 25 kg Gebinde.<\/p>\n<p><b>Auftrag <span class=\"Apple-converted-space\">\u00a0<\/span><\/b><\/p>\n<p>Start ist ein Bindemittel oder ein ausgleichender Putz zur Vorbereitung aller synthetischen oder schlechten Untergr\u00fcnde, Gipsplatten, mineralischen oder zementh\u00e4ltigen Untergr\u00fcnde etc. vor der Anwendung von Sumpfkalkputzen oder Farben.<\/p>\n<p>Start kann in Innen- und Aussenbereichen verwendet werden.<\/p>\n<p>DIe Untergr\u00fcnde sollten sauber und frei von Verschmutzungen, \u00d6l und Schmierfett sein. Wenn der Untergrund zuvor mit einer impr\u00e4gnierenden Versiegelung aus Silikon oder \u00c4hnlichem behandelt wurde, dann sollten Sie sich von unserem technischen Kundendienst beraten lassen.<\/p>\n<p>Start sollte bei einer Umgebungstemperatur zwischen 5\u00b0C und 35\u00b0C aufgebracht werden.<\/p>\n<p>Start wird mit einer Kelle in zwei Schichten aufgetragen, um ein perfekt glattes Ergebnis zu erzielen. Die Dicke der Schicht sollte 1 bis 3 mm betragen. Das Material kann gew\u00e4ssert und mit einem Schwamm oder einer Traufel aufgetragen werden, um ein einheitliches Finish zu erhalten.<\/p>\n<p><a href=\"https:\/\/arteconstructo.com\/wp-content\/uploads\/2016\/07\/Techn-Merkblatt-START.pdf\">Die PDF Version finden Sie hier<\/a><\/p>\n","protected":false},"excerpt":{"rendered":"<p>START KALKBINDESCHICHT Produktbeschreibung Start ist ein nat\u00fcrlicher, weisser Pastenputz aus abgelagertem Sumpfkalk, Marmorpulver, Silikaten und ausgew\u00e4hlten Zus\u00e4tzen f\u00fcr bessere Haftung auf schlechten Untergr\u00fcnden mit ausgezeichneter Verarbeitbarkeit. Aufgrund der Dampfdurchl\u00e4ssigkeit kann Start auch als Oberfl\u00e4chenbeschichtung verwendet werden. Zum Polieren und perfekt als Untergrund f\u00fcr mineralische Farben geeignet. Das Material ist aufgrund der exzellenten Haftung und einfach&hellip;<\/p>\n","protected":false},"author":8,"featured_media":0,"parent":0,"menu_order":0,"comment_status":"closed","ping_status":"closed","template":"","meta":{"footnotes":""},"class_list":["post-17033","page","type-page","status-publish","hentry","description-off"],"_links":{"self":[{"href":"https:\/\/arteconstructo.com\/de\/wp-json\/wp\/v2\/pages\/17033","targetHints":{"allow":["GET"]}}],"collection":[{"href":"https:\/\/arteconstructo.com\/de\/wp-json\/wp\/v2\/pages"}],"about":[{"href":"https:\/\/arteconstructo.com\/de\/wp-json\/wp\/v2\/types\/page"}],"author":[{"embeddable":true,"href":"https:\/\/arteconstructo.com\/de\/wp-json\/wp\/v2\/users\/8"}],"replies":[{"embeddable":true,"href":"https:\/\/arteconstructo.com\/de\/wp-json\/wp\/v2\/comments?post=17033"}],"version-history":[{"count":0,"href":"https:\/\/arteconstructo.com\/de\/wp-json\/wp\/v2\/pages\/17033\/revisions"}],"wp:attachment":[{"href":"https:\/\/arteconstructo.com\/de\/wp-json\/wp\/v2\/media?parent=17033"}],"curies":[{"name":"wp","href":"https:\/\/api.w.org\/{rel}","templated":true}]}}