{"id":17032,"date":"2018-07-20T16:23:24","date_gmt":"2018-07-20T15:23:24","guid":{"rendered":"https:\/\/arteconstructo.com\/technische-datenblaetter\/coridecor\/coristil\/"},"modified":"2018-07-21T18:22:38","modified_gmt":"2018-07-21T17:22:38","slug":"coristil","status":"publish","type":"page","link":"https:\/\/arteconstructo.com\/de\/coristil\/","title":{"rendered":"CORISTIL"},"content":{"rendered":"<p><b>CORISTIL<\/b><\/p>\n<p><b>Produktbeschreibung<\/b><\/p>\n<p>Abgelagerter gel\u00f6schter Kalk, ausgew\u00e4hlte Marmormehle, spezielle Fasern und Zus\u00e4tze, die das Produkt \u00e4ussert haftstark machen.<\/p>\n<p>D\u00fcnne Wandbeschichtung mit wertvollem, \u00e4sthetischem Finish.<\/p>\n<p>Mit einem gleichm\u00e4ssigen, tr\u00fcben und halbpolierten Ergebnis gem\u00e4ss Endverarbeitungsgrad.<\/p>\n<p>Coristil ist permeabel und bietet eine gute Wasserdampfdurchl\u00e4ssigkeit. Die speziellen Fasern verleihen dem Produkt eine verst\u00e4rkte Struktur und gew\u00e4hrleisten eine ausgezeichnete Konsistenz und Langlebigkeit. Durch die \u00e4sthetischen und qualitativen Eigenschaften findet Coristil haupts\u00e4chlich bei Restaurierungsarbeiten Anwendung, ist allerdings auch f\u00fcr Neuprojekte geeignet.<\/p>\n<p><b>Untergrundbeschaffenheit<\/b><\/p>\n<p>Es wird empfohlen Coristil direkt auf den Untergrund ohne Vorbehandlung aufzutragen. Das Produkt kann allerdings auch auf eine wasserbasierende Basis aufgetragen werden, sofern die Farbe \u00fcber eine gute Haftung und Porosit\u00e4t und Rauheit verf\u00fcgt. Wenn der Untergrund allerdings mit mehreren Farbschichten bedeckt ist empfiehlt es sich diese vorsichtig abzutragen.<\/p>\n<p>Bei br\u00fcchigen, hochabsorbierenden Untergr\u00fcnden muss vor Anwendung eine Schicht transparenter Fondodecor zu 100% verd\u00fcnnt mit Wasser aufgetragen werden.<\/p>\n<p><b>Vorbereitung und Auftrag<\/b><\/p>\n<p>Coristil wird anwendungsfertig geliefert. Feuchten Sie den Untergrund vor Auftrag an, insbesondere in den warmen Sommermonaten. Tragen Sie Coristil mit einer Edelstahltraufel auf und stellen Sie sicher, dass das Produkt gleichm\u00e4ssig verteilt wird. Tragen Sie mit Druck eine zweite Schicht auf, wenn die erste Schicht komplett getrocknet ist. Tragen Sie das restliche Produkt auf, w\u00e4hrend die zweite Schicht trocknet, um kleine Bereiche auszubessern. Polieren Sie die Oberfl\u00e4che abschliessend mit einer Kunststofftraufel.<\/p>\n<p><b>Haupteigenschaften<\/b><\/p>\n<p>Aussehen: glatt und poliert<\/p>\n<p>Spezifisches Gewicht: 1670 g\/l<span class=\"Apple-converted-space\">\u00a0 <\/span>+\/-20<\/p>\n<p>pH: 13<\/p>\n<p>Verbrauch: 1,5 \u2013 2,2 kg \/ m\u00b2 je nach Untergrund<\/p>\n<p>Trocknung: vor Regen gesch\u00fctzt, 2\/3 Tage<\/p>\n<p>Maximale Aush\u00e4rtung: ungef\u00e4hr 1 Monat<\/p>\n<p>Farben Weiss + Farbtabelle<\/p>\n<p>Packungsgr\u00f6ssen 5 &#8211; 25 kg Kunststoffeimer<\/p>\n<p>K\u00fchl und trocken bei Umgebungstemperaturen zwischen 3\u00b0C und 35\u00b0C aufbewahren.<\/p>\n<p><a href=\"https:\/\/arteconstructo.com\/wp-content\/uploads\/2016\/07\/Techn-Merkblatt-CORISTIL.pdf\">Die PDF Version finden Sie hier<\/a><\/p>\n","protected":false},"excerpt":{"rendered":"<p>CORISTIL Produktbeschreibung Abgelagerter gel\u00f6schter Kalk, ausgew\u00e4hlte Marmormehle, spezielle Fasern und Zus\u00e4tze, die das Produkt \u00e4ussert haftstark machen. D\u00fcnne Wandbeschichtung mit wertvollem, \u00e4sthetischem Finish. Mit einem gleichm\u00e4ssigen, tr\u00fcben und halbpolierten Ergebnis gem\u00e4ss Endverarbeitungsgrad. Coristil ist permeabel und bietet eine gute Wasserdampfdurchl\u00e4ssigkeit. Die speziellen Fasern verleihen dem Produkt eine verst\u00e4rkte Struktur und gew\u00e4hrleisten eine ausgezeichnete Konsistenz und&hellip;<\/p>\n","protected":false},"author":8,"featured_media":0,"parent":0,"menu_order":0,"comment_status":"closed","ping_status":"closed","template":"","meta":{"footnotes":""},"class_list":["post-17032","page","type-page","status-publish","hentry","description-off"],"_links":{"self":[{"href":"https:\/\/arteconstructo.com\/de\/wp-json\/wp\/v2\/pages\/17032","targetHints":{"allow":["GET"]}}],"collection":[{"href":"https:\/\/arteconstructo.com\/de\/wp-json\/wp\/v2\/pages"}],"about":[{"href":"https:\/\/arteconstructo.com\/de\/wp-json\/wp\/v2\/types\/page"}],"author":[{"embeddable":true,"href":"https:\/\/arteconstructo.com\/de\/wp-json\/wp\/v2\/users\/8"}],"replies":[{"embeddable":true,"href":"https:\/\/arteconstructo.com\/de\/wp-json\/wp\/v2\/comments?post=17032"}],"version-history":[{"count":0,"href":"https:\/\/arteconstructo.com\/de\/wp-json\/wp\/v2\/pages\/17032\/revisions"}],"wp:attachment":[{"href":"https:\/\/arteconstructo.com\/de\/wp-json\/wp\/v2\/media?parent=17032"}],"curies":[{"name":"wp","href":"https:\/\/api.w.org\/{rel}","templated":true}]}}