{"id":17031,"date":"2018-07-20T16:22:31","date_gmt":"2018-07-20T15:22:31","guid":{"rendered":"https:\/\/arteconstructo.com\/technische-datenblaetter\/coridecor\/marmolux\/"},"modified":"2018-07-21T18:22:40","modified_gmt":"2018-07-21T17:22:40","slug":"marmolux","status":"publish","type":"page","link":"https:\/\/arteconstructo.com\/de\/marmolux\/","title":{"rendered":"MARMOLUX"},"content":{"rendered":"<p><b>MARMOLUX<\/b><span class=\"Apple-converted-space\">\u00a0<\/span><\/p>\n<p><b>NAT\u00dcRLICHE MARMORBESCHICHTUNG<\/b><\/p>\n<p><b>Produktbeschreibung<\/b><\/p>\n<p>Marmolux ist eine traditionelle Marmorbeschichtung die seit dem 16. und 17. Jahrhundert in venezianischen Pal\u00e4sten zur Anwendung kommt.<\/p>\n<p>Das Material enth\u00e4lt abgelagerten Sumpfkalk und wir mit erlesenen Marmormehlen und Gem\u00fcseextrakten versehen. Die glatte, polierte Oberfl\u00e4che von Marmolux bildet das \u00e4sthetische Erscheinungsbild von Marmorstein nach und durch die Frostsicherheit kann das Produkt sowohl im Innen- als auch im Aussenbereich zur Anwendung kommen. Die por\u00f6se Struktur von Marmolux gew\u00e4hrleistet die Dampfdurchl\u00e4ssigkeit des Produktes, weshalb dieses sowohl bei Restaurationen wie auch bei Neubauten zum Einsatz kommt.<\/p>\n<p><b>Technische Eigenschaften<\/b><\/p>\n<p>Gewicht 1670 g\/Liter.<\/p>\n<p>pH 11<\/p>\n<p>Trocknungsdauer 2-4 Tage abh\u00e4ngig von den Wetterbedingungen.<\/p>\n<p>Vollst\u00e4ndige Aush\u00e4rtung 1 Monat.<\/p>\n<p>Deckkraft 1,5 bis 2,0 kg\/m\u00b2 je nach Untergrund und gew\u00fcnschter Oberfl\u00e4che.<\/p>\n<p>Packungsgr\u00f6ssen 5kg or 25kg Gebinde.<\/p>\n<p><b>Auftrag<\/b><\/p>\n<p>Der ideale Untergrund f\u00fcr Marmolux ist neu aufgetragener Kalkputz, beispielsweise Unilit 40 oder 45, da der Auftrag bei diesem Untergrund ohne Bindemittel erfolgen kann. Der Untergrund muss vorbereitet werden, wenn Marmolux auf synthetische Untergr\u00fcnde vorheriger Farbauftr\u00e4ge, Zementputze, Gips oder Beton aufgetragen werden soll.<\/p>\n<p>Unilit 15\/P1 sollte als Haftbr\u00fccke f\u00fcr Beton oder Zement und Coridecor Start f\u00fcr Gips oder zuvor aufgetragene Schichten genutzt werden.<\/p>\n<p>Marmolux wird in Pastenform gebrauchsfertig geliefert und muss vor dem Auftrag nur mehr aufger\u00fchrt werden. Der jeweilige Untergrund sollte leicht angefeuchtet werden um die Saugf\u00e4higkeit zu kontrollieren und die Temperaturen sollten zwischen 5\u00b0C und 35\u00b0C liegen.<\/p>\n<p>Der Auftrag von Marmolux erfolgt mit einer Edelstahlkelle in zwei Schichten. Die erste Schicht sollte nicht dicker als 0,5 bis 0,8 mm sein und der zweite Auftrag von 0,3 bis 0,5mm muss erfolgen bevor die erste Schicht vollst\u00e4ndig getrocknet ist. Die zweite Schicht wird mit einer flexiblen Edelstahlkelle diagonal zur ersten Schicht aufgetragen um ein willk\u00fcrliches aber einheitliches Ergebnis zu erzielen. Wenn das aufgetragene Material zu trocknen beginnt werden die zwei Schichten mit der Kelle zu einer einheitlichen dekorativen Oberfl\u00e4che verblendet und ergeben ein einzigartiges Finish.<\/p>\n<p>Die Oberfl\u00e4che wird mit einem Woll- oder Baumwolltuch gl\u00e4nzend poliert oder mit Bienenwachs als Schutzschicht versiegelt. Das Wachsen sollte erst nach der Endkontrolle erfolgen, da Ausbesserungsarbeiten ohne Entfernung der Wachsschicht schwierig sind.<\/p>\n<p><a href=\"https:\/\/arteconstructo.com\/wp-content\/uploads\/2016\/07\/Techn-Merkblatt-MARMOLUX.pdf\">Die PDF Version finden Sie hier<\/a><\/p>\n","protected":false},"excerpt":{"rendered":"<p>MARMOLUX\u00a0 NAT\u00dcRLICHE MARMORBESCHICHTUNG Produktbeschreibung Marmolux ist eine traditionelle Marmorbeschichtung die seit dem 16. und 17. Jahrhundert in venezianischen Pal\u00e4sten zur Anwendung kommt. Das Material enth\u00e4lt abgelagerten Sumpfkalk und wir mit erlesenen Marmormehlen und Gem\u00fcseextrakten versehen. Die glatte, polierte Oberfl\u00e4che von Marmolux bildet das \u00e4sthetische Erscheinungsbild von Marmorstein nach und durch die Frostsicherheit kann das Produkt&hellip;<\/p>\n","protected":false},"author":8,"featured_media":0,"parent":0,"menu_order":0,"comment_status":"closed","ping_status":"closed","template":"","meta":{"footnotes":""},"class_list":["post-17031","page","type-page","status-publish","hentry","description-off"],"_links":{"self":[{"href":"https:\/\/arteconstructo.com\/de\/wp-json\/wp\/v2\/pages\/17031","targetHints":{"allow":["GET"]}}],"collection":[{"href":"https:\/\/arteconstructo.com\/de\/wp-json\/wp\/v2\/pages"}],"about":[{"href":"https:\/\/arteconstructo.com\/de\/wp-json\/wp\/v2\/types\/page"}],"author":[{"embeddable":true,"href":"https:\/\/arteconstructo.com\/de\/wp-json\/wp\/v2\/users\/8"}],"replies":[{"embeddable":true,"href":"https:\/\/arteconstructo.com\/de\/wp-json\/wp\/v2\/comments?post=17031"}],"version-history":[{"count":0,"href":"https:\/\/arteconstructo.com\/de\/wp-json\/wp\/v2\/pages\/17031\/revisions"}],"wp:attachment":[{"href":"https:\/\/arteconstructo.com\/de\/wp-json\/wp\/v2\/media?parent=17031"}],"curies":[{"name":"wp","href":"https:\/\/api.w.org\/{rel}","templated":true}]}}