{"id":17030,"date":"2018-07-20T16:21:42","date_gmt":"2018-07-20T15:21:42","guid":{"rendered":"https:\/\/arteconstructo.com\/technische-datenblaetter\/coridecor\/fondosilk\/"},"modified":"2018-07-21T18:22:39","modified_gmt":"2018-07-21T17:22:39","slug":"fondosilk","status":"publish","type":"page","link":"https:\/\/arteconstructo.com\/de\/fondosilk\/","title":{"rendered":"FONDOSILK"},"content":{"rendered":"<p><b>FONDOSILK<\/b><span class=\"Apple-converted-space\">\u00a0<\/span><\/p>\n<p><b>MINERALISCHES SILIKATBINDEMITTEL<\/b><\/p>\n<p><b>Produktbeschreibung<\/b><\/p>\n<p>Fondosilk ist ein modifiziertes stabilisierendes Fluorsilikat gem\u00e4ss DIN 18363.<span class=\"Apple-converted-space\">\u00a0<\/span><\/p>\n<p>Dieses Bindemittel kann die Absorptionsf\u00e4higkeit regulieren, den Untergrund stabilisieren, die ideale Haftung der Deckschicht gew\u00e4hrleisten und reduziert die Dampfdurchl\u00e4ssigkeit nicht. <span class=\"Apple-converted-space\">\u00a0<\/span><\/p>\n<p>Dank seiner mineralischen Eigenschaften erm\u00f6glicht dieses Produkt eine ausgezeichnete Haftung von Silikatfarben auf deren Untergr\u00fcnden.<\/p>\n<p>Fondosilk dringt tief in den Untergrund ein und kristallisiert darin.<\/p>\n<p>Fondosilk ist ein nat\u00fcrliches, anorganisches Fl\u00fcssigprodukt.<span class=\"Apple-converted-space\">\u00a0<\/span><\/p>\n<p><b>Anwendungsbereich<\/b><\/p>\n<p>Fondosilk wird haupts\u00e4chlich als Stabilisierung und Vorbereitung f\u00fcr mineralische Substrate wie Kalkm\u00f6rtel, Zement- und Kalk-Zementm\u00f6rtel, Mauerwerk und die meisten nat\u00fcrlichen Steinmauern genuzt. Das Produkt kann auch zur Verd\u00fcnnung von Corisilk verwendet werden.<\/p>\n<p>Tragen Sie Fondosilk in ein oder zwei Schichten und maximal mit 50% sauberem Wasser verd\u00fcnnt f\u00fcr feste Untergr\u00fcnde mit geringer Porosit\u00e4t und schlechter Absorbierung auf. Sie k\u00f6nnen Fondosilk mit einem Pinsel oder mit einem Spr\u00fchsystem (Airless) aufbringen. Tragen Sie Fondosilk nicht auf Untergr\u00fcnde auf die starken Winden oder direktem Sonnenlicht ausgesetzt sind, wenn starker Nebel oder Temperaturen unter +5\u00b0C oder \u00fcber +35\u00b0C herrschen oder wenn der Untergrund gefroren oder feucht ist. Vermeiden Sie den Auftrag des Produktes bei regnerischen Wetterbedingungen.<span class=\"Apple-converted-space\">\u00a0<\/span><\/p>\n<p><b>Vorbereitung des Untergrunds und Auftrag<\/b><\/p>\n<p>Stabile, saubere Untergr\u00fcnde &#8211; wie Kalk- und Gipsputze, Kalklasuren sowie traditionelles Ziegel- oder Steinmauerwerk mit Kalkm\u00f6rtel &#8211; ben\u00f6tigen keine Vorbehandlung.<span class=\"Apple-converted-space\">\u00a0 <\/span>Staubige Schichten m\u00fcssen entfernt werden, bis ein fester Untergrund erreicht wird.<span class=\"Apple-converted-space\">\u00a0 <\/span>Steinreparaturen, Neuverfugungen und die Reparatur von besch\u00e4digten Ziegelmauern und\/oder losen Verputzen sollten vorzugsweise vorab mit nat\u00fcrlichem hydraulischem Kalkm\u00f6rtel erfolgen. <span class=\"Apple-converted-space\">\u00a0<\/span><\/p>\n<p>Um instabile Untergr\u00fcnde vorzubereiten sollte eine Schicht Fondosilk aufgetragen werden.<span class=\"Apple-converted-space\">\u00a0 <\/span>Bei por\u00f6sen und absorbierenden Untergr\u00fcnden ist eine Schicht Fondosilk verd\u00fcnnt mit maximal 50% Wasser aufzutragen.<span class=\"Apple-converted-space\">\u00a0 <\/span>Fondosilk wird auch als Unterschicht auf unebene absorbierende Untergr\u00fcnde aufgetragen.<\/p>\n<p>Wenn Untergr\u00fcnde sehr trocken und die klimatischen Temperaturen sehr hoch sind, dann empfehlen wir die Anfeuchtung vor Auftrag von Fondosilk Silikatbindemittel.<\/p>\n<p>Tragen Sie Fondosilk weder auf Untergr\u00fcnde auf die starken Winden oder direktem Sonnenlicht ausgesetzt sind, noch wenn starker Nebel oder Temperaturen unter +5\u00b0C oder \u00fcber +35\u00b0C herrschen. Reinigen Sie das Werkzeug anschliessend unverz\u00fcglich mit Wasser und Seife.<\/p>\n<p><b>Verbrauch<\/b><\/p>\n<p>Ungef\u00e4hrer Verbrauch: 0,100 bis 0,200 l\/m\u00b2.<\/p>\n<p>Die durchschnittliche Ergiebigkeit pro Liter Silikatfarbe betr\u00e4gt 6 bis 8 m\u00b2.<\/p>\n<p><b>Verpackung<span class=\"Apple-converted-space\">\u00a0<\/span><\/b><\/p>\n<p>Kunststoffkanister zu 1 Liter, 5 Liter und 25 Liter.<\/p>\n<p><a href=\"https:\/\/arteconstructo.com\/wp-content\/uploads\/2016\/07\/Techn-Merkblatt-FONDOSILK.pdf\">Die PDF Version finden Sie hier<\/a><\/p>\n","protected":false},"excerpt":{"rendered":"<p>FONDOSILK\u00a0 MINERALISCHES SILIKATBINDEMITTEL Produktbeschreibung Fondosilk ist ein modifiziertes stabilisierendes Fluorsilikat gem\u00e4ss DIN 18363.\u00a0 Dieses Bindemittel kann die Absorptionsf\u00e4higkeit regulieren, den Untergrund stabilisieren, die ideale Haftung der Deckschicht gew\u00e4hrleisten und reduziert die Dampfdurchl\u00e4ssigkeit nicht. \u00a0 Dank seiner mineralischen Eigenschaften erm\u00f6glicht dieses Produkt eine ausgezeichnete Haftung von Silikatfarben auf deren Untergr\u00fcnden. Fondosilk dringt tief in den Untergrund&hellip;<\/p>\n","protected":false},"author":8,"featured_media":0,"parent":0,"menu_order":0,"comment_status":"closed","ping_status":"closed","template":"","meta":{"footnotes":""},"class_list":["post-17030","page","type-page","status-publish","hentry","description-off"],"_links":{"self":[{"href":"https:\/\/arteconstructo.com\/de\/wp-json\/wp\/v2\/pages\/17030","targetHints":{"allow":["GET"]}}],"collection":[{"href":"https:\/\/arteconstructo.com\/de\/wp-json\/wp\/v2\/pages"}],"about":[{"href":"https:\/\/arteconstructo.com\/de\/wp-json\/wp\/v2\/types\/page"}],"author":[{"embeddable":true,"href":"https:\/\/arteconstructo.com\/de\/wp-json\/wp\/v2\/users\/8"}],"replies":[{"embeddable":true,"href":"https:\/\/arteconstructo.com\/de\/wp-json\/wp\/v2\/comments?post=17030"}],"version-history":[{"count":0,"href":"https:\/\/arteconstructo.com\/de\/wp-json\/wp\/v2\/pages\/17030\/revisions"}],"wp:attachment":[{"href":"https:\/\/arteconstructo.com\/de\/wp-json\/wp\/v2\/media?parent=17030"}],"curies":[{"name":"wp","href":"https:\/\/api.w.org\/{rel}","templated":true}]}}