{"id":17029,"date":"2018-07-20T16:20:37","date_gmt":"2018-07-20T15:20:37","guid":{"rendered":"https:\/\/arteconstructo.com\/technische-datenblaetter\/coridecor\/corisilk\/"},"modified":"2018-07-21T18:22:37","modified_gmt":"2018-07-21T17:22:37","slug":"corisilk","status":"publish","type":"page","link":"https:\/\/arteconstructo.com\/de\/corisilk\/","title":{"rendered":"CORISILK"},"content":{"rendered":"<p><b>CORISILK<\/b><span class=\"Apple-converted-space\">\u00a0<\/span><\/p>\n<p><b>MINERALISCHE SILIKATFARBE<\/b><\/p>\n<p><b>Produktbeschreibung<\/b><\/p>\n<p>Corisilk ist eine mineralische und anorganische Silikatfarbe f\u00fcr den Innen- und f\u00fcr den Au\u00dfenbereich, die ein mattes, traditionelles Aussehen verleiht.<span class=\"Apple-converted-space\">\u00a0 <\/span>Es ist eine gebrauchsfertige Silikatfarbe, die ausschlie\u00dflich aus nat\u00fcrlichen, reinen und qualitativ hochwertigen Elementen besteht.<\/p>\n<p><b>Anwendungsgebiet<\/b><\/p>\n<p>Dank ihren typischen Eigenschaften ist Corisilk \u00e4u\u00dferst widerstandsf\u00e4hig gegen atmosph\u00e4rische Verunreinigungen und kann sich selbst an gro\u00dfe Klimaschwankungen anpassen.<span class=\"Apple-converted-space\">\u00a0 <\/span>Corisilk kann auf den verschiedensten mineralischen Untergr\u00fcnden angebracht werden, wie z.B. Backstein, Naturstein und Putz.<\/p>\n<p>Die mineralische Optik und die Farbechtheit der nat\u00fcrlichen Pigmente machen Corisilk besonders geeignet f\u00fcr die Restaurierung von historischen Baudenkm\u00e4lern, genauso wie f\u00fcr die Anwendung in einer modernen Umgebung.<\/p>\n<p><b>Vorbereitung des untergrunds<\/b><\/p>\n<p>Feste und saubere Untergr\u00fcnde, wie Kalkm\u00f6rtelputze, Kalkfarben und traditionelles Mauerwerk aus Ziegelsteinen oder Natursteinen mit Kalkm\u00f6rtel m\u00fcssen nicht vorbehandelt werden.<span class=\"Apple-converted-space\">\u00a0 <\/span>Pulverige Untergr\u00fcnde m\u00fcssen entstaubt und gereinigt werden.<span class=\"Apple-converted-space\">\u00a0 <\/span>Reparaturen an Mauerwerk, Fugen oder losen Putzen sind mit einem nat\u00fcrlichen, hydraulischen Kalkm\u00f6rtel auszuf\u00fchren.<span class=\"Apple-converted-space\">\u00a0 <\/span>Das Ausbessern und Gl\u00e4tten von Untergr\u00fcnden im Innenbereich ist mit dem Putz Coridecor Start oder Rasadecor und\/oder mit dem Sumpfkalk Rasocal vorzunehmen.<span class=\"Apple-converted-space\">\u00a0 <\/span>Im Au\u00dfenbereich hingegen wird dazu ein nat\u00fcrlicher hydraulischer Kalkm\u00f6rtel verwendet.<\/p>\n<p>Es empfiehlt sich, synthetische Untergr\u00fcnde &#8211; insbesondere bei der Verwendung im Au\u00dfenbereich oder zum Beispiel bei Resten von Tapetenkleber im Innenbereich &#8211; zun\u00e4chst vollst\u00e4ndig zu entfernen.<span class=\"Apple-converted-space\">\u00a0 <\/span>Werden diese nicht entfernt, den Untergrund sorgf\u00e4ltig bimsen, bis er ein mattes Aussehen annimmt, anschlie\u00dfend mit einer w\u00e4ssrigen L\u00f6sung mit etwa 3% Ammoniak reinigen und den Stabilisierungsanstrich Corifondo auftragen.<span class=\"Apple-converted-space\">\u00a0 <\/span>Ein Grundierungsanstrich Corifondo darf im Au\u00dfenbereich niemals auf monolithischen Mauern aufgetragen werden.<\/p>\n<p>Zur Vorbereitung bei einem instabilen Untergrund erst eine Lage gebrauchsfertigen Fondosilk auftragen.<span class=\"Apple-converted-space\">\u00a0 <\/span>Bei por\u00f6sen und besonders absorbierenden Oberfl\u00e4chen erst Fondosilk mit maximal 50% Wasser verd\u00fcnnt verwenden.<span class=\"Apple-converted-space\">\u00a0 <\/span>Diesen Arbeitsgang vor allen Dingen dann anwenden, wenn die Oberfl\u00e4che unterschiedlich saugende Zonen aufweist.<span class=\"Apple-converted-space\">\u00a0 <\/span>Bei einem trockenen Untergrund und ausschlie\u00dflich bei hohen Temperaturen wird empfohlen, den Untergrund anzufeuchten, bevor die erste Schicht Silikatfarbe aufgetragen wird.<\/p>\n<p><b>Anwendung<\/b><\/p>\n<p>Um die erste Schicht Corisilk anzubringen, diese zun\u00e4chst mit 20% Fondosilk verd\u00fcnnen.<span class=\"Apple-converted-space\">\u00a0 <\/span>Diese Mischung dann in Abh\u00e4ngigkeit vom Untergrund wiederum mit 20 bis 30% Wasser verd\u00fcnnen und mit dem Pinsel, dem Roller oder der Maschine aufbringen.<\/p>\n<p>F\u00fcr den zweiten Schicht, muss man diese ebenfalls mit 25 bis 30% Wasser verd\u00fcnnen.<\/p>\n<p><b>Verbrauch<\/b><\/p>\n<p>Indikativer Verbrauch: 0,190 l\/m\u00b2 in 2 Lagen.<\/p>\n<p><b>Verpackung<span class=\"Apple-converted-space\">\u00a0<\/span><\/b><\/p>\n<p>Plastikeimer von 1 Liter, 5 Liter und 15 Liter.<\/p>\n<p><a href=\"https:\/\/arteconstructo.com\/wp-content\/uploads\/2016\/07\/Techn-Merkblatt-CORISILK.pdf\">Die PDF Version finden Sie hier<\/a><\/p>\n","protected":false},"excerpt":{"rendered":"<p>CORISILK\u00a0 MINERALISCHE SILIKATFARBE Produktbeschreibung Corisilk ist eine mineralische und anorganische Silikatfarbe f\u00fcr den Innen- und f\u00fcr den Au\u00dfenbereich, die ein mattes, traditionelles Aussehen verleiht.\u00a0 Es ist eine gebrauchsfertige Silikatfarbe, die ausschlie\u00dflich aus nat\u00fcrlichen, reinen und qualitativ hochwertigen Elementen besteht. Anwendungsgebiet Dank ihren typischen Eigenschaften ist Corisilk \u00e4u\u00dferst widerstandsf\u00e4hig gegen atmosph\u00e4rische Verunreinigungen und kann sich selbst&hellip;<\/p>\n","protected":false},"author":8,"featured_media":0,"parent":0,"menu_order":0,"comment_status":"closed","ping_status":"closed","template":"","meta":{"footnotes":""},"class_list":["post-17029","page","type-page","status-publish","hentry","description-off"],"_links":{"self":[{"href":"https:\/\/arteconstructo.com\/de\/wp-json\/wp\/v2\/pages\/17029","targetHints":{"allow":["GET"]}}],"collection":[{"href":"https:\/\/arteconstructo.com\/de\/wp-json\/wp\/v2\/pages"}],"about":[{"href":"https:\/\/arteconstructo.com\/de\/wp-json\/wp\/v2\/types\/page"}],"author":[{"embeddable":true,"href":"https:\/\/arteconstructo.com\/de\/wp-json\/wp\/v2\/users\/8"}],"replies":[{"embeddable":true,"href":"https:\/\/arteconstructo.com\/de\/wp-json\/wp\/v2\/comments?post=17029"}],"version-history":[{"count":0,"href":"https:\/\/arteconstructo.com\/de\/wp-json\/wp\/v2\/pages\/17029\/revisions"}],"wp:attachment":[{"href":"https:\/\/arteconstructo.com\/de\/wp-json\/wp\/v2\/media?parent=17029"}],"curies":[{"name":"wp","href":"https:\/\/api.w.org\/{rel}","templated":true}]}}