{"id":17028,"date":"2018-07-20T16:19:07","date_gmt":"2018-07-20T15:19:07","guid":{"rendered":"https:\/\/arteconstructo.com\/technische-datenblaetter\/coridecor\/corifondo-fondodecor\/"},"modified":"2018-07-21T18:22:36","modified_gmt":"2018-07-21T17:22:36","slug":"corifondo-fondodecor","status":"publish","type":"page","link":"https:\/\/arteconstructo.com\/de\/corifondo-fondodecor\/","title":{"rendered":"CORIFONDO (FONDODECOR)"},"content":{"rendered":"<p><b>CORIFONDO (FONDODECOR)<\/b><\/p>\n<p><b>GRUNDIERUNG<\/b><\/p>\n<p><b>Produktbeschreibung<\/b><\/p>\n<p>Corifondo ist eine wasserdampfdurchl\u00e4ssige Grundierung f\u00fcr instabile und synthetische Untergr\u00fcnde. Das Produkt verleiht staubigen Untergr\u00fcnden Stabilit\u00e4t und erm\u00f6glicht ein gleichm\u00e4ssigeres Ergebnis f\u00fcr Farben und Oberfl\u00e4chenbeschichtungen durch die gleichm\u00e4ssigere Wasserabsorption.<\/p>\n<p>Bei allen Coridecor Oberfl\u00e4chenbeschichtungen werden die Farbt\u00f6ne und moirierten Effekte abgeschw\u00e4cht.<\/p>\n<p><b>Technische Daten<\/b><\/p>\n<p>Verd\u00fcnnung 20 bis 50% Wasser<\/p>\n<p>Auftrag streichen<\/p>\n<p>Spezifisches Gewicht 1 kg\/l<\/p>\n<p>Deckkraft 100 bis 150 g\/m\u00b2<\/p>\n<p><b>Verwendung<\/b><\/p>\n<p>Corifondo wird auf Kalk- oder Zementuntergr\u00fcnde, Gipsplattensysteme, altes, por\u00f6ses Mauerwerk, synthetische Farben und alle instabilen Untergr\u00fcnde aufgetragen (im Innenbereich).<\/p>\n<p>Corifondo wird mit 20 bis 50% Wasser verd\u00fcnnt, abh\u00e4ngig von der Untergrundabsorption. Das Pordukt muss vor der Anwendung gut gemischt werden. Corifondo wird in einer Schicht mit dem Pinsel aufgetragen.<\/p>\n<p><b>Farben<\/b><\/p>\n<p>Corifondo wird als milchig-weisses Produkt geliefert, kann aber mit Coridecor Farben (Stabilcori) eingef\u00e4rbt werden.<\/p>\n<p><b>Packungsgr\u00f6ssen<\/b><\/p>\n<p>1 kg, 5 kg oder 25 kg Gebinde<\/p>\n<p><a href=\"https:\/\/arteconstructo.com\/wp-content\/uploads\/2016\/07\/Techn-Merkblatt-CORIFONDO.pdf\">Die PDF Version finden Sie hier<\/a><\/p>\n","protected":false},"excerpt":{"rendered":"<p>CORIFONDO (FONDODECOR) GRUNDIERUNG Produktbeschreibung Corifondo ist eine wasserdampfdurchl\u00e4ssige Grundierung f\u00fcr instabile und synthetische Untergr\u00fcnde. Das Produkt verleiht staubigen Untergr\u00fcnden Stabilit\u00e4t und erm\u00f6glicht ein gleichm\u00e4ssigeres Ergebnis f\u00fcr Farben und Oberfl\u00e4chenbeschichtungen durch die gleichm\u00e4ssigere Wasserabsorption. Bei allen Coridecor Oberfl\u00e4chenbeschichtungen werden die Farbt\u00f6ne und moirierten Effekte abgeschw\u00e4cht. Technische Daten Verd\u00fcnnung 20 bis 50% Wasser Auftrag streichen Spezifisches Gewicht&hellip;<\/p>\n","protected":false},"author":8,"featured_media":0,"parent":0,"menu_order":0,"comment_status":"closed","ping_status":"closed","template":"","meta":{"footnotes":""},"class_list":["post-17028","page","type-page","status-publish","hentry","description-off"],"_links":{"self":[{"href":"https:\/\/arteconstructo.com\/de\/wp-json\/wp\/v2\/pages\/17028","targetHints":{"allow":["GET"]}}],"collection":[{"href":"https:\/\/arteconstructo.com\/de\/wp-json\/wp\/v2\/pages"}],"about":[{"href":"https:\/\/arteconstructo.com\/de\/wp-json\/wp\/v2\/types\/page"}],"author":[{"embeddable":true,"href":"https:\/\/arteconstructo.com\/de\/wp-json\/wp\/v2\/users\/8"}],"replies":[{"embeddable":true,"href":"https:\/\/arteconstructo.com\/de\/wp-json\/wp\/v2\/comments?post=17028"}],"version-history":[{"count":0,"href":"https:\/\/arteconstructo.com\/de\/wp-json\/wp\/v2\/pages\/17028\/revisions"}],"wp:attachment":[{"href":"https:\/\/arteconstructo.com\/de\/wp-json\/wp\/v2\/media?parent=17028"}],"curies":[{"name":"wp","href":"https:\/\/api.w.org\/{rel}","templated":true}]}}