{"id":17027,"date":"2018-07-20T16:18:07","date_gmt":"2018-07-20T15:18:07","guid":{"rendered":"https:\/\/arteconstructo.com\/technische-datenblaetter\/coridecor\/corical\/"},"modified":"2018-07-21T18:21:52","modified_gmt":"2018-07-21T17:21:52","slug":"corical","status":"publish","type":"page","link":"https:\/\/arteconstructo.com\/de\/corical\/","title":{"rendered":"CORICAL"},"content":{"rendered":"<p><b>CORICAL<\/b><\/p>\n<p><b>MINERALISCHE KALKFARBE<\/b><\/p>\n<p><b>Produktbeschreibung<\/b><\/p>\n<p>Corical ist eine mineralische und anorganische Kalkfarbe f\u00fcr den Innen- und f\u00fcr den Au\u00dfenbereich, die ein mattes, traditionelles Aussehen verleiht.<span class=\"Apple-converted-space\">\u00a0 <\/span>Es ist eine gebrauchsfertige Kalkfarbe, die ausschlie\u00dflich aus nat\u00fcrlichen, reinen und qualitativ hochwertigen Elementen besteht.<\/p>\n<p><b>Anwendungsgebiet<\/b><\/p>\n<p>Dank ihren typischen Eigenschaften ist Corical \u00e4u\u00dferst widerstandsf\u00e4hig gegen atmosph\u00e4rische Verunreinigungen und kann sich selbst an gro\u00dfe Klimaschwankungen anpassen.<span class=\"Apple-converted-space\">\u00a0 <\/span>Corical kann auf den verschiedensten mineralischen Untergr\u00fcnden angebracht werden, wie z.B. Backstein, Naturstein und Putz.<\/p>\n<p>Die mineralische Optik und die Farbechtheit der nat\u00fcrlichen Pigmente machen Corical besonders geeignet f\u00fcr die Restaurierung von historischen Baudenkm\u00e4lern, genauso wie f\u00fcr die Anwendung in einer modernen Umgebung.<\/p>\n<p><b>Vorbereitung des untergrunds<\/b><\/p>\n<p>Feste und saubere Untergr\u00fcnde, wie Kalkm\u00f6rtelputze, Kalkfarben und traditionelles Mauerwerk aus Ziegelsteinen oder Natursteinen mit Kalkm\u00f6rtel m\u00fcssen nicht vorbehandelt werden.<span class=\"Apple-converted-space\">\u00a0 <\/span>Pulverige Untergr\u00fcnde m\u00fcssen entstaubt und gereinigt werden.<span class=\"Apple-converted-space\">\u00a0 <\/span>Das Ausbessern und Gl\u00e4tten von Untergr\u00fcnden im Innenbereich ist mit dem Putz Coridecor Start, Rasadecor und\/oder mit dem Sumpfkalk Rasocal vorzunehmen.<span class=\"Apple-converted-space\">\u00a0 <\/span>Im Au\u00dfenbereich hingegen wird dazu ein nat\u00fcrlicher hydraulischer Kalkm\u00f6rtel verwendet.<\/p>\n<p>Es empfiehlt sich, synthetische Untergr\u00fcnde &#8211; insbesondere bei der Verwendung im Au\u00dfenbereich oder zum Beispiel bei Resten von Tapetenkleber im Innenbereich &#8211; zun\u00e4chst vollst\u00e4ndig zu entfernen.<span class=\"Apple-converted-space\">\u00a0 <\/span>Werden diese nicht entfernt, den Untergrund sorgf\u00e4ltig bimsen, bis er ein mattes Aussehen annimmt, anschlie\u00dfend mit einer w\u00e4ssrigen L\u00f6sung mit etwa 3% Ammoniak reinigen. Instabile und unterschiedlich absorbierende Untergr\u00fcnde sind zus\u00e4tzlich durch den Anstrich Corifondo zu stabilisieren. Ein Grundierungsanstrich Corifondo darf im Au\u00dfenbereich niemals auf monolithischen Mauern aufgetragen werden.<\/p>\n<p><b>Anwendung<\/b><\/p>\n<p>Die Kalkfarbe vor der Verwendung gut mischen.<span class=\"Apple-converted-space\">\u00a0 <\/span>Die Farbe, je nach gew\u00fcnschtem Effekt, mit airless, mit einem breiten Pinsel oder mit einem Farbroller auftragen.<span class=\"Apple-converted-space\">\u00a0 <\/span>Durch das Auftragen mit einem breiten Pinsel werden die nat\u00fcrlichen Nuancen der Kalkfarbe und die Struktur der Farbe betont.<span class=\"Apple-converted-space\">\u00a0 <\/span>Es kann in Streifen mit einer Breite von 80 bis 100\u00a0cm gearbeitet werden oder um einen Moir\u00e9-Effekt zu erzielen, die Farbe mit Bewegungen in alle Richtungen unregelm\u00e4\u00dfig auf die Wand aufgetragen werden.<\/p>\n<p>Auf trockenen Untergr\u00fcnde zwei Schichten nacheinander auftragen.<span class=\"Apple-converted-space\">\u00a0 <\/span>Die erste Schicht mit 20 bis 50% Wasser, die zweite mit 5 bis 10% Wasser verd\u00fcnnen.<span class=\"Apple-converted-space\">\u00a0 <\/span>F\u00fcr Fresken werden bei noch ausreichend feuchtem Kalkputz drei Schichten aufgetragen.<span class=\"Apple-converted-space\">\u00a0 <\/span>Die erste Schicht mit 80% Wasser, die zweite mit 50% Wasser und die dritte mit 30% Wasser verd\u00fcnnen.<span class=\"Apple-converted-space\">\u00a0 <\/span>Trockenzeit zwischen dem Auftragen der Schichten: 12 Stunden.<\/p>\n<p>Die Farbe weder auf einen Untergrund auftragen, der starkem Wind oder direkter Sonneneinstrahlung ausgesetzt ist, noch bei dichtem Nebel oder Temperaturen unter +5\u00b0C oder \u00fcber +30\u00b0C.<span class=\"Apple-converted-space\">\u00a0 <\/span>Die Utensilien unmittelbar mit Wasser reinigen.<\/p>\n<p><b>Verbrauch<\/b><\/p>\n<p>Indikativer Verbrauch: 0,270 l\/m\u00b2 in 2 Schichten.<\/p>\n<p><b>Verpackung und aufbewahrung<\/b><\/p>\n<p>Plastikeimer von 1 Liter, 5 Liter und 15 Liter.<\/p>\n<p><a href=\"https:\/\/arteconstructo.com\/wp-content\/uploads\/2016\/07\/Techn-Merkblatt-CORICAL.pdf\">Die PDF Version finden Sie hier<\/a><\/p>\n","protected":false},"excerpt":{"rendered":"<p>CORICAL MINERALISCHE KALKFARBE Produktbeschreibung Corical ist eine mineralische und anorganische Kalkfarbe f\u00fcr den Innen- und f\u00fcr den Au\u00dfenbereich, die ein mattes, traditionelles Aussehen verleiht.\u00a0 Es ist eine gebrauchsfertige Kalkfarbe, die ausschlie\u00dflich aus nat\u00fcrlichen, reinen und qualitativ hochwertigen Elementen besteht. Anwendungsgebiet Dank ihren typischen Eigenschaften ist Corical \u00e4u\u00dferst widerstandsf\u00e4hig gegen atmosph\u00e4rische Verunreinigungen und kann sich selbst&hellip;<\/p>\n","protected":false},"author":8,"featured_media":0,"parent":0,"menu_order":0,"comment_status":"closed","ping_status":"closed","template":"","meta":{"footnotes":""},"class_list":["post-17027","page","type-page","status-publish","hentry","description-off"],"_links":{"self":[{"href":"https:\/\/arteconstructo.com\/de\/wp-json\/wp\/v2\/pages\/17027","targetHints":{"allow":["GET"]}}],"collection":[{"href":"https:\/\/arteconstructo.com\/de\/wp-json\/wp\/v2\/pages"}],"about":[{"href":"https:\/\/arteconstructo.com\/de\/wp-json\/wp\/v2\/types\/page"}],"author":[{"embeddable":true,"href":"https:\/\/arteconstructo.com\/de\/wp-json\/wp\/v2\/users\/8"}],"replies":[{"embeddable":true,"href":"https:\/\/arteconstructo.com\/de\/wp-json\/wp\/v2\/comments?post=17027"}],"version-history":[{"count":0,"href":"https:\/\/arteconstructo.com\/de\/wp-json\/wp\/v2\/pages\/17027\/revisions"}],"wp:attachment":[{"href":"https:\/\/arteconstructo.com\/de\/wp-json\/wp\/v2\/media?parent=17027"}],"curies":[{"name":"wp","href":"https:\/\/api.w.org\/{rel}","templated":true}]}}