{"id":17026,"date":"2018-07-20T16:16:54","date_gmt":"2018-07-20T15:16:54","guid":{"rendered":"https:\/\/arteconstructo.com\/technische-datenblaetter\/keim\/keim-contact-plus\/"},"modified":"2018-07-21T18:20:23","modified_gmt":"2018-07-21T17:20:23","slug":"keim-contact-plus","status":"publish","type":"page","link":"https:\/\/arteconstructo.com\/de\/keim-contact-plus\/","title":{"rendered":"KEIM CONTACT-PLUS"},"content":{"rendered":"<p><b>KEIM CONTACT-PLUS<\/b><\/p>\n<p><b>Produktbeschreibung<\/b><\/p>\n<p>Keim Contact-Plus ist eine hochgef\u00fcllte, faserarmierte Renovier-Grundbeschichtung (Dispersions-Silikatfarbe nach DIN 18363 Abs. 2.4.1) mit Reinacrylat-Zusatz, Glasfasern und hochwertigen F\u00fcllstoffen in ausgewogenen Korngr\u00f6\u00dfen und Kornformen. Keim Contact-Plus ist zur Rissverschl\u00e4mmung und Egalisierung hervorragend geeignet.<\/p>\n<p><b>Anwendungsbereich<\/b><\/p>\n<p>Mit Keim Contact-Plus werden tragf\u00e4hige, organisch gebundene Altbeschichtungen \u00fcberbr\u00fcckend f\u00fcr Keim Dispersions-Silikatfarben aufbereitet, z.B. wenn diese aus umwelttechnischen oder anderen Gr\u00fcnden nicht abgebeizt werden k\u00f6nnen.<\/p>\n<p>Ausgenommen sind plasto-elastische sowie verseifungsanf\u00e4llige (z.B. bestimmte \u00d6lfarben) Altbeschichtungen.<\/p>\n<p>Auf mineralischen Untergr\u00fcnden oder organischen Altbeschichtungen zeigt Keim Contact-Plus durch die ausgew\u00e4hlten Faseranteile und F\u00fcllstoffe eine optimale riss\u00fcberbr\u00fcckende und verschl\u00e4mmende Wirkung (f\u00fcr Schwundund Haarrisse bis 0,5 mm). Mit Keim Contact-Plus werden vorhandene unterschiedliche Oberfl\u00e4chenstrukturen angeglichen.<\/p>\n<p><b>Verarbeitungshinweise<\/b><\/p>\n<p>Untergrundvorbereitung :<\/p>\n<p>Der Untergrund muss tragf\u00e4hig, trocken, sauber, staub- und fettfrei sein. Lose Teile von organisch gebundenen Altbeschichtungen sowie Verschmutzungen sind entweder mit mechanischen Verfahren oder mit Wasserdruckstrahlen zu entfernen. Fehlstellen mit Keim Spachtel, Keim Leichtspachtel oder Keim Concretal-Feinspachtel ausbessern.<\/p>\n<p>Dort, wo gespachtelt werden soll, ist die Altbeschichtung restlos zu entfernen.<\/p>\n<p>Verarbeitung:<\/p>\n<p>Keim Contact-Plus auf nicht saugendem Untergrund grunds\u00e4tzlich unverd\u00fcnnt mit der B\u00fcrste gleichm\u00e4ssig im Kreuzgang auftragen.<\/p>\n<p>Auf saugenden Untergr\u00fcnden kann nach Bedarf mit bis zu 10% (25 kg und 2,5 Liter Verd\u00fcnnung) Keim Fixativ, Keim Spezial-Fixativ, Keim Soldalan-Fixativ oder Keim Concreton-Fixativ verd\u00fcnnt werden.<\/p>\n<p>Folgeanstriche:<\/p>\n<p>Keim Contact-Plus muss immer mit einem oder zwei Folgeanstrichen, z. B. mit Keim Granital, Keim Soldalan oder Keim Concreton-W \u00fcberstrichen werden.<\/p>\n<p>Bei hellen Farbt\u00f6nen (Preisgruppe I) gen\u00fcgt in der Regel ein deckender Schlussanstrich, unverd\u00fcnnt.<\/p>\n<p>Bei dunkleren Farbt\u00f6nen (Preisgruppe II) sind zwei Folgeanstriche erforderlich, z. B.:<\/p>\n<p>Zwischenanstrich: mit verd\u00fcnntem Granital (max. 2 l Keim Spezial-Fixativ pro 10 kg)<\/p>\n<p>Schlussanstrich: mit Keim Granital, unverd\u00fcnnt.<\/p>\n<p>Keim Contact-Plus kann mit Keim Granital, Keim Soldalan, Keim Concreton-W oder Keim Farbkonzentraten bis zu 10% Zugabemenge abget\u00f6nt werden.<\/p>\n<p><b>Verbrauch<\/b><\/p>\n<p>Auf glattem, nicht saugendem Untergrund f\u00fcr einen Schl\u00e4mmanstrich: ca. 0,4 kg KEIM Contact-Plus Auf glattem, saugendem Untergrund: ca. 0,5 kg KEIM Contact-Plus<span class=\"Apple-converted-space\">\u00a0<\/span><\/p>\n<p><b>Lieferform<\/b><\/p>\n<p>5 kg und 25 kg Gebinde<\/p>\n<p><a href=\"https:\/\/arteconstructo.com\/wp-content\/uploads\/2016\/07\/KEIM-CONTACT-PLUS-Tech-Merkblatt.pdf\">Die PDF Version finden Sie hier<\/a><\/p>\n","protected":false},"excerpt":{"rendered":"<p>KEIM CONTACT-PLUS Produktbeschreibung Keim Contact-Plus ist eine hochgef\u00fcllte, faserarmierte Renovier-Grundbeschichtung (Dispersions-Silikatfarbe nach DIN 18363 Abs. 2.4.1) mit Reinacrylat-Zusatz, Glasfasern und hochwertigen F\u00fcllstoffen in ausgewogenen Korngr\u00f6\u00dfen und Kornformen. Keim Contact-Plus ist zur Rissverschl\u00e4mmung und Egalisierung hervorragend geeignet. Anwendungsbereich Mit Keim Contact-Plus werden tragf\u00e4hige, organisch gebundene Altbeschichtungen \u00fcberbr\u00fcckend f\u00fcr Keim Dispersions-Silikatfarben aufbereitet, z.B. wenn diese aus umwelttechnischen&hellip;<\/p>\n","protected":false},"author":8,"featured_media":0,"parent":0,"menu_order":0,"comment_status":"closed","ping_status":"closed","template":"","meta":{"footnotes":""},"class_list":["post-17026","page","type-page","status-publish","hentry","description-off"],"_links":{"self":[{"href":"https:\/\/arteconstructo.com\/de\/wp-json\/wp\/v2\/pages\/17026","targetHints":{"allow":["GET"]}}],"collection":[{"href":"https:\/\/arteconstructo.com\/de\/wp-json\/wp\/v2\/pages"}],"about":[{"href":"https:\/\/arteconstructo.com\/de\/wp-json\/wp\/v2\/types\/page"}],"author":[{"embeddable":true,"href":"https:\/\/arteconstructo.com\/de\/wp-json\/wp\/v2\/users\/8"}],"replies":[{"embeddable":true,"href":"https:\/\/arteconstructo.com\/de\/wp-json\/wp\/v2\/comments?post=17026"}],"version-history":[{"count":0,"href":"https:\/\/arteconstructo.com\/de\/wp-json\/wp\/v2\/pages\/17026\/revisions"}],"wp:attachment":[{"href":"https:\/\/arteconstructo.com\/de\/wp-json\/wp\/v2\/media?parent=17026"}],"curies":[{"name":"wp","href":"https:\/\/api.w.org\/{rel}","templated":true}]}}