{"id":17025,"date":"2018-07-20T16:15:47","date_gmt":"2018-07-20T15:15:47","guid":{"rendered":"https:\/\/arteconstructo.com\/technische-datenblaetter\/keim\/keim-soldalan-me\/"},"modified":"2018-07-21T18:20:25","modified_gmt":"2018-07-21T17:20:25","slug":"keim-soldalan-me","status":"publish","type":"page","link":"https:\/\/arteconstructo.com\/de\/keim-soldalan-me\/","title":{"rendered":"KEIM SOLDALAN ME"},"content":{"rendered":"<p><b>KEIM SOLDALAN ME<\/b><\/p>\n<p><b>Produktbeschreibung<\/b><\/p>\n<p>Keim Soldalan ME ist eine hochspezialisierte, silikatische Fassadenfarbe auf Basis einer bew\u00e4hrten Bindemittelkombination von Kieselsol und Wasserglas. Diese Bindemittelkombination erm\u00f6glicht silikatische Anstriche nicht nur auf mineralischen, sondern auch auf einer Vielzahl organischer Untergr\u00fcnde \u2013 direkt und ohne zus\u00e4tzliche Haftbr\u00fccken. Damit begr\u00fcndet Keim Soldalan ME eine neue Generation der Silikatfarbe, die Sol-Silikatfarbe, die eine bis heute nicht gekannte Anwendungsbreite erlaubt. Gef\u00fcllt und pigmentiert mit witterungsbest\u00e4ndigen F\u00fcllstoffen und rein anorganischen Pigmenten verbindet Keim Soldalan ME alle Vorteile der klassischen Dispersionssilikatfarbe mit der Untergrundvielfalt organisch gebundener Farbsysteme Keim Soldalan ME erf\u00fcllt auch die Anforderungen der DIN 18363 Abs. 2.4.1 \u201eDispersionssilikatfarbe\u201c.<\/p>\n<p><b>Anwendungsbereich<\/b><\/p>\n<p>Keim Soldalan ME eignet sich f\u00fcr die Renovierung und den Neuanstrich von tragf\u00e4higen, dispersions- und silikonharzgebundenen Anstrichen und Putzen ebenso wie f\u00fcr mineralische Untergr\u00fcnde.<span class=\"Apple-converted-space\">\u00a0<\/span><\/p>\n<p><b>Verarbeitungshinweise<\/b><\/p>\n<p>Untergrundvorbereitung:<\/p>\n<p>Der Untergrund muss trocken, tragf\u00e4hig, kreidungsfrei, sauber und staubfrei sein. Lose Teile von Altbeschichtungen sind mechanisch oder mit Wasserdruckstrahlen zu entfernen. Fehlstellen sind mit einem geeigneten Ausbesserungsmaterial zu erg\u00e4nzen und strukturgleich anzupassen. Eventuelle Sinterschichten auf Neuputzen sind mit Keim \u00c4tzfl\u00fcssigkeit nach Vorschrift zu entfernen. Neuputzstellen (Ausbesserungen) sind generell mit Keim \u00c4tzfl\u00fcssigkeit nach Angaben im Techn. Merkblatt vorzubehandeln.<span class=\"Apple-converted-space\">\u00a0<\/span><\/p>\n<p>Stark saugende Fl\u00e4chen sind mit Keim Soldalan ME-Fixativ zu grundieren. Bei ausgebesserten Untergr\u00fcnden sowie bei Untergr\u00fcnden mit Strukturunterschieden bzw. Haarrissen ist der Grundanstrich anstatt mit Keim Soldalan ME mit Keim Soldalan ME-Grob (= h\u00f6her gef\u00fcllt) auszuf\u00fchren. Bei gr\u00f6\u00dferen Rissen oder starken Strukturunterschieden kann anstelle von Keim Soldalan ME -Grob eine Grundbeschichtung mit Keim Contact-Plus notwendig werden.<\/p>\n<p>Verarbeitung:<\/p>\n<p>Keim Soldalan ME kann gestrichen, gerollt oder airless gespritzt werden (D\u00fcse: 0,79 mm bzw. 0,031 inch; weitere Infos siehe TM zur Airless-Technik). Zwischen Grund- und Schlussanstrich ist eine Trocknungszeit von mind. 12 Std. einzuhalten.<\/p>\n<p>Grundanstrich:<span class=\"Apple-converted-space\">\u00a0<\/span><\/p>\n<p>Keim Soldalan ME im Normalfall unverd\u00fcnnt bzw. bis ca. 5% mit Keim Soldalan ME-Fixativ verd\u00fcnnt, applizieren. Bei stark saugenden Untergr\u00fcnden kann bis max. 10 % (bis zu max. 2,5 Liter pro 25 kg Farbe) mit Keim Soldalan ME-Fixativ verd\u00fcnnt werden.<\/p>\n<p>Schlussanstrich: Keim Soldalan ME, unverd\u00fcnnt aufbringen.<\/p>\n<p>Hinweis: Bei nachtr\u00e4glichen Ausbesserungen bringt die Verarbeitung von unverd\u00fcnntem Material mit der Rolle die besten Ergebnisse.<\/p>\n<p><b>Verbrauch<\/b><\/p>\n<p>(f\u00fcr zweimaligen Anstrich auf glattem Untergrund) ca. 0,45 kg\/m2 Keim Soldalan ME<span class=\"Apple-converted-space\">\u00a0<\/span><\/p>\n<p><b>Lieferform<\/b><\/p>\n<p>5 kg und 25 kg Gebinde<\/p>\n<p><a href=\"https:\/\/arteconstructo.com\/wp-content\/uploads\/2016\/07\/KEIM-SOLDALAN-ME-Tech-Merkblatt.pdf\">Die PDF Version finden Sie hier<\/a><\/p>\n","protected":false},"excerpt":{"rendered":"<p>KEIM SOLDALAN ME Produktbeschreibung Keim Soldalan ME ist eine hochspezialisierte, silikatische Fassadenfarbe auf Basis einer bew\u00e4hrten Bindemittelkombination von Kieselsol und Wasserglas. Diese Bindemittelkombination erm\u00f6glicht silikatische Anstriche nicht nur auf mineralischen, sondern auch auf einer Vielzahl organischer Untergr\u00fcnde \u2013 direkt und ohne zus\u00e4tzliche Haftbr\u00fccken. Damit begr\u00fcndet Keim Soldalan ME eine neue Generation der Silikatfarbe, die Sol-Silikatfarbe,&hellip;<\/p>\n","protected":false},"author":8,"featured_media":0,"parent":0,"menu_order":0,"comment_status":"closed","ping_status":"closed","template":"","meta":{"footnotes":""},"class_list":["post-17025","page","type-page","status-publish","hentry","description-off"],"_links":{"self":[{"href":"https:\/\/arteconstructo.com\/de\/wp-json\/wp\/v2\/pages\/17025","targetHints":{"allow":["GET"]}}],"collection":[{"href":"https:\/\/arteconstructo.com\/de\/wp-json\/wp\/v2\/pages"}],"about":[{"href":"https:\/\/arteconstructo.com\/de\/wp-json\/wp\/v2\/types\/page"}],"author":[{"embeddable":true,"href":"https:\/\/arteconstructo.com\/de\/wp-json\/wp\/v2\/users\/8"}],"replies":[{"embeddable":true,"href":"https:\/\/arteconstructo.com\/de\/wp-json\/wp\/v2\/comments?post=17025"}],"version-history":[{"count":0,"href":"https:\/\/arteconstructo.com\/de\/wp-json\/wp\/v2\/pages\/17025\/revisions"}],"wp:attachment":[{"href":"https:\/\/arteconstructo.com\/de\/wp-json\/wp\/v2\/media?parent=17025"}],"curies":[{"name":"wp","href":"https:\/\/api.w.org\/{rel}","templated":true}]}}