{"id":17024,"date":"2018-07-20T16:14:54","date_gmt":"2018-07-20T15:14:54","guid":{"rendered":"https:\/\/arteconstructo.com\/technische-datenblaetter\/keim\/keim-concreton-w\/"},"modified":"2018-07-21T18:20:22","modified_gmt":"2018-07-21T17:20:22","slug":"keim-concreton-w","status":"publish","type":"page","link":"https:\/\/arteconstructo.com\/de\/keim-concreton-w\/","title":{"rendered":"KEIM CONCRETON-W"},"content":{"rendered":"<p><b>KEIM CONCRETON-W<\/b><\/p>\n<p><b>Produktbeschreibung<\/b><\/p>\n<p>Solsilikat-Betonschutzfarbe nach DIN EN 1504-2\/2.2, 8.2.<\/p>\n<p>Keim Concreton W -Grob ist eine gef\u00fcllte Variante von Keim Concreton W f\u00fcr Grundanstriche.<\/p>\n<p><b>Verarbeitungshinweise<\/b><\/p>\n<p>Der Untergrund muss tragf\u00e4hig, trocken, sauber und frei von allen losen Teilen, Staub, \u00d6l und sonstigen trennend wirkenden Stoffen sein. Defekte organisch gebundene Altanstriche sind vollst\u00e4ndig zu entfernen. Bei Neubeton Entfernung von Schal\u00f6lresten mit Keim Betonschnellreiniger. Sauberer, fester Beton ben\u00f6tigt keine Vorbehandlung.<\/p>\n<p>Bei stark saugenden Untergr\u00fcnden oder stark wetterbelasteten Fl\u00e4chen kann zur Verst\u00e4rkung des Wasserschutzes vor Anwendung von Keim Concreton W eine wasserabweisende Untergrundhydrophobierung mit Keim Silangrund oder Keim Silan 100 (gepr\u00fcft nach ZTV-ING) aufgebracht werden. Der nachfolgende Grundanstrich mit Keim Concreton W oder Keim Concreton W-Grob soll bei Keim Silangrund nach ca. 4 Stunden, bei Keim Silan 100 nach 4 bis 24 Stunden aufgetragen werden.<\/p>\n<p>Bei weichen, por\u00f6sen Betonfl\u00e4chen oder mineralischen Altanstrichen kann eine Vorbehandlung mit Keim Concreton Fixativ zur Vorfestigung erfolgen.<\/p>\n<p>Zur Strukturangleichung und \u00dcberbr\u00fcckung von starren Haarrissen k\u00f6nnen ein oder zwei Grundanstriche mit Keim Concreton W-Grob aufgetragen werden.<\/p>\n<p>Verarbeitung:<\/p>\n<p>Keim Concreton W-Grob muss mit der B\u00fcrste aufgetragen werden. Keim Concreton W kann gestrichen, gerollt oder gespritzt werden (siehe TM zur Airless-Technik).<\/p>\n<p>Zweifacher Anstrichaufbau:<\/p>\n<p>Grundanstrich:<span class=\"Apple-converted-space\">\u00a0<\/span><\/p>\n<p>25 kg Keim Concreton W oder Keim Concreton W\u2013Grob mit max. 2,5 l Keim Concreton Fixativ verd\u00fcnnt.<\/p>\n<p>Schlussanstrich:<\/p>\n<p>Keim Concreton W unverd\u00fcnnt.<\/p>\n<p>Grundanstrich:<\/p>\n<p>25 kg Keim Concreton W\u2013Grob mit max. 2,5 l Keim Concreton Fixativ verd\u00fcnnt.<\/p>\n<p>Zwischenanstrich:<\/p>\n<p>25 kg Keim Concreton W\u2013Grob mit max. 1,25 l Keim Concreton W Fixativ verd\u00fcnnt.<\/p>\n<p>Schlussanstrich:<\/p>\n<p>Keim Concreton W\u2013Grob unverd\u00fcnnt.<\/p>\n<p>Vor und w\u00e4hrend der Arbeit das verd\u00fcnnte Keim Concreton W und Keim Concreton W-Grob aufr\u00fchren.<span class=\"Apple-converted-space\">\u00a0 <\/span>Wasser oder andere Materialien d\u00fcrfen nicht zugesetzt werden.<\/p>\n<p><b>Verbrauch<\/b><\/p>\n<p>Grundanstrich mit Keim Concreton W-Grob<\/p>\n<p>Schlussanstrich mit Keim Concreton W:<\/p>\n<p>0,20 kg\/m<sup>2<\/sup> Keim Concreton W-Grob<\/p>\n<p>0,20 kg\/m<sup>2<\/sup> Keim Concreton W<\/p>\n<p>0,02 l\/m<sup>2<\/sup> Keim Concreton Fixativ<\/p>\n<p><b>Lieferform<\/b><\/p>\n<p>Keim Concreton W: Gebinde mit 5 kg und 25 kg Inhalt<\/p>\n<p>Keim Concreton W -Grob: Gebinde mit 5 kg und 25 kg Inhalt<\/p>\n<p>Keim Concreton W Fixativ: Gebinde mit 5 l und 20 l Inhalt<\/p>\n<p><a href=\"https:\/\/arteconstructo.com\/wp-content\/uploads\/2016\/07\/KEIM-CONCRETON-W-Tech-Merkblatt.pdf\">Die PDF Version finden Sie hier<\/a><\/p>\n","protected":false},"excerpt":{"rendered":"<p>KEIM CONCRETON-W Produktbeschreibung Solsilikat-Betonschutzfarbe nach DIN EN 1504-2\/2.2, 8.2. Keim Concreton W -Grob ist eine gef\u00fcllte Variante von Keim Concreton W f\u00fcr Grundanstriche. Verarbeitungshinweise Der Untergrund muss tragf\u00e4hig, trocken, sauber und frei von allen losen Teilen, Staub, \u00d6l und sonstigen trennend wirkenden Stoffen sein. Defekte organisch gebundene Altanstriche sind vollst\u00e4ndig zu entfernen. Bei Neubeton Entfernung&hellip;<\/p>\n","protected":false},"author":8,"featured_media":0,"parent":0,"menu_order":0,"comment_status":"closed","ping_status":"closed","template":"","meta":{"footnotes":""},"class_list":["post-17024","page","type-page","status-publish","hentry","description-off"],"_links":{"self":[{"href":"https:\/\/arteconstructo.com\/de\/wp-json\/wp\/v2\/pages\/17024","targetHints":{"allow":["GET"]}}],"collection":[{"href":"https:\/\/arteconstructo.com\/de\/wp-json\/wp\/v2\/pages"}],"about":[{"href":"https:\/\/arteconstructo.com\/de\/wp-json\/wp\/v2\/types\/page"}],"author":[{"embeddable":true,"href":"https:\/\/arteconstructo.com\/de\/wp-json\/wp\/v2\/users\/8"}],"replies":[{"embeddable":true,"href":"https:\/\/arteconstructo.com\/de\/wp-json\/wp\/v2\/comments?post=17024"}],"version-history":[{"count":0,"href":"https:\/\/arteconstructo.com\/de\/wp-json\/wp\/v2\/pages\/17024\/revisions"}],"wp:attachment":[{"href":"https:\/\/arteconstructo.com\/de\/wp-json\/wp\/v2\/media?parent=17024"}],"curies":[{"name":"wp","href":"https:\/\/api.w.org\/{rel}","templated":true}]}}