{"id":17023,"date":"2018-07-20T16:13:52","date_gmt":"2018-07-20T15:13:52","guid":{"rendered":"https:\/\/arteconstructo.com\/technische-datenblaetter\/keim\/keim-biosil\/"},"modified":"2018-07-21T18:20:21","modified_gmt":"2018-07-21T17:20:21","slug":"keim-biosil","status":"publish","type":"page","link":"https:\/\/arteconstructo.com\/de\/keim-biosil\/","title":{"rendered":"KEIM BIOSIL"},"content":{"rendered":"<p><b>KEIM BIOSIL<\/b><\/p>\n<p><b>Produktbeschreibung<span class=\"Apple-converted-space\">\u00a0<\/span><\/b><\/p>\n<p>Keim Biosil ist eine anwendungsfertige Silikatfarbe f\u00fcr innen nach DIN EN 13 300 (erf\u00fcllt auch die Anforderungen nach DIN 18363 Abs. 2.4.1 Dispersionssilikatfarbe).<span class=\"Apple-converted-space\">\u00a0<\/span><\/p>\n<p><b>Anwendungsbereich<span class=\"Apple-converted-space\">\u00a0<\/span><\/b><\/p>\n<p>Keim Biosil ist f\u00fcr alle \u00fcblichen Innenwand- und Deckenfl\u00e4chen, z. B. in B\u00fcros, Wohn- und Schlafr\u00e4umen, K\u00fcchen, B\u00e4dern und Kellern geeignet. Besonders eignet sich Keim Biosil f\u00fcr sensible Bereiche wie Krankenh\u00e4user, Kinderg\u00e4rten oder Schulen und auch f\u00fcr R\u00e4ume, in denen Lebensmittel gelagert werden. Stark saugende oder absandende Untergr\u00fcnde werden mit Keim Soliprim vorbehandelt. Bei wei\u00dfen Anstrichen auf Gipskartonfl\u00e4chen bzw.<span class=\"Apple-converted-space\">\u00a0<\/span><\/p>\n<p>Fl\u00e4chen mit Gipsfleckspachtelungen ist ein Grundanstrich mit Keim Grundierweiss vorteilhaft. Auf reinen Gipsputzen (P IV a,b und P Va) ist Keim Grundierweiss nicht anzuwenden.<span class=\"Apple-converted-space\">\u00a0<\/span><\/p>\n<p>Empfehlenswert sind in diesem Fall Beschichtungen mit Keim Ecosil-ME oder Keim Optil. Ungeeignet sind Fl\u00e4chen mit Salzausbl\u00fchungen, Lackierungen sowie Holz.<span class=\"Apple-converted-space\">\u00a0<\/span><\/p>\n<p><b>Verarbeitungshinweise<span class=\"Apple-converted-space\">\u00a0<\/span><\/b><\/p>\n<p>Untergrundvorbehandlung und Verarbeitung:<span class=\"Apple-converted-space\">\u00a0<\/span><\/p>\n<p>Der Untergrund muss tragf\u00e4hig, trocken, sauber, staub- und fettfrei sein. Untergrund- und Lufttemperatur w\u00e4hrend der Verarbeitung und Trocknung &gt; 5\u00b0C.<span class=\"Apple-converted-space\">\u00a0<\/span><\/p>\n<p>Bei problematischen Untergr\u00fcnden, z. B. stark saugenden oder absandenden Fl\u00e4chen, wird eine Vorbehandlung mit Keim Soliprim erforderlich.<span class=\"Apple-converted-space\">\u00a0<\/span><\/p>\n<p>Auf Lehmputzen empfiehlt sich eine Vorbehandlung mit Keim Spezial-Fixativ, 1:1 mit Wasser verd\u00fcnnt. Der Grundanstrich ist mit 10 % Wasser zu verd\u00fcnnen, Schlussanstrich unverd\u00fcnnt.<span class=\"Apple-converted-space\">\u00a0<\/span><\/p>\n<p>Keim Biosil kann gestrichen, gerollt (Empfehlung bei glatten Untergr\u00fcnden, z. B. Gipskarton: kurzflorige Rolle) oder gespritzt werden (D\u00fcse 0,64 mm bzw. 0,025 inch; weitere Infos siehe TM zur Airless-Technik).<span class=\"Apple-converted-space\">\u00a0<\/span><\/p>\n<p>Im Allgemeinen ist ein Zeitabstand von mindestens 6 Stunden f\u00fcr einen zweimaligen Farbauftrag erforderlich.<span class=\"Apple-converted-space\">\u00a0<\/span><\/p>\n<p>Grundanstrich :<span class=\"Apple-converted-space\">\u00a0<\/span><\/p>\n<p>10 l Keim Biosil bis max. 1 l Wasser verd\u00fcnnen.<span class=\"Apple-converted-space\">\u00a0<\/span><\/p>\n<p>Schlussanstrich :<span class=\"Apple-converted-space\">\u00a0<\/span><\/p>\n<p>Keim Biosil, unverd\u00fcnnt.<span class=\"Apple-converted-space\">\u00a0<\/span><\/p>\n<p><b>Verbrauch<\/b><span class=\"Apple-converted-space\">\u00a0<\/span><\/p>\n<p>F\u00fcr zweimaligen Farbauftrag auf glattem Untergrund ben\u00f6tigt man ca. 220 ml Keim Biosil pro m2 (entspricht ca. 4,5 m\u00b2\/l). F\u00fcr einen einmaligen Farbauftrag auf glattem Untergrund ben\u00f6tigt man ca. 110 ml Keim Biosil pro m\u00b2 (entspricht ca. 9 m\u00b2\/l).<span class=\"Apple-converted-space\">\u00a0<\/span><\/p>\n<p><b>Reinigung der Werkzeuge<\/b><\/p>\n<p>Sofort nach Gebrauch mit Wasser reinigen.<\/p>\n<p><b>Lieferform<span class=\"Apple-converted-space\">\u00a0<\/span><\/b><\/p>\n<p>Eimer mit 5 l oder 15 l Inhalt<span class=\"Apple-converted-space\">\u00a0<\/span><\/p>\n<p><a href=\"https:\/\/arteconstructo.com\/wp-content\/uploads\/2016\/07\/KEIM-BIOSIL-Tech-Merkblatt.pdf\">Die PDF Version finden Sie hier<\/a><\/p>\n","protected":false},"excerpt":{"rendered":"<p>KEIM BIOSIL Produktbeschreibung\u00a0 Keim Biosil ist eine anwendungsfertige Silikatfarbe f\u00fcr innen nach DIN EN 13 300 (erf\u00fcllt auch die Anforderungen nach DIN 18363 Abs. 2.4.1 Dispersionssilikatfarbe).\u00a0 Anwendungsbereich\u00a0 Keim Biosil ist f\u00fcr alle \u00fcblichen Innenwand- und Deckenfl\u00e4chen, z. B. in B\u00fcros, Wohn- und Schlafr\u00e4umen, K\u00fcchen, B\u00e4dern und Kellern geeignet. Besonders eignet sich Keim Biosil f\u00fcr sensible&hellip;<\/p>\n","protected":false},"author":8,"featured_media":0,"parent":0,"menu_order":0,"comment_status":"closed","ping_status":"closed","template":"","meta":{"footnotes":""},"class_list":["post-17023","page","type-page","status-publish","hentry","description-off"],"_links":{"self":[{"href":"https:\/\/arteconstructo.com\/de\/wp-json\/wp\/v2\/pages\/17023","targetHints":{"allow":["GET"]}}],"collection":[{"href":"https:\/\/arteconstructo.com\/de\/wp-json\/wp\/v2\/pages"}],"about":[{"href":"https:\/\/arteconstructo.com\/de\/wp-json\/wp\/v2\/types\/page"}],"author":[{"embeddable":true,"href":"https:\/\/arteconstructo.com\/de\/wp-json\/wp\/v2\/users\/8"}],"replies":[{"embeddable":true,"href":"https:\/\/arteconstructo.com\/de\/wp-json\/wp\/v2\/comments?post=17023"}],"version-history":[{"count":0,"href":"https:\/\/arteconstructo.com\/de\/wp-json\/wp\/v2\/pages\/17023\/revisions"}],"wp:attachment":[{"href":"https:\/\/arteconstructo.com\/de\/wp-json\/wp\/v2\/media?parent=17023"}],"curies":[{"name":"wp","href":"https:\/\/api.w.org\/{rel}","templated":true}]}}