{"id":17022,"date":"2018-07-20T16:13:10","date_gmt":"2018-07-20T15:13:10","guid":{"rendered":"https:\/\/arteconstructo.com\/technische-datenblaetter\/keim\/keim-granital\/"},"modified":"2018-07-21T18:20:23","modified_gmt":"2018-07-21T17:20:23","slug":"keim-granital","status":"publish","type":"page","link":"https:\/\/arteconstructo.com\/de\/keim-granital\/","title":{"rendered":"KEIM GRANITAL"},"content":{"rendered":"<p><b>KEIM GRANITAL<\/b><\/p>\n<p><b>Produktbeschreibung<\/b><\/p>\n<p>Keim Granital ist eine wasserabweisende, streichfertige Fassadenfarbe auf Silikatbasis nach VOB\/C DIN 18363 Abs. 2.4.1 (Dispersionssilikatfarbe) mit absolut lichtbest\u00e4ndigen, anorganischen Pigmenten und mineralischen F\u00fcllstoffen.<\/p>\n<p><b>Anwendungsbereich<\/b><\/p>\n<p>Keim Granital kann auf allen mineralischen Untergr\u00fcnden eingesetzt werden. Keim Granital eignet sich dank seiner hervorragenden Produkteigenschaften sowohl zur Renovierung alter Bausubstanz wie auch im Neubaubereich. In Kombination mit den genau aufeinander abgestimmten Produktkomponenten des Keim Granital-Systems sind unterschiedlichste Anwendungsf\u00e4lle m\u00f6glich.<\/p>\n<p><b>Verarbeitungshinweise<\/b><\/p>\n<p>Verarbeitung :<\/p>\n<p>Keim Granital kann gestrichen, gerollt oder gespritzt werden (Airlessd\u00fcsen 0,79 mm bzw. 0,031 inch; weitere Infos siehe TM zur Airlesstechnik). F\u00fcr die Grundanstriche empfiehlt sich die Verarbeitung mit der Rolle oder B\u00fcrste.<\/p>\n<p>Grundanstrich:<\/p>\n<p>Keim Granital je nach Saugf\u00e4higkeit des Untergrundes mit bis zu max. 20 % verd\u00fcnnt mit Keim Fixativ oder Keim Spezial-Fixativ (25 kg Farbe plus max. 5 l Verd\u00fcnnung)<\/p>\n<p>Schlussanstrich:<\/p>\n<p>Keim Granital, unverd\u00fcnnt<\/p>\n<p>Zur Angleichung von Strukturunterschieden und\/oder zum Verschl\u00e4mmen kleiner Haarrisse wird Keim Granital-Grob als Grundanstrich eingesetzt. Bei starken Strukturunterschieden und\/oder vielen Haarrissen ist der Grundanstrich mit Keim Contact Plus auszuf\u00fchren. Bei sehr<\/p>\n<p>starker Beanspruchung wird ein dreimaliger Anstrichaufbau empfohlen. Auf schwierigen, schlecht und\/oder unterschiedlich saugf\u00e4higen Untergr\u00fcnden wird als Verd\u00fcnnung Keim Spezial-Fixativ empfohlen.<\/p>\n<p><b>Verarbeitungsbedingungen<\/b> :<\/p>\n<p>Umluft und Untergrundtemperatur &gt; + 5 \u00b0C. Nicht bei direkter Sonneneinstrahlung oder auf sonnenaufgeheizten Untergr\u00fcnden verarbeiten. Anstrichfl\u00e4chen w\u00e4hrend und nach der Verarbeitung vor direkter Sonne, Wind und Regen sch\u00fctzen.<\/p>\n<p><b>Verbrauch<\/b>:<\/p>\n<p>Auf glattem Untergrund f\u00fcr einen zweimaligen Anstrich mit Keim Granital pro m\u00b2:<\/p>\n<p>ca. 0,35 kg Keim Granital<\/p>\n<p>ca. 0,03 l Keim Fixativ oder Keim Spezial-Fixativ<\/p>\n<p><b>Lieferform<\/b><\/p>\n<p>5 kg und 25 kg Gebinde<\/p>\n<p><a href=\"https:\/\/arteconstructo.com\/wp-content\/uploads\/2016\/07\/KEIM-GRANITAL-Tech-Merkblatt.pdf\">Die PDF Version finden Sie hier<\/a><\/p>\n","protected":false},"excerpt":{"rendered":"<p>KEIM GRANITAL Produktbeschreibung Keim Granital ist eine wasserabweisende, streichfertige Fassadenfarbe auf Silikatbasis nach VOB\/C DIN 18363 Abs. 2.4.1 (Dispersionssilikatfarbe) mit absolut lichtbest\u00e4ndigen, anorganischen Pigmenten und mineralischen F\u00fcllstoffen. Anwendungsbereich Keim Granital kann auf allen mineralischen Untergr\u00fcnden eingesetzt werden. Keim Granital eignet sich dank seiner hervorragenden Produkteigenschaften sowohl zur Renovierung alter Bausubstanz wie auch im Neubaubereich. In&hellip;<\/p>\n","protected":false},"author":8,"featured_media":0,"parent":0,"menu_order":0,"comment_status":"closed","ping_status":"closed","template":"","meta":{"footnotes":""},"class_list":["post-17022","page","type-page","status-publish","hentry","description-off"],"_links":{"self":[{"href":"https:\/\/arteconstructo.com\/de\/wp-json\/wp\/v2\/pages\/17022","targetHints":{"allow":["GET"]}}],"collection":[{"href":"https:\/\/arteconstructo.com\/de\/wp-json\/wp\/v2\/pages"}],"about":[{"href":"https:\/\/arteconstructo.com\/de\/wp-json\/wp\/v2\/types\/page"}],"author":[{"embeddable":true,"href":"https:\/\/arteconstructo.com\/de\/wp-json\/wp\/v2\/users\/8"}],"replies":[{"embeddable":true,"href":"https:\/\/arteconstructo.com\/de\/wp-json\/wp\/v2\/comments?post=17022"}],"version-history":[{"count":0,"href":"https:\/\/arteconstructo.com\/de\/wp-json\/wp\/v2\/pages\/17022\/revisions"}],"wp:attachment":[{"href":"https:\/\/arteconstructo.com\/de\/wp-json\/wp\/v2\/media?parent=17022"}],"curies":[{"name":"wp","href":"https:\/\/api.w.org\/{rel}","templated":true}]}}