{"id":17021,"date":"2018-07-20T16:12:04","date_gmt":"2018-07-20T15:12:04","guid":{"rendered":"https:\/\/arteconstructo.com\/technische-datenblaetter\/keim\/keim-purkristalat\/"},"modified":"2018-07-21T18:20:24","modified_gmt":"2018-07-21T17:20:24","slug":"keim-purkristalat","status":"publish","type":"page","link":"https:\/\/arteconstructo.com\/de\/keim-purkristalat\/","title":{"rendered":"KEIM PURKRISTALAT"},"content":{"rendered":"<p><b>KEIM PURKRISTALAT<\/b><\/p>\n<p><b>Produktbeschreibung<\/b><\/p>\n<p>Keim Purkristalat ist eine Zweikomponentenfarbe nach VOB\/C DIN 18363 Abs.2.4.1 (Silikatfarbe), f\u00fcr Fassadenanstriche von h\u00f6chster Lebensdauer und Farbbrillanz. Keim Purkristalat besteht aus einer Farbpulver-Komponente und einer fl\u00fcssigen Wasserglas-Komponente (Fixativ) als Bindemittel.<\/p>\n<p><b>Anwendungsbereich<\/b><\/p>\n<p>Keim Purkristalat kann auf mineralischen, por\u00f6sen und mechanisch stabilen Untergr\u00fcnden, insbesondere auf Putzen, eingesetzt werden. Die oberste Putzlage muss mindestens eine Schichtdicke von 5 mm aufweisen. Leichtputze sind nicht geeignet.<\/p>\n<p>Keim Purkristalat eignet sich aufgrund seiner herausragenden Produkteigenschaften besonders zur Renovierung historischer Bausubstanz sowie zum Einsatz an Bauprojekten mit besonderen Anspr\u00fcchen an Lebensdauer und Farbbrillanz. In Kombination mit den genau aufeinander abgestimmten Produktkomponenten des KEIM Purkristalat-Systems sind vielf\u00e4ltigste Anwendungsvariationen m\u00f6glich.<\/p>\n<p><b>Verarbeitungshinweise<\/b><\/p>\n<p>Untergrundvorbereitung<\/p>\n<p>Der Untergrund muss tragf\u00e4hig, trocken, saugf\u00e4hig, sauber, staub- und fettfrei sein. Lose Teile, Verschmutzungen, \u00f6lhaltige Stoffe, Moose und Algen sind vollst\u00e4ndig zu entfernen.<\/p>\n<p>Alte, filmbildende Anstriche sind mit KEIM Dispersionsentferner restlos zu entfernen. F\u00fcr stark saugende oder sandende Untergr\u00fcnde empfiehlt sich eine Vorbehandlung mit KEIM Fixativ, 1:1 mit Wasser verd\u00fcnnt.<\/p>\n<p>Neuputze sind zur Entfernung von Sinterschichten mit KEIM \u00c4tzfl\u00fcssigkeit nach Vorschrift (siehe Technisches Merkblatt) vorzubehandeln.<\/p>\n<p>Einsumpfen:<\/p>\n<p>In 4 l KEIM Fixativ 5 kg KEIM Purkristalat-Farbpulver einsumpfen und bis zur Homogenit\u00e4t verr\u00fchren. Diese Mischung ergibt ca. 10 kg streichfertige Farbe f\u00fcr den Schlussanstrich.<\/p>\n<p>Anstrichaufbau je nach Untergrund:<\/p>\n<p>Normal beanspruchte, mineralische Untergr\u00fcnde:<span class=\"Apple-converted-space\">\u00a0<\/span><\/p>\n<p>Zweimaliger Anstrich<\/p>\n<p>Grundanstrich: 10 kg Keim Purkristalat eingesumpft +2 \u2013 6 l KEIM Fixativ<\/p>\n<p>Schlussanstrich: Keim Purkristalat eingesumpft, unverd\u00fcnnt<\/p>\n<p>Im Falle von wenigen, feinen Haarrissen sind dem Grundanstrich zus\u00e4tzlich 5 kg KEIM Kristall-Felsit zuzugeben.<\/p>\n<p><b>Verarbeitungsbedingungen<\/b><\/p>\n<p>Umluft und Untergrundtemperatur &gt; +5\u02daC. Nicht bei direkter Sonneneinstrahlung oder auf sonnenaufgeheizten Untergr\u00fcnden verarbeiten. Anstrichfl\u00e4chen w\u00e4hrend und nach der Verarbeitung vor direkter Sonne, Wind und Regen sch\u00fctzen.<\/p>\n<p><b>Verbrauch<\/b><\/p>\n<p>f\u00fcr einen zweimaligen Anstrich mit Keim Purkristalat:<\/p>\n<p>ca. 0,35 kg\/m2 KEIM Purkristalat-Farbpulver<\/p>\n<p><b>Lieferform<\/b><\/p>\n<p>KEIM Purkristalat-Farbpulver : 5 kg und 30 kg S\u00e4cke<\/p>\n<p>KEIM Fixativ : 4 l und 24 l \u2013 Blechgebinde<\/p>\n<p><a href=\"https:\/\/arteconstructo.com\/wp-content\/uploads\/2016\/07\/KEIM-PURKRISTALAT-Tech-Merkblatt.pdf\">Die PDF Version finden Sie hier<\/a><\/p>\n","protected":false},"excerpt":{"rendered":"<p>KEIM PURKRISTALAT Produktbeschreibung Keim Purkristalat ist eine Zweikomponentenfarbe nach VOB\/C DIN 18363 Abs.2.4.1 (Silikatfarbe), f\u00fcr Fassadenanstriche von h\u00f6chster Lebensdauer und Farbbrillanz. Keim Purkristalat besteht aus einer Farbpulver-Komponente und einer fl\u00fcssigen Wasserglas-Komponente (Fixativ) als Bindemittel. Anwendungsbereich Keim Purkristalat kann auf mineralischen, por\u00f6sen und mechanisch stabilen Untergr\u00fcnden, insbesondere auf Putzen, eingesetzt werden. Die oberste Putzlage muss mindestens&hellip;<\/p>\n","protected":false},"author":8,"featured_media":0,"parent":0,"menu_order":0,"comment_status":"closed","ping_status":"closed","template":"","meta":{"footnotes":""},"class_list":["post-17021","page","type-page","status-publish","hentry","description-off"],"_links":{"self":[{"href":"https:\/\/arteconstructo.com\/de\/wp-json\/wp\/v2\/pages\/17021","targetHints":{"allow":["GET"]}}],"collection":[{"href":"https:\/\/arteconstructo.com\/de\/wp-json\/wp\/v2\/pages"}],"about":[{"href":"https:\/\/arteconstructo.com\/de\/wp-json\/wp\/v2\/types\/page"}],"author":[{"embeddable":true,"href":"https:\/\/arteconstructo.com\/de\/wp-json\/wp\/v2\/users\/8"}],"replies":[{"embeddable":true,"href":"https:\/\/arteconstructo.com\/de\/wp-json\/wp\/v2\/comments?post=17021"}],"version-history":[{"count":0,"href":"https:\/\/arteconstructo.com\/de\/wp-json\/wp\/v2\/pages\/17021\/revisions"}],"wp:attachment":[{"href":"https:\/\/arteconstructo.com\/de\/wp-json\/wp\/v2\/media?parent=17021"}],"curies":[{"name":"wp","href":"https:\/\/api.w.org\/{rel}","templated":true}]}}