{"id":17020,"date":"2018-07-20T16:10:48","date_gmt":"2018-07-20T15:10:48","guid":{"rendered":"https:\/\/arteconstructo.com\/technische-datenblaetter\/unilit\/unilit-pedes-n-m-f-pedes-g-f-schutzmortel-mit-hohem-widerstand\/"},"modified":"2018-08-02T10:16:28","modified_gmt":"2018-08-02T09:16:28","slug":"unilit-pedes-n-m-f-pedes-g-f-schutzmortel-mit-hohem-widerstand","status":"publish","type":"page","link":"https:\/\/arteconstructo.com\/de\/unilit-pedes-n-m-f-pedes-g-f-schutzmortel-mit-hohem-widerstand\/","title":{"rendered":"UNILIT PEDES N\/M\/F (PEDES G\/-\/F) SCHUTZMORTEL MIT HOHEM WIDERSTAND"},"content":{"rendered":"<h2><strong>UNILIT PEDES N\/M\/F (PEDES G\/-\/F) SCHUTZMORTEL MIT HOHEM WIDERSTAND<\/strong><\/h2>\n<p>Baubeschreibungen : B\u00f6den, Fugen, Geneigte Fl\u00e4chen<\/p>\n<p><strong>Eigenschaften<\/strong><\/p>\n<p>Unilit PEDES N, M und F sind traditionelle, trocken vorgemischter Mineralm\u00f6rtel aus nat\u00fcrlichem hydraulische Kalk als Bindemittel und geeigneten gut abgestuften Zusatzstoffen.<\/p>\n<p>Unilit PEDES N, M und F werden charakterisiert durch die starke Haftung, die hohe Plastizit\u00e4t, den niedrigen Gehalt von l\u00f6slichen Salzen und der ausserordentlichen Wasserdampfdurchl\u00e4ssigkeit. Diese nat\u00fcrlichen hydraulische Kalk sind von Grund auf stabil und daf\u00fcr konzipiert Probleme mit Haarrissen durch zu schnelle Trocknung zu verhindern.<\/p>\n<p>Der nat\u00fcrlichem hydraulische Kalk der f\u00fcr die Herstellung der Vormischung verwendet wird entspricht dem europ\u00e4ischen Standard EN 495-1 f\u00fcr Baukalk.\u00a0 Die M\u00f6rtel Unilit PEDES N, M und F entsprechen der europ\u00e4ischen Norm UNI EN 998-1.<\/p>\n<p>&nbsp;<\/p>\n<p><strong>Einsatzbereich<\/strong><\/p>\n<p>Unilit PEDES N, M und F werden zur Beschichtung von Kalkb\u00f6den oder als Schutzschicht mit hoher Resistenz in Bereichen eingesetzt, die schlechtem Wetter ausgesetzt werden (geneigte Fl\u00e4chen, Fugen etc&#8230;.).<\/p>\n<p>&nbsp;<\/p>\n<p><strong>Anwendung<\/strong><\/p>\n<p>Vor der Anwendung muss der Untergrund ges\u00e4ubert und von \u00d6l und Schmierfett gereinigt werden. Der Untergrund sollte idealerweise auch leicht angefeuchtet werden.<\/p>\n<p>Die S\u00e4ttigung des Untergrunds ist nicht zu empfehlen, da die Haftung des hydraulischen Kalkm\u00f6rtels auf dem Untergrund und somit das \u00e4sthetische Ergebnis negativ beeinflusst werden w\u00fcrden.<\/p>\n<p>&nbsp;<\/p>\n<p>Der M\u00f6rtel wird manuell mit einer Kelle aufgetragen. Eine Trocknungsdauer von 4 bis 7 Tagen muss vor der weiteren Behandlung\u00a0 (mit \u00d6l etc.) eingehalten werden.<\/p>\n<p>Der M\u00f6rtel wird mit klarem Wasser bei niedriger Geschwindigkeit mit einem elektrischen R\u00fchrstab f\u00fcr max. 3 Minuten (6,5 l Wasser f\u00fcr einen 30 kg Sack) vermengt. Es entsteht ein cremiger M\u00f6rtel der f\u00fcr etwa 3 Stunden verwendet werden kann.<\/p>\n<p>Der M\u00f6rtel darf bei Temperaturen unter +5\u00b0C oder bei Frostrisiko nicht angebracht werden. Das Produkt sollte nie bei Frost oder starkem Nebel aufgetragen werden. Bei heissen, windigen und trockenen Bedingungen sollten Massnahmen getroffen werden um die vorzeitige Trocknung des frisch aufgetragenen Produktes zu verhindern. Der aufgetragene M\u00f6rtel muss f\u00fcr 48 bis 72 Stunden vor Frost und direktem Sonnenlicht gesch\u00fctzt werden.<\/p>\n<p><a href=\"https:\/\/arteconstructo.com\/wp-content\/uploads\/2018\/08\/UNILIT-PEDES-N-M-F-Techn-Merkb.pdf\">Die PDF Version finden Sie hier<\/a><\/p>\n","protected":false},"excerpt":{"rendered":"<p>UNILIT PEDES N\/M\/F (PEDES G\/-\/F) SCHUTZMORTEL MIT HOHEM WIDERSTAND Baubeschreibungen : B\u00f6den, Fugen, Geneigte Fl\u00e4chen Eigenschaften Unilit PEDES N, M und F sind traditionelle, trocken vorgemischter Mineralm\u00f6rtel aus nat\u00fcrlichem hydraulische Kalk als Bindemittel und geeigneten gut abgestuften Zusatzstoffen. Unilit PEDES N, M und F werden charakterisiert durch die starke Haftung, die hohe Plastizit\u00e4t, den niedrigen&hellip;<\/p>\n","protected":false},"author":8,"featured_media":0,"parent":0,"menu_order":0,"comment_status":"closed","ping_status":"closed","template":"","meta":{"footnotes":""},"class_list":["post-17020","page","type-page","status-publish","hentry","description-off"],"_links":{"self":[{"href":"https:\/\/arteconstructo.com\/de\/wp-json\/wp\/v2\/pages\/17020","targetHints":{"allow":["GET"]}}],"collection":[{"href":"https:\/\/arteconstructo.com\/de\/wp-json\/wp\/v2\/pages"}],"about":[{"href":"https:\/\/arteconstructo.com\/de\/wp-json\/wp\/v2\/types\/page"}],"author":[{"embeddable":true,"href":"https:\/\/arteconstructo.com\/de\/wp-json\/wp\/v2\/users\/8"}],"replies":[{"embeddable":true,"href":"https:\/\/arteconstructo.com\/de\/wp-json\/wp\/v2\/comments?post=17020"}],"version-history":[{"count":0,"href":"https:\/\/arteconstructo.com\/de\/wp-json\/wp\/v2\/pages\/17020\/revisions"}],"wp:attachment":[{"href":"https:\/\/arteconstructo.com\/de\/wp-json\/wp\/v2\/media?parent=17020"}],"curies":[{"name":"wp","href":"https:\/\/api.w.org\/{rel}","templated":true}]}}