{"id":17019,"date":"2018-07-20T16:09:48","date_gmt":"2018-07-20T15:09:48","guid":{"rendered":"https:\/\/arteconstructo.com\/technische-datenblaetter\/unilit\/unilit-c-td-13-c-basismortel-mit-hoher-festigkeit\/"},"modified":"2018-07-21T18:20:38","modified_gmt":"2018-07-21T17:20:38","slug":"unilit-c-td-13-c-basismortel-mit-hoher-festigkeit","status":"publish","type":"page","link":"https:\/\/arteconstructo.com\/de\/unilit-c-td-13-c-basismortel-mit-hoher-festigkeit\/","title":{"rendered":"UNILIT C (TD 13 C) BASISM\u00d6RTEL MIT HOHER FESTIGKEIT"},"content":{"rendered":"<p><b>UNILIT C (TD 13 C) BASISM\u00d6RTEL MIT HOHER FESTIGKEIT<\/b><\/p>\n<p>Baubeschreibungen : Betonbewehrungsm\u00f6rtel<\/p>\n<p><b>Eigenschaften<\/b><\/p>\n<p>Unilit C ist ein traditioneller, trocken vorgemischter Mineralm\u00f6rtel aus nat\u00fcrlichem hydraulischem Kalk als Bindemittel und geeigneten gut abgestuften Zusatzstoffen. <span class=\"Apple-converted-space\">\u00a0<\/span><\/p>\n<p>Unilit C ist charakterisiert durch seine starke Haftung, die hohe Plastizit\u00e4t, dem niedrigen Gehalt von<span class=\"Apple-converted-space\">\u00a0 <\/span>l\u00f6slichen Salzen und der ausserordentlichen Wasserdampfdurchl\u00e4ssigkeit. Dieser nat\u00fcrliche hydraulischem Kalkm\u00f6rtel ist von Grund auf stabil und daf\u00fcr konzipiert Probleme mit Haarrissen durch zu schnelle Trocknung zu verhindern. <span class=\"Apple-converted-space\">\u00a0<\/span><\/p>\n<p>Der nat\u00fcrliche hydraulischem Kalk der f\u00fcr die Herstellung der Vormischung verwendet wird entspricht dem europ\u00e4ischen Standard EN 495-1 f\u00fcr Baukalk. Der M\u00f6rtel Unilit C entspricht der europ\u00e4ischen Norm UNI EN 998-1.<\/p>\n<p><b>Einsatzbereich<\/b><\/p>\n<p>Unilit C ist geeigenet f\u00fcr<span class=\"Apple-converted-space\">\u00a0<\/span><\/p>\n<p>die Stabilisierung und Sicherung von soliden Ziegel- oder Steinmauern mit Strukturschw\u00e4chen ;<\/p>\n<p>die Restauration oder Umsetzung von Randsteinen in Ziegelmauern, verst\u00e4rkt mit Stahlgitter, Fiberglas, Karbonfaser oder Basalt ;<\/p>\n<p>die St\u00fctzung von Holzbalken ;<\/p>\n<p>die Einarbeitung oder das Ausf\u00fcllen von Ziegel- oder Steinmauern ;<\/p>\n<p>St\u00e4rkung von Verkettungen, Bewehrungsst\u00e4ben, Zuganker etc. aus Metall, Glasfaser, Karbon etc. ;<\/p>\n<p>die Herstellung von Beton mit Kies in durchschnittlicher Menge von 15% f\u00fcr 5-8 mm und ca. 30% f\u00fcr 5-36 mm (gem\u00e4ss F\u00fcller Kurve).<span class=\"Apple-converted-space\">\u00a0<\/span><\/p>\n<p><b>Anwendung<\/b><\/p>\n<p>Vor der Anwendung muss der Untergrund ges\u00e4ubert und von \u00d6l und Schmierfett gereinigt werden. Der Untergrund sollte idealerweise auch leicht angefeuchtet werden.<span class=\"Apple-converted-space\">\u00a0<\/span><\/p>\n<p>Die S\u00e4ttigung des Untergrunds ist nicht zu empfehlen, da die Haftung des hydraulischen Kalkm\u00f6rtels auf dem Untergrund und somit das \u00e4sthetische Ergebnis negativ beeinflusst werden w\u00fcrden.<span class=\"Apple-converted-space\">\u00a0<\/span><\/p>\n<p>Wenn der Untergrund vorbereitet ist wird das Gitter mit anderen Bewehrungsformen dem Konstruktionsplan entsprechend aufgebracht.<span class=\"Apple-converted-space\">\u00a0<\/span><\/p>\n<p>Der M\u00f6rtel wird mit voller Deckung \u00fcber das Gitter (min. 10mm) oder das Bewehrungselement vollst\u00e4ndig umschliessend aufgetragen, wobei besonderes Augenmerk auf das F\u00fcllen aller L\u00fccken zwischen den Mauerwerkelementen gelegt wird. Nicht abst\u00fctzen, wenn eine erste verst\u00e4rkende Schicht aufgetragen wird. Abh\u00e4ngig von der Feuchtigkeit des Untergrunds ist das Gitter gegebenenfalls mit einem geeigneten Schutz und\/oder einer Antirost-Beschichtung zu versehen oder es sollten Gitter und Bewehrungselemente aus rostfreiem Edelstahl oder einem organischen Material (Glasfaser, Karbon etc.) verwendet werden.<span class=\"Apple-converted-space\">\u00a0<\/span><\/p>\n<p>Der M\u00f6rtel wird mit sauberem Wasser im Verh\u00e4ltnis von 4,5 Liter Wasser auf einen 30 kg Sack nat\u00fcrlichem hydraulischem Kalkpulver anger\u00fchrt. Der M\u00f6rtel wird mit einer elektrischen R\u00fchrstange f\u00fcr weniger als 3 Minuten langsam verr\u00fchrt. Es entsteht ein cremiger M\u00f6rtel der f\u00fcr etwa 2 Stunden verwendet werden kann.<span class=\"Apple-converted-space\">\u00a0<\/span><\/p>\n<p>Der M\u00f6rtel darf bei Temperaturen unter +5\u00b0C oder bei Frostrisiko nicht angebracht werden. Das Produkt sollte nie bei Frost oder starkem Nebel aufgetragen werden. Bei heissen, windigen und trockenen Bedingungen sollten Massnahmen getroffen werden um die vorzeitige Trocknung des frisch aufgetragenen Produktes zu verhindern. Der aufgetragene M\u00f6rtel muss f\u00fcr 48 bis 72 Stunden vor Frost und direktem Sonnenlicht gesch\u00fctzt werden.<span class=\"Apple-converted-space\">\u00a0<\/span><\/p>\n<p><a href=\"https:\/\/arteconstructo.com\/wp-content\/uploads\/2016\/07\/UNILIT-C-Techn-Merkb.pdf\">Die PDF Version finden Sie hier<\/a><\/p>\n","protected":false},"excerpt":{"rendered":"<p>UNILIT C (TD 13 C) BASISM\u00d6RTEL MIT HOHER FESTIGKEIT Baubeschreibungen : Betonbewehrungsm\u00f6rtel Eigenschaften Unilit C ist ein traditioneller, trocken vorgemischter Mineralm\u00f6rtel aus nat\u00fcrlichem hydraulischem Kalk als Bindemittel und geeigneten gut abgestuften Zusatzstoffen. \u00a0 Unilit C ist charakterisiert durch seine starke Haftung, die hohe Plastizit\u00e4t, dem niedrigen Gehalt von\u00a0 l\u00f6slichen Salzen und der ausserordentlichen Wasserdampfdurchl\u00e4ssigkeit. Dieser&hellip;<\/p>\n","protected":false},"author":8,"featured_media":0,"parent":0,"menu_order":0,"comment_status":"closed","ping_status":"closed","template":"","meta":{"footnotes":""},"class_list":["post-17019","page","type-page","status-publish","hentry","description-off"],"_links":{"self":[{"href":"https:\/\/arteconstructo.com\/de\/wp-json\/wp\/v2\/pages\/17019","targetHints":{"allow":["GET"]}}],"collection":[{"href":"https:\/\/arteconstructo.com\/de\/wp-json\/wp\/v2\/pages"}],"about":[{"href":"https:\/\/arteconstructo.com\/de\/wp-json\/wp\/v2\/types\/page"}],"author":[{"embeddable":true,"href":"https:\/\/arteconstructo.com\/de\/wp-json\/wp\/v2\/users\/8"}],"replies":[{"embeddable":true,"href":"https:\/\/arteconstructo.com\/de\/wp-json\/wp\/v2\/comments?post=17019"}],"version-history":[{"count":0,"href":"https:\/\/arteconstructo.com\/de\/wp-json\/wp\/v2\/pages\/17019\/revisions"}],"wp:attachment":[{"href":"https:\/\/arteconstructo.com\/de\/wp-json\/wp\/v2\/media?parent=17019"}],"curies":[{"name":"wp","href":"https:\/\/api.w.org\/{rel}","templated":true}]}}