{"id":17018,"date":"2018-07-20T16:08:36","date_gmt":"2018-07-20T15:08:36","guid":{"rendered":"https:\/\/arteconstructo.com\/technische-datenblaetter\/unilit\/unilit-b-fluid-xb-injektionsmasse\/"},"modified":"2018-07-21T18:20:37","modified_gmt":"2018-07-21T17:20:37","slug":"unilit-b-fluid-xb-injektionsmasse","status":"publish","type":"page","link":"https:\/\/arteconstructo.com\/de\/unilit-b-fluid-xb-injektionsmasse\/","title":{"rendered":"UNILIT B-FLUID XB INJEKTIONSMASSE"},"content":{"rendered":"<p><b>UNILIT B-FLUID XB INJEKTIONSMASSE<\/b><\/p>\n<p>Baubeschreibungen : Pl\u00e4tteln, Dachdeckung, Mauern und Fugen<\/p>\n<p><b>Eigenschaften<\/b><\/p>\n<p>Unilit B-Fluid XB ist ein traditioneller, trocken vorgemischter, ultrafeiner, mineralischer<span class=\"Apple-converted-space\">\u00a0 <\/span>Injektions- und Haftm\u00f6rtel auf Basis von nat\u00fcrlichem hydraulischem Kalk als Bindemittel und passenden ultrafeinen F\u00fclllstoffen mit bestimmter Kornverteilung.<\/p>\n<p>Unilit B-Fluid XB hat eine langsame aber hohe Haftf\u00e4higkeit, eine hohe Plastizit\u00e4t, einen geringen Anteil wasserl\u00f6slicher Salze und eine ausgezeichnete Dampfdurchl\u00e4ssigkeit. Dieser nat\u00fcrliche hydraulische Kalkm\u00f6rtel ist sehr stabil und optimal geeignet, Probleme mit Mikrorissen und schnellem Austrocknen zu vermeiden.<\/p>\n<p>Der nat\u00fcrliche hydraulische Kalk, verwendet als Bindemittel, entspricht der europ\u00e4ischen Norm EN 459-1. Der M\u00f6rtel Unilit B-Fluid XB entspricht der europ\u00e4ischen Norm UNI EN 998-1.<\/p>\n<p><b>Einsatzbereich<\/b><\/p>\n<p>Unilit B-Fluid XB wird als feiner Injektionsm\u00f6rtel verwendet, um losen Stuck und lockere Fresken wieder zu befestigen.<\/p>\n<p>Dank der nat\u00fcrlichen Porenstruktur und dem geringen Anteil wasserl\u00f6slicher Salze reguliert Unilit B-Fluid XB den Feuchtehaushalt des Mauerwerkes; damit kann ein Gro\u00dfteil der bekannten Probleme mit Stockflecken, Salzausbl\u00fchungen und \u00c4hnlichem ausgeschlossen werden, wenn die Unterschicht in gutem Zustand ist.<\/p>\n<p><b>Anwendung<\/b><\/p>\n<p>Verteilt \u00fcber die Injektionszone werden in Reihe Injektions\u00f6ffnungen gebohrt in einem Abstand von 10 cm. Die \u00d6ffnungen sollten so klein wie m\u00f6glich sein, h\u00e4ngen aber von der Art des Injektionsapparates ab. Die \u00d6ffnungen sind reihenversetzt so zu bohren, da\u00df sie nicht \u00fcbereinander sitzen. Bevor mit dem Injizieren begonnen wird, sind die Bohrungen mit sauberem Wasser zu reinigen und zu befeuchten.<\/p>\n<p>Der M\u00f6rtel wird mit sauberem Wasser im Verh\u00e4ltnis 5,5 bis 7,5 l zu 20 kg Kalkm\u00f6rtel gemischt. Das Mischen erfolgt in einem langsam drehenden Mischer in einer Mischzeit von 5 \u2013 8 Minuten, bis ein gut zu verarbeitender, homogener M\u00f6rtel entsteht. Die Verarbeitungszeit betr\u00e4gt 2 Stunden.<\/p>\n<p>Mit dem Injektionsapparat wird der M\u00f6rtel unter einem Druck von 1 \u2013 2 bar in die Bohrungen injeziert. Der Injektionsdruck ist w\u00e4hrend des Einpre\u00dfvorganges an die Festigkeit des Untergrundes anzupassen. Injeziert wird von unten nach oben. Der einzelne Vorgang ist beendet, wenn der Injektionsm\u00f6rtel an der darunterliegenden \u00d6ffnung austritt. 1 bis 2 Tage trocknen lassen.<\/p>\n<p>Den M\u00f6rtel nicht auftragen bei weniger als +5\u00b0C, ebenso wenig bei Nebel oder auf angefrorenem Untergrund. Bei sonnigen und trocknen Perioden zu schnelles Austrocknen der frischen Mischung vermeiden. Vor Frost und starker Sonneneinstrahlung w\u00e4hrend der ersten 48 bis 72 Stunden sch\u00fctzen.<\/p>\n<p>&nbsp;<\/p>\n","protected":false},"excerpt":{"rendered":"<p>UNILIT B-FLUID XB INJEKTIONSMASSE Baubeschreibungen : Pl\u00e4tteln, Dachdeckung, Mauern und Fugen Eigenschaften Unilit B-Fluid XB ist ein traditioneller, trocken vorgemischter, ultrafeiner, mineralischer\u00a0 Injektions- und Haftm\u00f6rtel auf Basis von nat\u00fcrlichem hydraulischem Kalk als Bindemittel und passenden ultrafeinen F\u00fclllstoffen mit bestimmter Kornverteilung. Unilit B-Fluid XB hat eine langsame aber hohe Haftf\u00e4higkeit, eine hohe Plastizit\u00e4t, einen geringen Anteil&hellip;<\/p>\n","protected":false},"author":8,"featured_media":0,"parent":0,"menu_order":0,"comment_status":"closed","ping_status":"closed","template":"","meta":{"footnotes":""},"class_list":["post-17018","page","type-page","status-publish","hentry","description-off"],"_links":{"self":[{"href":"https:\/\/arteconstructo.com\/de\/wp-json\/wp\/v2\/pages\/17018","targetHints":{"allow":["GET"]}}],"collection":[{"href":"https:\/\/arteconstructo.com\/de\/wp-json\/wp\/v2\/pages"}],"about":[{"href":"https:\/\/arteconstructo.com\/de\/wp-json\/wp\/v2\/types\/page"}],"author":[{"embeddable":true,"href":"https:\/\/arteconstructo.com\/de\/wp-json\/wp\/v2\/users\/8"}],"replies":[{"embeddable":true,"href":"https:\/\/arteconstructo.com\/de\/wp-json\/wp\/v2\/comments?post=17018"}],"version-history":[{"count":0,"href":"https:\/\/arteconstructo.com\/de\/wp-json\/wp\/v2\/pages\/17018\/revisions"}],"wp:attachment":[{"href":"https:\/\/arteconstructo.com\/de\/wp-json\/wp\/v2\/media?parent=17018"}],"curies":[{"name":"wp","href":"https:\/\/api.w.org\/{rel}","templated":true}]}}