{"id":17017,"date":"2018-07-20T16:07:11","date_gmt":"2018-07-20T15:07:11","guid":{"rendered":"https:\/\/arteconstructo.com\/technische-datenblaetter\/unilit\/unilit-b-fluid-0-1-2-4-injektionsmortel\/"},"modified":"2020-05-20T15:18:31","modified_gmt":"2020-05-20T14:18:31","slug":"unilit-b-fluid-0-1-2-4-injektionsmortel","status":"publish","type":"page","link":"https:\/\/arteconstructo.com\/de\/unilit-b-fluid-0-1-2-4-injektionsmortel\/","title":{"rendered":"UNILIT B-FLUID 0-1-2-4 INJEKTIONSM\u00d6RTEL"},"content":{"rendered":"<p><b>UNILIT B-FLUID 0-1-2-4 INJEKTIONSM\u00d6RTEL<\/b><\/p>\n<p>Baubeschreibungen : Pl\u00e4tteln, Dachdeckung, Mauern und Fugen<\/p>\n<p><b>Eigenschaften<\/b><\/p>\n<p>Unilit B-Fluid 0-1-2 und 4 sind traditionelle, trocken vorgemischte, mineralische Injektionsm\u00f6rtel, hergestellt aus nat\u00fcrlichem hydraulischem Kalk als Binder und ausgew\u00e4hlten Zuschlagstoffen mit ausgew\u00e4hlter Korngr\u00f6\u00dfe.<\/p>\n<p>Unilit B-Fluid 0-1-2 und 4 haben eine langsame aber hohe Haftf\u00e4higkeit, eine hohe Plastizit\u00e4t, einen geringen Anteil wasserl\u00f6slicher Salze und eine ausgezeichnete Dampfdurchl\u00e4ssigkeit. Dieser nat\u00fcrliche hydraulische Kalkm\u00f6rtel ist sehr stabil und optimal geeignet, Probleme mit Mikrorissen und schnellem Austrocknen zu vermeiden.<\/p>\n<p>Der nat\u00fcrliche hydraulische Kalk, verwendet als Bindemittel, entspricht der europ\u00e4ischen Norm EN 459-1.<span class=\"Apple-converted-space\">\u00a0 <\/span>Die M\u00f6rtels Unilit B-Fluid 0-1-2 und 4 entsprichen der europ\u00e4ischen Norm UNI EN 998-1.<span class=\"Apple-converted-space\">\u00a0<\/span><\/p>\n<p><b>Einsatzbereich<\/b><\/p>\n<p>Unilit B-Fluid 0-1-2 und 4 in verschiedenen Korngr\u00f6\u00dfen werden als Injektionsm\u00f6rtel eingesetzt, um unter dem Einflu\u00df der Schwerkraft<span class=\"Apple-converted-space\">\u00a0<\/span><\/p>\n<p>und\/oder eines bestimmten Arbeitsdruckes Hohlr\u00e4ume, gro\u00dfe und kleine Risse in einer Struktur aufzuf\u00fcllen, um die besch\u00e4digte Struktur zu konsolidieren und zu verst\u00e4rken Die Art des Injektionsm\u00f6rtel steht in Abh\u00e4ngigkeit zu den aufzuf\u00fcllenden Hohlr\u00e4umen, wobei Unilit B-Fluid 4 f\u00fcr gr\u00f6\u00dfere Hohlr\u00e4ume und Unilit B-Fluid 0, zum Beispiel, eingesetzt wird, um kleinere Risse und Hohlr\u00e4ume aufzuf\u00fcllen. Aufeinanderfolgende Injektionen mit immer feiner werdenden Injektionsm\u00f6rteln k\u00f6nnen helfen, das gew\u00fcnschte Endresultat zu erzielen. Im Fall eines gr\u00f6\u00dferen Schadens kann mit Hilfe eines Edelstahl- oder Glasfaserstabes eine bessere Konsolidierung erreicht werden. Der Stab (20 mm Durchmesser) wird in eine Bohrung gesetzt (40 \u2013 50 mm) und mit Unilit B-Fluid 2 verankert. Dank der nat\u00fcrlichen Eigenschaft von hydraulischem Kalk k\u00f6nnen bekannte Probleme wie Salzausbl\u00fchungen ausgeschlossen werden.<\/p>\n<p><b>Anwendung<\/b><\/p>\n<p>Verteilt \u00fcber die Injektionszone werden in Reihe Injektions\u00f6ffnungen gebohrt in einem Abstand untereinander, der abh\u00e4ngig ist vom Injektionsvolumen, vom Injektionsmaterial und dem Arbeitsdruck. Die Injektionsbohrungen werden versetzt gebohrt, soda\u00df die Reihen von Bohrungen sich nicht direkt \u00fcbereinander befinden. Vor Beginn der Injektionsarbeit werden die Bohrungen mit sauberem Wasser gereinigt und befeuchtet.<\/p>\n<p>Der M\u00f6rtel wird mit sauberem Wasser in einer langsam drehenden Mischmaschine in 5 bis 8 Minuten gemischt, bis sich ein sehr gut verarbeitbarer M\u00f6rtel ergibt, der w\u00e4hrend 2 Stunden verarbeitbar bleibt.<\/p>\n<p>Der M\u00f6rtel wird manuell oder mechanisch injeziert. Der genaue Arbeitsdruck mit maximal 2 bar wird bestimmt in Abh\u00e4ngigkeit von der Festigkeit des Untergrundes und wenn notwendig,w\u00e4hrend des Einpre\u00dfvorganges angepa\u00dft. Die Injektion erfolgt von unten nach oben. Sie ist f\u00fcr die jeweilige Bohrung beendet, wenn der Injektionsm\u00f6rtel an der darunter liegenden Bohrung austritt. 1 bis 2 Tage trocknen lassen.<\/p>\n<p>Den M\u00f6rtel nicht auftragen bei unter +5\u00b0C, ebenso wenig bei Nebel und aus angefrorenem Untergrund. Bei sonnigen und trocknen Perioden zu schnelles Austrocknen vermeiden. Vor Frost und starker Sonneneinstrahlung w\u00e4hrend der ersten 48 bis 72 Stunden sch\u00fctzen.<\/p>\n<p><a href=\"https:\/\/arteconstructo.com\/wp-content\/uploads\/2020\/05\/UNILIT-B-Fluid-0-1-2-4-Techn-Merkb.pdf\">Die PDF Version finden Sie hier<\/a><\/p>\n","protected":false},"excerpt":{"rendered":"<p>UNILIT B-FLUID 0-1-2-4 INJEKTIONSM\u00d6RTEL Baubeschreibungen : Pl\u00e4tteln, Dachdeckung, Mauern und Fugen Eigenschaften Unilit B-Fluid 0-1-2 und 4 sind traditionelle, trocken vorgemischte, mineralische Injektionsm\u00f6rtel, hergestellt aus nat\u00fcrlichem hydraulischem Kalk als Binder und ausgew\u00e4hlten Zuschlagstoffen mit ausgew\u00e4hlter Korngr\u00f6\u00dfe. Unilit B-Fluid 0-1-2 und 4 haben eine langsame aber hohe Haftf\u00e4higkeit, eine hohe Plastizit\u00e4t, einen geringen Anteil wasserl\u00f6slicher Salze&hellip;<\/p>\n","protected":false},"author":8,"featured_media":0,"parent":0,"menu_order":0,"comment_status":"closed","ping_status":"closed","template":"","meta":{"footnotes":""},"class_list":["post-17017","page","type-page","status-publish","hentry","description-off"],"_links":{"self":[{"href":"https:\/\/arteconstructo.com\/de\/wp-json\/wp\/v2\/pages\/17017","targetHints":{"allow":["GET"]}}],"collection":[{"href":"https:\/\/arteconstructo.com\/de\/wp-json\/wp\/v2\/pages"}],"about":[{"href":"https:\/\/arteconstructo.com\/de\/wp-json\/wp\/v2\/types\/page"}],"author":[{"embeddable":true,"href":"https:\/\/arteconstructo.com\/de\/wp-json\/wp\/v2\/users\/8"}],"replies":[{"embeddable":true,"href":"https:\/\/arteconstructo.com\/de\/wp-json\/wp\/v2\/comments?post=17017"}],"version-history":[{"count":0,"href":"https:\/\/arteconstructo.com\/de\/wp-json\/wp\/v2\/pages\/17017\/revisions"}],"wp:attachment":[{"href":"https:\/\/arteconstructo.com\/de\/wp-json\/wp\/v2\/media?parent=17017"}],"curies":[{"name":"wp","href":"https:\/\/api.w.org\/{rel}","templated":true}]}}