{"id":17016,"date":"2018-07-20T16:05:32","date_gmt":"2018-07-20T15:05:32","guid":{"rendered":"https:\/\/arteconstructo.com\/technische-datenblaetter\/unilit\/unilit-1320-td-13-20-leichter-maurermortel\/"},"modified":"2020-05-20T15:21:14","modified_gmt":"2020-05-20T14:21:14","slug":"unilit-1320-td-13-20-leichter-maurermortel","status":"publish","type":"page","link":"https:\/\/arteconstructo.com\/de\/unilit-1320-td-13-20-leichter-maurermortel\/","title":{"rendered":"UNILIT 1320 (TD 13\/20) LEICHTER MAURERM\u00d6RTEL"},"content":{"rendered":"<p><b>UNILIT 1320 (TD 13\/20) LEICHTER MAURERM\u00d6RTEL<\/b><\/p>\n<p>Baubeschreibungen : Mauern und Fugen<\/p>\n<p><b>Eigenschaften<\/b><\/p>\n<p>Unilit 1320 ist ein traditioneller, vorgemischter Mauer- und Fugenm\u00f6rtel, hergestellt aus nat\u00fcrlichem hydraulischem Kalk als Binder und ausgew\u00e4hlten leichten Zuschlagstoffen mit ausgew\u00e4hlter Korngr\u00f6\u00dfe.<\/p>\n<p>Unilit 1320 hat eine langsame aber hohe Haftf\u00e4higkeit, eine hohe Plastizit\u00e4t, einen geringen Anteil wasserl\u00f6slicher Salze und eine ausgezeichnete Dampfdurchl\u00e4ssigkeit. Dieser nat\u00fcrliche hydraulische Kalkm\u00f6rtel ist sehr stabil und optimal geeignet, Probleme mit Mikrorissen und schnelles Austrocknen zu vermeiden.<\/p>\n<p>Der nat\u00fcrliche hydraulische Kalk entspricht der europ\u00e4ischen Norm EN 459-1, NHL 5.<span class=\"Apple-converted-space\">\u00a0 <\/span>Der M\u00f6rtel Unilit 1320 entspricht der europ\u00e4ischen Norm UNI EN 998-1.<span class=\"Apple-converted-space\">\u00a0<\/span><\/p>\n<p><b>Einsatzbereich<\/b><\/p>\n<p>Unilit 1320 ist besonders als Mauer- und Fugenm\u00f6rtel bei besonders por\u00f6sen Baumaterialien wie Isolier- und Schnellbausteinen, Silikatsteinen und Zellenbeton geeignet. Dank der nat\u00fcrlichen Porenstruktur und einem geringen Anteil wasserl\u00f6slicher Salze reguliert Unilit 1320 den Feuchtehaushalt des Mauerwerkes, damit kann ein Gro\u00dfteil der bekannten Probleme mit Stockflecken, Frostsch\u00e4den und Salzausbl\u00fchungen ausgeschlossen werden, wenn die Unterschicht in gutem Zustand ist.<\/p>\n<p><b>Anwendung<\/b><\/p>\n<p>Vorab den Untergrund von losen Teilen, Staub und Fett reinigen, dann leicht befeuchten. Der Untergrund darf nicht ges\u00e4ttigt sein, weil das die Haftung und damit die Qualit\u00e4t stark vermindert.<\/p>\n<p>In einem langsam drehenden Mischer 1 Sack Kalkm\u00f6rtel (30 kg) unter Zugabe von 4 bis 5 l sauberen Wassers mischen, bis sich ein weicher und kremiger M\u00f6rtel ergibt (3 bis 5 Minuten). Die Verarbeitungszeit betr\u00e4gt ca. 2 Stunden.<\/p>\n<p>Das Mauerwerk wird mit einer mittleren Fugenbreite von 8 \u2013 10 mm hergestellt. Sind die Mauersteine gesetzt, wird der M\u00f6rtel in den Fugen angedr\u00fcckt und die Fuge mit einem Fugeisen vollst\u00e4ndig aufgef\u00fcllt. Nach Fertigstellung eines Mauerabschnittes b\u00fcrstet man den Abschnitt mit eiem weichen Quast ab, um die \u00fcberz\u00e4hligen M\u00f6rtelreste zu entfernen. 1 bis 2 Tage trocknen lassen.<\/p>\n<p>Den M\u00f6rtel nicht auftragen bei weniger als +5\u00b0C, ebenso wenig bei Nebel oder auf angefrorenem Untergrund. Bei sonnigen und trocknen Perioden zu schnelles Austrocknen der frischen Mischung vermeiden. Vor Frost und starker Sonneneinstrahlung w\u00e4hrend der ersten 48 bis 72 Stunden sch\u00fctzen.<\/p>\n<p><a href=\"https:\/\/arteconstructo.com\/wp-content\/uploads\/2020\/05\/UNILIT-1320-Techn-Merkb.pdf\">Die PDF Version finden Sie hier<\/a><\/p>\n","protected":false},"excerpt":{"rendered":"<p>UNILIT 1320 (TD 13\/20) LEICHTER MAURERM\u00d6RTEL Baubeschreibungen : Mauern und Fugen Eigenschaften Unilit 1320 ist ein traditioneller, vorgemischter Mauer- und Fugenm\u00f6rtel, hergestellt aus nat\u00fcrlichem hydraulischem Kalk als Binder und ausgew\u00e4hlten leichten Zuschlagstoffen mit ausgew\u00e4hlter Korngr\u00f6\u00dfe. Unilit 1320 hat eine langsame aber hohe Haftf\u00e4higkeit, eine hohe Plastizit\u00e4t, einen geringen Anteil wasserl\u00f6slicher Salze und eine ausgezeichnete Dampfdurchl\u00e4ssigkeit.&hellip;<\/p>\n","protected":false},"author":8,"featured_media":0,"parent":0,"menu_order":0,"comment_status":"closed","ping_status":"closed","template":"","meta":{"footnotes":""},"class_list":["post-17016","page","type-page","status-publish","hentry","description-off"],"_links":{"self":[{"href":"https:\/\/arteconstructo.com\/de\/wp-json\/wp\/v2\/pages\/17016","targetHints":{"allow":["GET"]}}],"collection":[{"href":"https:\/\/arteconstructo.com\/de\/wp-json\/wp\/v2\/pages"}],"about":[{"href":"https:\/\/arteconstructo.com\/de\/wp-json\/wp\/v2\/types\/page"}],"author":[{"embeddable":true,"href":"https:\/\/arteconstructo.com\/de\/wp-json\/wp\/v2\/users\/8"}],"replies":[{"embeddable":true,"href":"https:\/\/arteconstructo.com\/de\/wp-json\/wp\/v2\/comments?post=17016"}],"version-history":[{"count":0,"href":"https:\/\/arteconstructo.com\/de\/wp-json\/wp\/v2\/pages\/17016\/revisions"}],"wp:attachment":[{"href":"https:\/\/arteconstructo.com\/de\/wp-json\/wp\/v2\/media?parent=17016"}],"curies":[{"name":"wp","href":"https:\/\/api.w.org\/{rel}","templated":true}]}}