{"id":17015,"date":"2018-07-20T16:04:25","date_gmt":"2018-07-20T15:04:25","guid":{"rendered":"https:\/\/arteconstructo.com\/technische-datenblaetter\/unilit\/unilit-65-td13-siskal-reparatur-und-endputz\/"},"modified":"2020-05-20T15:23:55","modified_gmt":"2020-05-20T14:23:55","slug":"unilit-65-td13-siskal-reparatur-und-endputz","status":"publish","type":"page","link":"https:\/\/arteconstructo.com\/de\/unilit-65-td13-siskal-reparatur-und-endputz\/","title":{"rendered":"UNILIT 65 (TD13 SISKAL) REPARATUR- UND ENDPUTZ"},"content":{"rendered":"<p><b>UNILIT 65 (TD13 SISKAL) REPARATUR- UND ENDPUTZ<\/b><\/p>\n<p>Baubeschreibungen : Pl\u00e4tteln, Dachbedeckung, Tadelakt<\/p>\n<p><b>Eigenschaften<\/b><\/p>\n<p>Unilit 65 ist ein traditioneller, trockener, vorab gemischter, mineralischer Reparaturm\u00f6rtel, hergestellt aus nat\u00fcrlichem hydraulischem Kalk als Binder und ausgew\u00e4hlten Zuschlagstoffen mit ausgew\u00e4hlten Korngr\u00f6\u00dfen.<\/p>\n<p>Unilit 65 hat eine langsame aber hohe Haftf\u00e4higkeit, eine hohe Plastizit\u00e4t, einen geringen Anteil wasserl\u00f6slicher Salze und eine ausgezeichnete Dampfdurchl\u00e4ssigkeit. Dieser nat\u00fcrliche hydraulische Kalkm\u00f6rtel ist sehr stabil und optimal geeignet, Probleme mit Mikrorissen und zu schnellem Austrocknen zu vermeiden.<\/p>\n<p>Der nat\u00fcrliche hydraulische Kalk entspricht der europ\u00e4ischen Norm EN 459-1, NHL 5.<span class=\"Apple-converted-space\">\u00a0 <\/span>Der M\u00f6rtel Unilit 65 entspricht der europ\u00e4ischen Norm UNI EN 998-1.<\/p>\n<p><b>Einsatzbereich<\/b><\/p>\n<p>Unilit 65 ist besonders f\u00fcr Anwendungen auf traditionellem Untergrund sowohl bei Restauration, Renovierung als auch bei Neubauten geeignet. UNILIT 65 kann angewendet werden als Grundschicht f\u00fcr einen Innen- und\/oder Au\u00dfenputz auf verschiedenem Untergrund (wie z .B. traditionelles Mauerwerk mit Backstein und Naturstein, existierende Putze, usw.), als Mauer- und Fugenm\u00f6rtel f\u00fcr traditionelles Mauerwerk, als Verlegem\u00f6rtel<span class=\"Apple-converted-space\">\u00a0 <\/span>f\u00fcr Terracotta oder Steinplatten und als Grundstoff f\u00fcr Steinplatten. Dank der nat\u00fcrlichen Porenstruktur und dem geringen Anteil wasserl\u00f6slicher Salze reguliert Unilit 65 den Feuchtehaushalt des Mauerwerkes; damit kann ein Gro\u00dfteil der bekannten Probleme mit Stockflecken, Frostsch\u00e4den und Salzausbl\u00fchungen ausgeschlossen werden, wenn die Unterschicht in gutem Zustand ist.<span class=\"Apple-converted-space\">\u00a0<\/span><\/p>\n<p><b>Anwendung<\/b><\/p>\n<p>Vorab den Untergrund von losen Teilen, Staub und Fett reinigen, dann leicht befeuchten. Der Untergrund darf nicht ges\u00e4ttigt sein, weil das die Haftung und damit die Qualit\u00e4t stark vermindert.<\/p>\n<p>In einer langsam drehenden Mischmaschine 1 Sack Kalkm\u00f6rtel (30kg) unter Zugabe von 5 bis 6 l sauberen Wassers mischen (25kg = 4-5 l), bis sich ein weicher, kremiger M\u00f6rtel ergibt (3 bis 5 Minuten). Die Verarbeitungszeit betr\u00e4gt 3 Stunden.<span class=\"Apple-converted-space\">\u00a0<\/span><\/p>\n<p>Der Anwendung entsprechend wird der M\u00f6rtel per Hand oder mechanisch in der gew\u00fcnschten Dicke aufgetragen. Reparaturen und\/oder Putzschichten von durchschnittlicher Dicke und\/oder Fugen von durchschnittlicher Fugenbreite von 10 bis 20 mm werden mit dem gr\u00f6beren Kalkm\u00f6rtel Unilit 65N ausgef\u00fchrt. Die durchschnittliche Schichtdicke des feineren Kalkm\u00f6rtel Unilit 65M ist 5 bis 8 mm, f\u00fcr Unilit 65F ist es 1 bis 4 mm. Ist eine gr\u00f6\u00dfere Schichtdicke erforderlich, kann diese in mehrere Schichten aufgebaut werden. Als Anstrich empfiehlt sich nat\u00fcrlich nur eine mineralische Farbe, also eine Kalk- oder Silikatfarbe. Im Minimum eine Woche trocknen lassen.<\/p>\n<p>Den M\u00f6rtel nicht auftragen bei weniger als +5\u00b0C, ebenso wenig bei Nebel oder auf angefrorenem Untergrund. Bei sonnigen und trocknen Perioden zu schnelles Austrocknen der frischen Mischung vermeiden. Vor Frost und starker Sonneneinstrahlung w\u00e4hrend der ersten 48 bis 72 Stunden sch\u00fctzen.<\/p>\n<p><a href=\"https:\/\/arteconstructo.com\/wp-content\/uploads\/2020\/05\/UNILIT-65-Techn-Merkb.pdf\">Die PDF Version finden Sie hier<\/a><\/p>\n","protected":false},"excerpt":{"rendered":"<p>UNILIT 65 (TD13 SISKAL) REPARATUR- UND ENDPUTZ Baubeschreibungen : Pl\u00e4tteln, Dachbedeckung, Tadelakt Eigenschaften Unilit 65 ist ein traditioneller, trockener, vorab gemischter, mineralischer Reparaturm\u00f6rtel, hergestellt aus nat\u00fcrlichem hydraulischem Kalk als Binder und ausgew\u00e4hlten Zuschlagstoffen mit ausgew\u00e4hlten Korngr\u00f6\u00dfen. Unilit 65 hat eine langsame aber hohe Haftf\u00e4higkeit, eine hohe Plastizit\u00e4t, einen geringen Anteil wasserl\u00f6slicher Salze und eine ausgezeichnete&hellip;<\/p>\n","protected":false},"author":8,"featured_media":0,"parent":0,"menu_order":0,"comment_status":"closed","ping_status":"closed","template":"","meta":{"footnotes":""},"class_list":["post-17015","page","type-page","status-publish","hentry","description-off"],"_links":{"self":[{"href":"https:\/\/arteconstructo.com\/de\/wp-json\/wp\/v2\/pages\/17015","targetHints":{"allow":["GET"]}}],"collection":[{"href":"https:\/\/arteconstructo.com\/de\/wp-json\/wp\/v2\/pages"}],"about":[{"href":"https:\/\/arteconstructo.com\/de\/wp-json\/wp\/v2\/types\/page"}],"author":[{"embeddable":true,"href":"https:\/\/arteconstructo.com\/de\/wp-json\/wp\/v2\/users\/8"}],"replies":[{"embeddable":true,"href":"https:\/\/arteconstructo.com\/de\/wp-json\/wp\/v2\/comments?post=17015"}],"version-history":[{"count":0,"href":"https:\/\/arteconstructo.com\/de\/wp-json\/wp\/v2\/pages\/17015\/revisions"}],"wp:attachment":[{"href":"https:\/\/arteconstructo.com\/de\/wp-json\/wp\/v2\/media?parent=17015"}],"curies":[{"name":"wp","href":"https:\/\/api.w.org\/{rel}","templated":true}]}}