{"id":17014,"date":"2018-07-20T16:03:33","date_gmt":"2018-07-20T15:03:33","guid":{"rendered":"https:\/\/arteconstructo.com\/technische-datenblaetter\/unilit\/unilit-45-td13-fn-deckputz-innen\/"},"modified":"2020-05-20T15:25:08","modified_gmt":"2020-05-20T14:25:08","slug":"unilit-45-td13-fn-deckputz-innen","status":"publish","type":"page","link":"https:\/\/arteconstructo.com\/de\/unilit-45-td13-fn-deckputz-innen\/","title":{"rendered":"UNILIT 45 (TD13 FN) DECKPUTZ INNEN"},"content":{"rendered":"<p><b>UNILIT 45 (TD13 FN) DECKPUTZ INNEN<\/b><\/p>\n<p>Baubeschreibungen : Innenputz, Aussenputz, Mauern und Fugen<\/p>\n<p><b>Eigenschaften<\/b><\/p>\n<p>Unilit 45 ist ein traditioneller, trockener, mineralischer Fertigm\u00f6rtel, hergestellt aus nat\u00fcrlichem hydraulischem Kalk als Binder und ausgew\u00e4hlten Zuschlagstoffen in ausgew\u00e4hlten Korngr\u00f6\u00dfen.<\/p>\n<p>Unilit 45 hat eine langsame aber hohe Haftf\u00e4higkeit, eine hohe Plastizit\u00e4t, einen geringen Anteil an wasserl\u00f6slichen Salzen und eine ausgezeichnete Dampfdurchl\u00e4ssigkeit. Dieser nat\u00fcrliche hydraulische Kalkm\u00f6rtel ist sehr stabil und optimal geeignet, Probleme mit Mikrorissen und zu schnellem Austrocknen zu vermeiden.<\/p>\n<p>Der nat\u00fcrliche hydraulische Kalk entspricht der europ\u00e4ischen Norm EN 459-1, NHL 5.<span class=\"Apple-converted-space\">\u00a0 <\/span>Der M\u00f6rtel Unilit 45 entspricht der europ\u00e4ischen Norm UNI EN 998-1.<\/p>\n<p><b>Einsatzbereich<\/b><\/p>\n<p>Unilit 45 ist ein traditioneller, nat\u00fcrlicher ,hydraulischer Kalkm\u00f6rtel wie er seit Jahrhunderten in unserer Baukultur angewendet wird. Der M\u00f6rtel ist deshalb besonders f\u00fcr Anwendungen auf traditionellem Untergrund sowohl bei Restauration, Renovierung als auch bei Neubauten geeignet.<span class=\"Apple-converted-space\">\u00a0<\/span><\/p>\n<p>Unilit 45 wird aufgetragen wie eine feine Endschicht oder feines Fugenwerk (Fugenbreite bis 5 mm).<\/p>\n<p>Dank der nat\u00fcrlichen Porenstruktur und dem geringen Anteil wasserl\u00f6slicher Salze reguliert<span class=\"Apple-converted-space\">\u00a0 <\/span>Unilit 45 den Feuchtehaushalt des Mauerwerkes; damit kann ein Gro\u00dfteil der bekannten Probleme mit Stockflecken, Frostsch\u00e4den und Salzausbl\u00fchungen ausgeschlossen werden, vorausgesetzt die Unterschicht ist in gutem Zustand.<span class=\"Apple-converted-space\">\u00a0<\/span><\/p>\n<p><b>Anwendung<\/b><\/p>\n<p>Vorab den Untergrund von losen Teilen, Staub und Fett reinigen, dann leicht befeuchten. Der Untergrund darf nicht ges\u00e4ttigt sein, weil das die Haftung und damit die Qualit\u00e4t stark vermindert.<\/p>\n<p>In einer langsam drehenden Mischmaschine 1 Sack Kalkm\u00f6rtel (25 kg) unter Zugabe von +\/- 4 l sauberen Wassers mischen, bis sich ein weicher, kremiger M\u00f6rtel ergibt (3 bis 4 Minuten). Die Verarbeitungszeit betr\u00e4gt<\/p>\n<p>2 Stunden.<span class=\"Apple-converted-space\">\u00a0<\/span><\/p>\n<p>Der M\u00f6rtel wird als Feinputz in 2 Schichten, frisch auf frisch, mit einer Gesamtdicke von 4 bis 5 mm aufgetragen. Dann kann der Putz mit einem Reibbrett je nach gew\u00fcnschtem Effekt gegl\u00e4ttet oder poliert werden. Feine Fugen werden mit einem kleinen Fugeisen bearbeitet. Danach wird das Mauerwerk mit einer weichen B\u00fcrste abgeb\u00fcrstet, um alle \u00fcberfl\u00fcssigen M\u00f6rtelreste zu entfernen.<\/p>\n<p>Der Feinm\u00f6rtel Unilit 45<span class=\"Apple-converted-space\">\u00a0 <\/span>sollte keine Ber\u00fchrung mit dem Boden haben. Als Anstrich verwendet man eine Kalk-oder Silikatfarbe. Die notwendige Trocknungszeit betr\u00e4gt 1 bis 2 Tage.<span class=\"Apple-converted-space\">\u00a0<\/span><\/p>\n<p>Den M\u00f6rtel nicht auftragen bei weniger als +5\u00b0C, ebenso wenig bei Nebel oder auf angefrorenem Untergrund. Bei sonnigen und trocknen Perioden zu schnelles Austrocknen der frischen Mischung vermeiden. Vor Frost und starker Sonneneinstrahlung w\u00e4hrend der ersten 48 bis 72 Stunden sch\u00fctzen.<\/p>\n<p><a href=\"https:\/\/arteconstructo.com\/wp-content\/uploads\/2020\/05\/UNILIT-45-Techn-Merkb.pdf\">Die PDF Version finden Sie hier<\/a><\/p>\n","protected":false},"excerpt":{"rendered":"<p>UNILIT 45 (TD13 FN) DECKPUTZ INNEN Baubeschreibungen : Innenputz, Aussenputz, Mauern und Fugen Eigenschaften Unilit 45 ist ein traditioneller, trockener, mineralischer Fertigm\u00f6rtel, hergestellt aus nat\u00fcrlichem hydraulischem Kalk als Binder und ausgew\u00e4hlten Zuschlagstoffen in ausgew\u00e4hlten Korngr\u00f6\u00dfen. Unilit 45 hat eine langsame aber hohe Haftf\u00e4higkeit, eine hohe Plastizit\u00e4t, einen geringen Anteil an wasserl\u00f6slichen Salzen und eine ausgezeichnete&hellip;<\/p>\n","protected":false},"author":8,"featured_media":0,"parent":0,"menu_order":0,"comment_status":"closed","ping_status":"closed","template":"","meta":{"footnotes":""},"class_list":["post-17014","page","type-page","status-publish","hentry","description-off"],"_links":{"self":[{"href":"https:\/\/arteconstructo.com\/de\/wp-json\/wp\/v2\/pages\/17014","targetHints":{"allow":["GET"]}}],"collection":[{"href":"https:\/\/arteconstructo.com\/de\/wp-json\/wp\/v2\/pages"}],"about":[{"href":"https:\/\/arteconstructo.com\/de\/wp-json\/wp\/v2\/types\/page"}],"author":[{"embeddable":true,"href":"https:\/\/arteconstructo.com\/de\/wp-json\/wp\/v2\/users\/8"}],"replies":[{"embeddable":true,"href":"https:\/\/arteconstructo.com\/de\/wp-json\/wp\/v2\/comments?post=17014"}],"version-history":[{"count":0,"href":"https:\/\/arteconstructo.com\/de\/wp-json\/wp\/v2\/pages\/17014\/revisions"}],"wp:attachment":[{"href":"https:\/\/arteconstructo.com\/de\/wp-json\/wp\/v2\/media?parent=17014"}],"curies":[{"name":"wp","href":"https:\/\/api.w.org\/{rel}","templated":true}]}}