{"id":17013,"date":"2018-07-20T16:02:37","date_gmt":"2018-07-20T15:02:37","guid":{"rendered":"https:\/\/arteconstructo.com\/technische-datenblaetter\/unilit\/unilit-40-td13-fs-deckputz\/"},"modified":"2020-05-20T15:26:00","modified_gmt":"2020-05-20T14:26:00","slug":"unilit-40-td13-fs-deckputz","status":"publish","type":"page","link":"https:\/\/arteconstructo.com\/de\/unilit-40-td13-fs-deckputz\/","title":{"rendered":"UNILIT 40 (TD13 FS) DECKPUTZ"},"content":{"rendered":"<p><b>UNILIT 40 (TD13 FS) DECKPUTZ<\/b><\/p>\n<p>Baubeschreibungen : Aussenputz<\/p>\n<p><b>Eigenschaften<\/b><\/p>\n<p>Unilit 40 ist ein traditioneller, trockener, mineralischer Schutzm\u00f6rtel, hergestellt aus nat\u00fcrlichen hydraulischem Kalk als Binder und ausgew\u00e4hlten Zuschlagstoffen mit ausgew\u00e4hlter Korngr\u00f6\u00dfe.<\/p>\n<p>Unilit 40 hat eine langsame aber hohe Haftf\u00e4higkeit, eine hohe Plastizit\u00e4t, einen geringen Anteil<span class=\"Apple-converted-space\">\u00a0 <\/span>wasserl\u00f6slicher Salze und eine ausgezeichnete Dampfdurchl\u00e4ssigkeit. Dieser nat\u00fcrliche hydraulische Kalkm\u00f6rtel ist sehr stabil und optimal eingestellt, Probleme mit Mikrorissen und zu schnelles Austrocknen zu vermeiden Unilit 40 verhindert das kapillare Aufsteigen von Feuchtigkeit.Der nat\u00fcrliche hydraulische Kalk entspricht der europ\u00e4ischen Norm EN 459-1, NHL 5.<span class=\"Apple-converted-space\">\u00a0 <\/span>Der M\u00f6rtel Unilit 40 entspricht der europ\u00e4ischen Norm UNI EN 998-1.<\/p>\n<p><b>Einsatzbereich<\/b><\/p>\n<p>Unilit 40 wird als Schutzbeschichtung innen oder au\u00dfen angewendet, wo Kontakt mit Wasser m\u00f6glich ist. Die physikalischen Eigenschaften von UNILIT 30 verhindern ein direktes Aufsteigen von Feuchtigkeit. Unilit 40 wird aufgetragen wie eine feine Schutzschicht oder feines Fugenwerk (Fugenbreite bis 5 mm) , um den Untergrund abzuschirmen.<\/p>\n<p>Unilit 40 ist perfekt anzuwenden bei Neubauten, Renovierung und Restauration.<\/p>\n<p><b>Anwendung<\/b><\/p>\n<p>Vorab den Untergrund von losen Teilen, Staub und Fett reinigen, dann leicht befeuchten. Der Untergrund darf nicht ges\u00e4ttigt sein, weil das die Haftung und damit die Qualit\u00e4t stark vermindert.<\/p>\n<p>In einer langsam drehenden Mischmaschine 1 Sack Kalkm\u00f6rtel (25kg) unter Zugabe von 4 l sauberen Wassers mischen, bis sich ein weicher, kremiger M\u00f6rtel ergibt (3 bis 4 Minuten). Die Verarbeitungszeit betr\u00e4gt 2 Stunden.<span class=\"Apple-converted-space\">\u00a0<\/span><\/p>\n<p>Der M\u00f6rtel wird als Feinputz in 2 Schichten, frisch auf frisch, mit einer Gesamtdicke von 4 bis 5 mm aufgetragen. Danach wird der Putz gegl\u00e4ttet, poliert mit einem Reibebrett, je nach gew\u00fcnschtem Effekt. Der M\u00f6rtel wird mit einem kleinen Fugeisen in die Fuge eingebracht und gleichm\u00e4\u00dfig angedr\u00fcckt. Am Ende der Tagesarbeit wird das Verfugte mit einem weichen Quast abgeb\u00fcrstet, um die \u00fcberz\u00e4hligen Reste zu entfernen. 2 Tage trocknen lassen.<\/p>\n<p>Den M\u00f6rtel nicht auftragen bei weniger als +5\u00b0C, ebenso wenig bei Nebel oder auf angefrorenem Untergrund. Bei sonnigen und trocknen Perioden zu schnelles Austrocknen der frischen Mischung vermeiden. Vor Frost und starker Sonneneinstrahlung w\u00e4hrend der ersten 48 bis 72 Stunden sch\u00fctzen.<\/p>\n<p><a href=\"https:\/\/arteconstructo.com\/wp-content\/uploads\/2020\/05\/UNILIT-40-Techn-Merkb.pdf\">Die PDF Version finden Sie hier<\/a><\/p>\n","protected":false},"excerpt":{"rendered":"<p>UNILIT 40 (TD13 FS) DECKPUTZ Baubeschreibungen : Aussenputz Eigenschaften Unilit 40 ist ein traditioneller, trockener, mineralischer Schutzm\u00f6rtel, hergestellt aus nat\u00fcrlichen hydraulischem Kalk als Binder und ausgew\u00e4hlten Zuschlagstoffen mit ausgew\u00e4hlter Korngr\u00f6\u00dfe. Unilit 40 hat eine langsame aber hohe Haftf\u00e4higkeit, eine hohe Plastizit\u00e4t, einen geringen Anteil\u00a0 wasserl\u00f6slicher Salze und eine ausgezeichnete Dampfdurchl\u00e4ssigkeit. Dieser nat\u00fcrliche hydraulische Kalkm\u00f6rtel ist&hellip;<\/p>\n","protected":false},"author":8,"featured_media":0,"parent":0,"menu_order":0,"comment_status":"closed","ping_status":"closed","template":"","meta":{"footnotes":""},"class_list":["post-17013","page","type-page","status-publish","hentry","description-off"],"_links":{"self":[{"href":"https:\/\/arteconstructo.com\/de\/wp-json\/wp\/v2\/pages\/17013","targetHints":{"allow":["GET"]}}],"collection":[{"href":"https:\/\/arteconstructo.com\/de\/wp-json\/wp\/v2\/pages"}],"about":[{"href":"https:\/\/arteconstructo.com\/de\/wp-json\/wp\/v2\/types\/page"}],"author":[{"embeddable":true,"href":"https:\/\/arteconstructo.com\/de\/wp-json\/wp\/v2\/users\/8"}],"replies":[{"embeddable":true,"href":"https:\/\/arteconstructo.com\/de\/wp-json\/wp\/v2\/comments?post=17013"}],"version-history":[{"count":0,"href":"https:\/\/arteconstructo.com\/de\/wp-json\/wp\/v2\/pages\/17013\/revisions"}],"wp:attachment":[{"href":"https:\/\/arteconstructo.com\/de\/wp-json\/wp\/v2\/media?parent=17013"}],"curies":[{"name":"wp","href":"https:\/\/api.w.org\/{rel}","templated":true}]}}