{"id":17012,"date":"2018-07-20T16:01:25","date_gmt":"2018-07-20T15:01:25","guid":{"rendered":"https:\/\/arteconstructo.com\/technische-datenblaetter\/unilit\/unilit-35f-td13-brik-feiner-fugenmortel\/"},"modified":"2020-05-20T15:27:37","modified_gmt":"2020-05-20T14:27:37","slug":"unilit-35f-td13-brik-feiner-fugenmortel","status":"publish","type":"page","link":"https:\/\/arteconstructo.com\/de\/unilit-35f-td13-brik-feiner-fugenmortel\/","title":{"rendered":"UNILIT 35F (TD13 BRIK) FEINER FUGENM\u00d6RTEL"},"content":{"rendered":"<p><b>UNILIT 35F (TD13 BRIK) FEINER FUGENM\u00d6RTEL<\/b><\/p>\n<p>Baubeschreibungen : Mauern und Fugen<\/p>\n<p><b>Eigenschaften<\/b><\/p>\n<p>Unilit 35F ist ein traditioneller, trockener, mineralischer Fugenm\u00f6rtel, hergestellt aus nat\u00fcrlichem hydraulischem Kalk als Binder und ausgew\u00e4hlten Zuschlagstoffen mit ausgew\u00e4hlter Korngr\u00f6\u00dfe.<\/p>\n<p>Unilit 35F hat eine langsame aber hohe Haftf\u00e4higkeit, eine hohe Plastizit\u00e4t, einen geringen Anteil wasserl\u00f6slicher Salze und eine ausgezeichnete Dampfdurchl\u00e4ssigkeit. Dieser nat\u00fcrliche hydraulische Kalkm\u00f6rtel ist sehr stabil und optimal geeignet, Probleme mit Mikrorissen und zu schnellem Austrocknen zu vermeiden.<\/p>\n<p>Der nat\u00fcrliche hydraulische Kalk entspricht der europ\u00e4ischen Norm<span class=\"Apple-converted-space\">\u00a0<\/span><\/p>\n<p>EN 459-1, NHL 5.<span class=\"Apple-converted-space\">\u00a0 <\/span>Der M\u00f6rtel Unilit 35F entspricht der europ\u00e4ischen Norm UNI EN 998-1.<\/p>\n<p><b>Einsatzbereich<\/b><\/p>\n<p>Unilit 35F ist ein traditioneller, nat\u00fcrlicher hydraulischer Kalkm\u00f6rtel wie er seit Jahrhunderten in unserer Baukultur angewendet wird. Der M\u00f6rtel ist deshalb besonders f\u00fcr Anwendungen auf traditionellem Untergrund sowohl bei Restauration, Renovierung als auch bei Neubauten geeignet.<span class=\"Apple-converted-space\">\u00a0<\/span><\/p>\n<p>Durch die physikalische Struktur von Unilit 35F<span class=\"Apple-converted-space\">\u00a0 <\/span>ist der Fugputz<span class=\"Apple-converted-space\">\u00a0 <\/span>biegezugfest und damit sehr geeignet f\u00fcr mechanisch beanspruchte Fugen. Dank der nat\u00fcrlichen Porenstruktur und dem geringen Anteil wasserl\u00f6slicher Salze reguliert Unilit 35F<span class=\"Apple-converted-space\">\u00a0 <\/span>den Feuchtehaushalt des Mauerwerkes, damit<span class=\"Apple-converted-space\">\u00a0 <\/span>kann ein Gro\u00dfteil der bekannten Probleme mit Stockflecken, Frostsch\u00e4den und Salzausbl\u00fchungen ausgeschlossen werden, vorausgesetzt, der Untergrund ist in gutem Zustand.<\/p>\n<p><b>Anwendung<\/b><\/p>\n<p>Ohne die Steine zu besch\u00e4digen werden die verwitterten Fugen in einer Tiefe von 1,5<span class=\"Apple-converted-space\">\u00a0 <\/span>mal Fugenbreite ausgekratzt. Dann wird der Untergrund von allen losen Teilen gereinigt, danach leicht befeuchtet.. Der Untergrund darf nicht ges\u00e4ttigt sein, weil das die Haftung und damit die Qualit\u00e4t stark vermindert.<\/p>\n<p>In einer langsam drehenden Mischmaschine 1 Sack Kalkm\u00f6rtel (30kg) unter Zugabe von 6 \u2013 7 l sauberen Wassers mischen, bis sich ein weicher, kremiger M\u00f6rtel ergibt (3 bis 5 Minuten). Die Verarbeitungszeit betr\u00e4gt im Minimum 2 Stunden.<\/p>\n<p>Der M\u00f6rtel wird mit einem Fugeisen in die Fuge eingebracht und gleichm\u00e4\u00dfig angedr\u00fcckt. Bei trockenem Wetter und ca.15\u00b0 C sollte man 15 Minuten warten, ehe man die fertigen Fugen gl\u00e4ttet. Am Ende der Tagesarbeit wird das Verfugte mit einem weichen Quast abgeb\u00fcrstet, um die \u00fcberz\u00e4hligen Reste zu entfernen. Zwei Tage trocknen lassen.<\/p>\n<p>Den M\u00f6rtel nicht auftragen bei weniger als +5\u00b0C, ebenso wenig bei Nebel oder auf angefrorenem Untergrund. Bei sonnigen und trocknen Perioden zu schnelles<span class=\"Apple-converted-space\">\u00a0 <\/span>Austrocknen der frischen Mischung verhindern. Vor Frost und starker Sonneneinstrahlung<span class=\"Apple-converted-space\">\u00a0 <\/span>w\u00e4hrend der n\u00e4chsten 48 bis 72 Stunden sch\u00fctzen.<\/p>\n<p><a href=\"https:\/\/arteconstructo.com\/wp-content\/uploads\/2020\/05\/UNILIT-35F-Techn-Merkb.pdf\">Die PDF Version finden Sie hier<\/a><\/p>\n","protected":false},"excerpt":{"rendered":"<p>UNILIT 35F (TD13 BRIK) FEINER FUGENM\u00d6RTEL Baubeschreibungen : Mauern und Fugen Eigenschaften Unilit 35F ist ein traditioneller, trockener, mineralischer Fugenm\u00f6rtel, hergestellt aus nat\u00fcrlichem hydraulischem Kalk als Binder und ausgew\u00e4hlten Zuschlagstoffen mit ausgew\u00e4hlter Korngr\u00f6\u00dfe. Unilit 35F hat eine langsame aber hohe Haftf\u00e4higkeit, eine hohe Plastizit\u00e4t, einen geringen Anteil wasserl\u00f6slicher Salze und eine ausgezeichnete Dampfdurchl\u00e4ssigkeit. Dieser nat\u00fcrliche&hellip;<\/p>\n","protected":false},"author":8,"featured_media":0,"parent":0,"menu_order":0,"comment_status":"closed","ping_status":"closed","template":"","meta":{"footnotes":""},"class_list":["post-17012","page","type-page","status-publish","hentry","description-off"],"_links":{"self":[{"href":"https:\/\/arteconstructo.com\/de\/wp-json\/wp\/v2\/pages\/17012","targetHints":{"allow":["GET"]}}],"collection":[{"href":"https:\/\/arteconstructo.com\/de\/wp-json\/wp\/v2\/pages"}],"about":[{"href":"https:\/\/arteconstructo.com\/de\/wp-json\/wp\/v2\/types\/page"}],"author":[{"embeddable":true,"href":"https:\/\/arteconstructo.com\/de\/wp-json\/wp\/v2\/users\/8"}],"replies":[{"embeddable":true,"href":"https:\/\/arteconstructo.com\/de\/wp-json\/wp\/v2\/comments?post=17012"}],"version-history":[{"count":0,"href":"https:\/\/arteconstructo.com\/de\/wp-json\/wp\/v2\/pages\/17012\/revisions"}],"wp:attachment":[{"href":"https:\/\/arteconstructo.com\/de\/wp-json\/wp\/v2\/media?parent=17012"}],"curies":[{"name":"wp","href":"https:\/\/api.w.org\/{rel}","templated":true}]}}