{"id":17011,"date":"2018-07-20T16:00:23","date_gmt":"2018-07-20T15:00:23","guid":{"rendered":"https:\/\/arteconstructo.com\/unilit-35n-35m-td13-n-m-putzschicht-mauern\/"},"modified":"2020-05-20T15:26:55","modified_gmt":"2020-05-20T14:26:55","slug":"unilit-35n-35m-td13-n-m-putzschicht-mauern","status":"publish","type":"page","link":"https:\/\/arteconstructo.com\/de\/unilit-35n-35m-td13-n-m-putzschicht-mauern\/","title":{"rendered":"UNILIT 35N \u2013 35M (TD13 N\/M) PUTZSCHICHT \/ MAUERN"},"content":{"rendered":"<p><b>UNILIT 35N \u2013 35M (TD13 N\/M) PUTZSCHICHT \/ MAUERN<\/b><\/p>\n<p>Baubeschreibungen : Innenputz, Aussenputz, Dachbedeckung, Mauern und Fugen<\/p>\n<p><b>Eigenschaften<\/b><\/p>\n<p>Unilit 35 ist ein traditioneller, trockener, mineralischer Grund- und Mauerm\u00f6rtel, hergestellt aus nat\u00fcrlichem hydraulischem Kalk als Binder und ausgew\u00e4hlten Zuschlagstoffen mit ausgew\u00e4hlter Korngr\u00f6\u00dfe.<\/p>\n<p>Unilit 35 hat eine langsame aber hohe Haftf\u00e4higkeit, eine hohe Plastizit\u00e4t, einen geringen Anteil an wasserl\u00f6slichen Salzen und eine ausgezeichnete Dampfdurchl\u00e4ssigkeit. Dieser nat\u00fcrliche hydraulische Kalkm\u00f6rtel ist sehr stabil und optimal daf\u00fcr geeignet, Probleme mit Mikrorissen und zu schnellem Austrocknen zu vermeiden..<\/p>\n<p>Der nat\u00fcrliche hydraulische Kalk entspricht der europ\u00e4ischen Norm<span class=\"Apple-converted-space\">\u00a0<\/span><\/p>\n<p>EN 459-1, NHL 5. <span class=\"Apple-converted-space\">\u00a0 <\/span>Der M\u00f6rtel Unilit 35 entspricht der europ\u00e4ischen Norm UNI EN 998-1.<\/p>\n<p><b>Einsatzbereich<\/b><\/p>\n<p>Unilit 35 ist ein traditioneller, nat\u00fcrlicher hydraulischer Kalkm\u00f6rtel wie er seit Jahrhunderten in unserer Baukultur angewendet wird. Der M\u00f6rtel ist deshalb besonders f\u00fcr Anwendungen auf traditionellem Untergrund sowohl bei Restauration, Renovierung als auch bei Neubauten geeignet.<span class=\"Apple-converted-space\">\u00a0<\/span><\/p>\n<p>Unilit 35 kann unter anderem als Grundschicht f\u00fcr Innen- und\/oder Au\u00dfenputz<span class=\"Apple-converted-space\">\u00a0 <\/span>oder als Mauer- und Fugenm\u00f6rtel f\u00fcr traditionelles Mauerwerk eingesetzt werden.<\/p>\n<p>Dank der nat\u00fcrlichen Porenstruktur und dem geringen Anteil wasserl\u00f6slicher Salze reguliert Unilit 35 den Feuchtehaushalt des Mauerwerkes, damit kann ein Gro\u00dfteil<span class=\"Apple-converted-space\">\u00a0 <\/span>der bekannten Probleme mit Stockflecken, Frostsch\u00e4den und Salzausbl\u00fchungen<span class=\"Apple-converted-space\">\u00a0 <\/span>ausgeschlossen werden , wenn die Unterschicht in gutem Zustand ist.<\/p>\n<p><b>Anwendung<\/b><\/p>\n<p>Vorab der Untergrund von losen Teilen, Staub und Fett reinigen, dann leicht befeuchten. Der Untergrund darf nicht ges\u00e4ttigt sein, weil das die Haftung und damit die Qualit\u00e4t stark vermindert.<\/p>\n<p>In einer langsam drehenden Betonmischmaschine 1 Sack Kalkm\u00f6rtel (30 kg) unter Zugabe von 5-6 l sauberen Wassers mischen, bis sich ein weicher, kremiger M\u00f6rtel ergibt (3 bis 5 Minuten). Die Verarbeitungszeit betr\u00e4gt ca. 2 Stunden.<span class=\"Apple-converted-space\">\u00a0<\/span><\/p>\n<p>Der M\u00f6rtel wird per Hand oder mechanisch in gew\u00fcnschter Dicke aufgetragen.<span class=\"Apple-converted-space\">\u00a0 <\/span>F\u00fcr einen Grundputz von durchschnittlicher Dicke und Fugen- oder Mauerwerk mit einer Fugenbreite von 8 \u2013 10 mm wird der feinere Kalkm\u00f6rtel Unilit 35M eingesetzt. Dickere Grundierungen und\/oder Mauer- oder Fugenwerk mit breiteren Fugen von 15 bis 20 mm werden mit dem etwas gr\u00f6beren Kalkm\u00f6rtel UNILIT 35N ausgef\u00fchrt. Die Trocknungszeit sollte 1 bis 2 Tage betragen.<span class=\"Apple-converted-space\">\u00a0<\/span><\/p>\n<p><a href=\"https:\/\/arteconstructo.com\/wp-content\/uploads\/2020\/05\/UNILIT-35N-35M-Techn-Merkb.pdf\">Die PDF Version finden Sie hier<\/a><\/p>\n","protected":false},"excerpt":{"rendered":"<p>UNILIT 35N \u2013 35M (TD13 N\/M) PUTZSCHICHT \/ MAUERN Baubeschreibungen : Innenputz, Aussenputz, Dachbedeckung, Mauern und Fugen Eigenschaften Unilit 35 ist ein traditioneller, trockener, mineralischer Grund- und Mauerm\u00f6rtel, hergestellt aus nat\u00fcrlichem hydraulischem Kalk als Binder und ausgew\u00e4hlten Zuschlagstoffen mit ausgew\u00e4hlter Korngr\u00f6\u00dfe. Unilit 35 hat eine langsame aber hohe Haftf\u00e4higkeit, eine hohe Plastizit\u00e4t, einen geringen Anteil&hellip;<\/p>\n","protected":false},"author":8,"featured_media":0,"parent":0,"menu_order":0,"comment_status":"closed","ping_status":"closed","template":"","meta":{"footnotes":""},"class_list":["post-17011","page","type-page","status-publish","hentry","description-off"],"_links":{"self":[{"href":"https:\/\/arteconstructo.com\/de\/wp-json\/wp\/v2\/pages\/17011","targetHints":{"allow":["GET"]}}],"collection":[{"href":"https:\/\/arteconstructo.com\/de\/wp-json\/wp\/v2\/pages"}],"about":[{"href":"https:\/\/arteconstructo.com\/de\/wp-json\/wp\/v2\/types\/page"}],"author":[{"embeddable":true,"href":"https:\/\/arteconstructo.com\/de\/wp-json\/wp\/v2\/users\/8"}],"replies":[{"embeddable":true,"href":"https:\/\/arteconstructo.com\/de\/wp-json\/wp\/v2\/comments?post=17011"}],"version-history":[{"count":0,"href":"https:\/\/arteconstructo.com\/de\/wp-json\/wp\/v2\/pages\/17011\/revisions"}],"wp:attachment":[{"href":"https:\/\/arteconstructo.com\/de\/wp-json\/wp\/v2\/media?parent=17011"}],"curies":[{"name":"wp","href":"https:\/\/api.w.org\/{rel}","templated":true}]}}