{"id":17010,"date":"2018-07-20T15:59:28","date_gmt":"2018-07-20T14:59:28","guid":{"rendered":"https:\/\/arteconstructo.com\/technische-datenblaetter\/unilit\/unilit-30-td13-s-saniermortel\/"},"modified":"2020-05-20T15:28:18","modified_gmt":"2020-05-20T14:28:18","slug":"unilit-30-td13-s-saniermortel","status":"publish","type":"page","link":"https:\/\/arteconstructo.com\/de\/unilit-30-td13-s-saniermortel\/","title":{"rendered":"UNILIT 30 (TD13 S) SANIERM\u00d6RTEL"},"content":{"rendered":"<p><b>UNILIT 30 (TD13 S) SANIERM\u00d6RTEL<\/b><\/p>\n<p>Baubeschreibungen : Innenputz, Aussenputz, Mauern und Fugen, Tadelakt<\/p>\n<p><b>Eigenschaften<\/b><\/p>\n<p>Unilit 30 ist ein traditioneller, trockener, mineralischer Sanierungsm\u00f6rtel, hergestellt aus nat\u00fcrlichem hydraulischem Kalk als Binder und ausgew\u00e4hlten Zuschlagstoffen mit ausgew\u00e4hlter Korngr\u00f6\u00dfe.<\/p>\n<p>Unilit 30 hat eine hohe Haftf\u00e4higkeit, eine hohe Plastizit\u00e4t , einen geringen Anteil an wasserl\u00f6slichen Salzen und eine ausgezeichnete Dampfdurchl\u00e4ssigkeit. Dieser nat\u00fcrliche hydraulische Kalkm\u00f6rtel ist sehr stabil und optimal geeignet, die Bildung von Mikrorissen zu vermeiden. Unilit 30 verhindert das kapillare Aufsteigen von Feuchtigkeit. Der nat\u00fcrliche hydraulische Kalk entspricht der europ\u00e4ischen Norm EN 459-1, NHL 5.<span class=\"Apple-converted-space\">\u00a0 <\/span>Der M\u00f6rtel Unilit 30 entspricht der europ\u00e4ischen Norm UNI EN 998-1.<\/p>\n<p><b>Einsatzbereich<\/b><\/p>\n<p>Unilit 30 wird als Sanierungsgrundschicht eingesetzt zur Behandlung von W\u00e4nden, die wechselnden Bedingungen von N\u00e4sse und Trockenheit<span class=\"Apple-converted-space\">\u00a0<\/span><\/p>\n<p>und\/oder wasserl\u00f6slichen Salzen &#8211; von innen oder von au\u00dfen &#8211; ausgesetzt sind.. Die physikalische Eigenschaft von Unilit 30 verhindert ein direktes Aufsteigen von Feuchtigkeit. Die Unterbrechung des kapillaren Feuchtigkeitstransportes unterbindet zugleich den Transport von wasserl\u00f6slichen Salzen.<\/p>\n<p>Unilit 30 wird aufgetragen zur Sanierung von feuchten Kellern, Sockeln oder Fugen &#8211; sowohl innen, als au\u00dfen &#8211; als Schutz vor aufsteigender Feuchtigkeit, auch als Untergrund f\u00fcr feuchte R\u00e4ume, wie Dusche, Sauna und Hammam. Unilit 30 ist also auch die Basis f\u00fcr Tadelaktputze.<\/p>\n<p><b>Anwendung<\/b><\/p>\n<p>Vorab der Untergrund von losen Teilen, Staub und Fett reinigen, dann leicht befeuchten. Der Untergrund darf nicht ges\u00e4ttigt sein, weil das die Haftung und damit die Qualit\u00e4t stark vermindert.<\/p>\n<p>In einer langsam drehenden Betonmischmaschine 1 Sack Kalkm\u00f6rtel (30 kg) unter Zugabe von 5-6 l sauberen Wassers mischen, bis sich ein weicher, kremiger M\u00f6rtel ergibt ( 3 bis 5 Minuten). Die Verarbeitungszeit betr\u00e4gt ca. 2 Stunden.<span class=\"Apple-converted-space\">\u00a0<\/span><\/p>\n<p>Der M\u00f6rtel wird per Hand oder mechanisch durchschnittlich 15 bis 20 mm dick aufgetragen. Die Trocknungszeit betr\u00e4gt 3 bis 4 Tage.<\/p>\n<p>Wenn nach 1 Woche eine Endschicht aufgetragen wird,<span class=\"Apple-converted-space\">\u00a0 <\/span>empfiehlt es sich, eine Haftschicht<span class=\"Apple-converted-space\">\u00a0 <\/span>mit Unilit 15\/P1 oder Unilit 15\/P2<span class=\"Apple-converted-space\">\u00a0 <\/span>vorher<span class=\"Apple-converted-space\">\u00a0 <\/span>aufzubringen.<\/p>\n<p>Der M\u00f6rtel nicht auftragen bei weniger als +5\u00b0C ebenso wenig bei Nebel oder auf angefrorenem Untergrund.. Bei sonnigen und trocknen Perioden zu schnelles Austrocknen vermeiden. Vor Frost und starker<span class=\"Apple-converted-space\">\u00a0 <\/span>Sonneneinstrahlung w\u00e4hrend der ersten 48 bis 72 Stunden<span class=\"Apple-converted-space\">\u00a0 <\/span>sch\u00fctzen.<\/p>\n<p><a href=\"https:\/\/arteconstructo.com\/wp-content\/uploads\/2020\/05\/UNILIT-30-Techn-Merkb.pdf\">Die PDF Version finden Sie hier<\/a><\/p>\n","protected":false},"excerpt":{"rendered":"<p>UNILIT 30 (TD13 S) SANIERM\u00d6RTEL Baubeschreibungen : Innenputz, Aussenputz, Mauern und Fugen, Tadelakt Eigenschaften Unilit 30 ist ein traditioneller, trockener, mineralischer Sanierungsm\u00f6rtel, hergestellt aus nat\u00fcrlichem hydraulischem Kalk als Binder und ausgew\u00e4hlten Zuschlagstoffen mit ausgew\u00e4hlter Korngr\u00f6\u00dfe. Unilit 30 hat eine hohe Haftf\u00e4higkeit, eine hohe Plastizit\u00e4t , einen geringen Anteil an wasserl\u00f6slichen Salzen und eine ausgezeichnete Dampfdurchl\u00e4ssigkeit.&hellip;<\/p>\n","protected":false},"author":8,"featured_media":0,"parent":0,"menu_order":0,"comment_status":"closed","ping_status":"closed","template":"","meta":{"footnotes":""},"class_list":["post-17010","page","type-page","status-publish","hentry","description-off"],"_links":{"self":[{"href":"https:\/\/arteconstructo.com\/de\/wp-json\/wp\/v2\/pages\/17010","targetHints":{"allow":["GET"]}}],"collection":[{"href":"https:\/\/arteconstructo.com\/de\/wp-json\/wp\/v2\/pages"}],"about":[{"href":"https:\/\/arteconstructo.com\/de\/wp-json\/wp\/v2\/types\/page"}],"author":[{"embeddable":true,"href":"https:\/\/arteconstructo.com\/de\/wp-json\/wp\/v2\/users\/8"}],"replies":[{"embeddable":true,"href":"https:\/\/arteconstructo.com\/de\/wp-json\/wp\/v2\/comments?post=17010"}],"version-history":[{"count":0,"href":"https:\/\/arteconstructo.com\/de\/wp-json\/wp\/v2\/pages\/17010\/revisions"}],"wp:attachment":[{"href":"https:\/\/arteconstructo.com\/de\/wp-json\/wp\/v2\/media?parent=17010"}],"curies":[{"name":"wp","href":"https:\/\/api.w.org\/{rel}","templated":true}]}}