{"id":17009,"date":"2018-07-20T15:58:17","date_gmt":"2018-07-20T14:58:17","guid":{"rendered":"https:\/\/arteconstructo.com\/technische-datenblaetter\/unilit\/unilit-25-td13-p-leichtere-putzschicht\/"},"modified":"2020-05-20T15:29:22","modified_gmt":"2020-05-20T14:29:22","slug":"unilit-25-td13-p-leichtere-putzschicht","status":"publish","type":"page","link":"https:\/\/arteconstructo.com\/de\/unilit-25-td13-p-leichtere-putzschicht\/","title":{"rendered":"UNILIT 25 (TD13 P) LEICHTERE PUTZSCHICHT"},"content":{"rendered":"<p><b>UNILIT 25 (TD13 P) LEICHTERE PUTZSCHICHT<\/b><\/p>\n<p>Baubeschreibungen : Innenputz, Aussenputz<\/p>\n<p><b>Eigenschaften<\/b><\/p>\n<p>Unilit 25 ist ein traditioneller, trockener, leichter, mineralischer Haftm\u00f6rtel, hergestellt aus nat\u00fcrlichem hydraulischem Kalk als Bindemittel und expandierter Kieselerde mit ausgew\u00e4hlten Korngr\u00f6\u00dfen.<\/p>\n<p>Unilit 25 hat eine langsame aber hohe Haftf\u00e4higkeit, eine hohe Plastizit\u00e4t, einen geringen Anteil wasserl\u00f6slicher Salze und eine ausgezeichnete Dampfdurchl\u00e4ssigkeit. Dieser nat\u00fcrliche hydraulische Kalkm\u00f6rtel ist sehr stabil und optimal geeignet, Probleme mit Mikrorissen und zu schnellem Austrocknen zu vermeiden.<\/p>\n<p>Der nat\u00fcrliche hydraulische Kalk entspricht der europ\u00e4ischen Norm EN 459-1, NHL 5.<span class=\"Apple-converted-space\">\u00a0 <\/span>Der M\u00f6rtel Unilit 25 entspricht der europ\u00e4ischen Norm UNI EN 998-1.<\/p>\n<p><b>Einsatzbereich<\/b><\/p>\n<p>Unilit 25 ist besonders geeignet auf por\u00f6sem Untergrund, wie Isolations- und Schnellbausteinen, Silikatsteinen, Zellenbeton. Er erleichtert das Entfeuchten der Mauern und verbessert die Eigenschaften des Mauerwerks. Unilit 25 eignet sich perfekt f\u00fcr Neubauten, Renovierungen und Restauration.<\/p>\n<p><b>Anwendung<\/b><\/p>\n<p>Vorab der Untergrund von losen Teilen, Staub und Fett reinigen, dann leicht befeuchten..<span class=\"Apple-converted-space\">\u00a0 <\/span>Der Untergrund darf nicht ges\u00e4ttigt sein, weil das die Haftung und damit die Qualit\u00e4t stark vermindert.<\/p>\n<p>In der Betonmischmaschine 1 Sack Kalkm\u00f6rtel ( 30 kg ) unter Zugabe von 5 \u2013 7 l sauberen Wassers mischen, bis sich ein weicher und kremiger M\u00f6rtel ergibt (3 &#8211; 5 Minuten ). Die Verarbeitungszeit betr\u00e4gt ca. 2 Stunden.<\/p>\n<p>Der M\u00f6rtel wird per Hand oder mechanisch als feiner Putz in der gew\u00fcnschten Dicke aufgetragen.<span class=\"Apple-converted-space\">\u00a0 <\/span>Die Trocknungszeit betr\u00e4gt<span class=\"Apple-converted-space\">\u00a0 <\/span>24 bis 48 Stunden.<span class=\"Apple-converted-space\">\u00a0<\/span><\/p>\n<p>Der Isolierm\u00f6rtel Unilit 25 darf nicht direkt auf den Sockel oder Zonen mit kapillarem Wasser aufgetragen werden, diese sollten vorab mit Unilit 30 behandelt werden<\/p>\n<p>Der M\u00f6rtel nicht auftragen bei weniger als +5\u00b0C ebenso wenig bei Nebel oder auf angefrorenem Untergrund.. Bei sonnigen und trocknen Perioden zu schnelles Austrocknen vermeiden. Vor Frost und starker<span class=\"Apple-converted-space\">\u00a0 <\/span>Sonneneinstrahlung w\u00e4hrend der ersten 48 bis 72 Stunden sch\u00fctzen.<\/p>\n<p><a href=\"https:\/\/arteconstructo.com\/wp-content\/uploads\/2020\/05\/UNILIT-25-Techn-Merkb.pdf\">Die PDF Version finden Sie hier<\/a><\/p>\n","protected":false},"excerpt":{"rendered":"<p>UNILIT 25 (TD13 P) LEICHTERE PUTZSCHICHT Baubeschreibungen : Innenputz, Aussenputz Eigenschaften Unilit 25 ist ein traditioneller, trockener, leichter, mineralischer Haftm\u00f6rtel, hergestellt aus nat\u00fcrlichem hydraulischem Kalk als Bindemittel und expandierter Kieselerde mit ausgew\u00e4hlten Korngr\u00f6\u00dfen. Unilit 25 hat eine langsame aber hohe Haftf\u00e4higkeit, eine hohe Plastizit\u00e4t, einen geringen Anteil wasserl\u00f6slicher Salze und eine ausgezeichnete Dampfdurchl\u00e4ssigkeit. Dieser nat\u00fcrliche&hellip;<\/p>\n","protected":false},"author":8,"featured_media":0,"parent":0,"menu_order":0,"comment_status":"closed","ping_status":"closed","template":"","meta":{"footnotes":""},"class_list":["post-17009","page","type-page","status-publish","hentry","description-off"],"_links":{"self":[{"href":"https:\/\/arteconstructo.com\/de\/wp-json\/wp\/v2\/pages\/17009","targetHints":{"allow":["GET"]}}],"collection":[{"href":"https:\/\/arteconstructo.com\/de\/wp-json\/wp\/v2\/pages"}],"about":[{"href":"https:\/\/arteconstructo.com\/de\/wp-json\/wp\/v2\/types\/page"}],"author":[{"embeddable":true,"href":"https:\/\/arteconstructo.com\/de\/wp-json\/wp\/v2\/users\/8"}],"replies":[{"embeddable":true,"href":"https:\/\/arteconstructo.com\/de\/wp-json\/wp\/v2\/comments?post=17009"}],"version-history":[{"count":0,"href":"https:\/\/arteconstructo.com\/de\/wp-json\/wp\/v2\/pages\/17009\/revisions"}],"wp:attachment":[{"href":"https:\/\/arteconstructo.com\/de\/wp-json\/wp\/v2\/media?parent=17009"}],"curies":[{"name":"wp","href":"https:\/\/api.w.org\/{rel}","templated":true}]}}