{"id":17008,"date":"2018-07-20T15:57:16","date_gmt":"2018-07-20T14:57:16","guid":{"rendered":"https:\/\/arteconstructo.com\/technische-datenblaetter\/unilit\/unilit-20-volcalite-isoliermortel\/"},"modified":"2020-05-20T15:32:14","modified_gmt":"2020-05-20T14:32:14","slug":"unilit-20-volcalite-isoliermortel","status":"publish","type":"page","link":"https:\/\/arteconstructo.com\/de\/unilit-20-volcalite-isoliermortel\/","title":{"rendered":"UNILIT 20 (VOLCALITE) ISOLIERM\u00d6RTEL"},"content":{"rendered":"<p><b>UNILIT 20 (VOLCALITE) ISOLIERM\u00d6RTEL<\/b><\/p>\n<p>Baubeschreibungen : Innenputz, Aussenputz<\/p>\n<p><b>Eigenschaften<\/b><\/p>\n<p>Unilit 20 ist ein mineralischer Isolierm\u00f6rtel ,bestehend aus einer Mischung von expandierter Kieselerde, gebunden mit nat\u00fcrlichem hydraulischem Kalk. Die expandierter Kieselerde sorgt f\u00fcr einen sehr leichten M\u00f6rtel mit hohen thermischen und mechanischen Eigenschaften.<\/p>\n<p>Unilit 20 hat eine langsame aber hohe Haftf\u00e4higkeit, eine hohe Plastizit\u00e4t, einen geringen Anteil wasserl\u00f6slicher Salze und eine ausgezeichnete Dampfdurchl\u00e4ssigkeit. Dieser nat\u00fcrliche hydraulische Kalkm\u00f6rtel ist sehr stabil und optimal geeignet, Probleme mit Mikrorissen und zu schnellem Austrocknen zu vermeiden.<\/p>\n<p>Der nat\u00fcrliche hydraulische Kalk entspricht der europ\u00e4ischen Norm EN 459-1, NHL 5.<span class=\"Apple-converted-space\">\u00a0 <\/span>Der M\u00f6rtel Unilit 20 entspricht der europ\u00e4ischen Norm UNI EN 998-1.<\/p>\n<p><b>Einsatzbereich<\/b><\/p>\n<p>Unilit 20 wird als Isolierung verwendet . Der hohe thermische Isolationswert von Unilit 20 erh\u00f6ht wesentlich den thermischen Widerstand der Wand und tr\u00e4gt bei zu einer Verschiebung des Taupunktes, so dass Probleme<span class=\"Apple-converted-space\">\u00a0 <\/span>mit innerer Kondensation gel\u00f6st werden k\u00f6nnen. Indem Unilit 20 wie eine Schutzlage \u00fcber die ganze Fassade aufgebracht werden kann, k\u00f6nnen K\u00e4ltebr\u00fccken in der Fassade geschlossen werden.<span class=\"Apple-converted-space\">\u00a0<\/span><\/p>\n<p>Unilit 20 eignet sich perfekt f\u00fcr Neubauten, Renovierungen und Restauration.<\/p>\n<p><b>Anwendung<\/b><\/p>\n<p>Vorab der Untergrund von losen Teilen, Staub und Fett reinigen, dann leicht befeuchten..<span class=\"Apple-converted-space\">\u00a0 <\/span>Der Untergrund darf nicht ges\u00e4ttigt sein, weil das die Haftung und damit die Qualit\u00e4t stark vermindert.<\/p>\n<p>In der Betonmischmaschine 1 Sack Kalkm\u00f6rtel ( 13 kg ) unter Zugabe von 9 \u2013 10 l sauberen Wassers mischen, bis sich ein weicher und kremiger M\u00f6rtel ergibt (3 \u2013 5 Minuten). Die Verarbeitungszeit betr\u00e4gt ca. 6 Stunden..<\/p>\n<p>Der Isolierm\u00f6rtel wird per Hand oder mechanisch in der gew\u00fcnschten St\u00e4rke aufgebracht. St\u00e4rken von \u00fcber<span class=\"Apple-converted-space\">\u00a0 <\/span>30 mm werden in mehreren Schichten aufgetragen. Nach dem Auftragen eine bis drei Wochen trocknen lassen (\u00dcber 15 \u00b0 \/unter 15\u00b0C), danach kann man die Endbeschichtung auftragen mit Unilit 15P2H und Unilit 65F (Aussen),<span class=\"Apple-converted-space\">\u00a0 <\/span>zwei Schichten Unilit 65F (Innen).<\/p>\n<p>Der Isolierm\u00f6rtel Unilit 20 darf nicht direkt im Sockelbereich aufgebracht werden, sondern dieser mu\u00df vorher mit Unilit 30 und Unilit PEDES M behandelt werden..<\/p>\n<p>Den M\u00f6rtel nicht auftragen bei weniger als +5\u00b0C, ebenso wenig bei Nebel oder angefrorenem Untergrund. Bei sonnigen und trocknen Perioden zu schnelles<span class=\"Apple-converted-space\">\u00a0 <\/span>Austrocknen der frischen Mischung unbedingt<span class=\"Apple-converted-space\">\u00a0 <\/span>vermeiden. Vor Frost und starker<span class=\"Apple-converted-space\">\u00a0 <\/span>Sonneneinstrahlung w\u00e4hrend der ersten 48 bis 72 Stunden nach dem Auftragen sch\u00fctzen.<\/p>\n<p><a href=\"https:\/\/arteconstructo.com\/wp-content\/uploads\/2020\/05\/UNILIT-20-Techn-Merkb.pdf\">Die PDF Version finden Sie hier<\/a><\/p>\n","protected":false},"excerpt":{"rendered":"<p>UNILIT 20 (VOLCALITE) ISOLIERM\u00d6RTEL Baubeschreibungen : Innenputz, Aussenputz Eigenschaften Unilit 20 ist ein mineralischer Isolierm\u00f6rtel ,bestehend aus einer Mischung von expandierter Kieselerde, gebunden mit nat\u00fcrlichem hydraulischem Kalk. Die expandierter Kieselerde sorgt f\u00fcr einen sehr leichten M\u00f6rtel mit hohen thermischen und mechanischen Eigenschaften. Unilit 20 hat eine langsame aber hohe Haftf\u00e4higkeit, eine hohe Plastizit\u00e4t, einen geringen&hellip;<\/p>\n","protected":false},"author":8,"featured_media":0,"parent":0,"menu_order":0,"comment_status":"closed","ping_status":"closed","template":"","meta":{"footnotes":""},"class_list":["post-17008","page","type-page","status-publish","hentry","description-off"],"_links":{"self":[{"href":"https:\/\/arteconstructo.com\/de\/wp-json\/wp\/v2\/pages\/17008","targetHints":{"allow":["GET"]}}],"collection":[{"href":"https:\/\/arteconstructo.com\/de\/wp-json\/wp\/v2\/pages"}],"about":[{"href":"https:\/\/arteconstructo.com\/de\/wp-json\/wp\/v2\/types\/page"}],"author":[{"embeddable":true,"href":"https:\/\/arteconstructo.com\/de\/wp-json\/wp\/v2\/users\/8"}],"replies":[{"embeddable":true,"href":"https:\/\/arteconstructo.com\/de\/wp-json\/wp\/v2\/comments?post=17008"}],"version-history":[{"count":0,"href":"https:\/\/arteconstructo.com\/de\/wp-json\/wp\/v2\/pages\/17008\/revisions"}],"wp:attachment":[{"href":"https:\/\/arteconstructo.com\/de\/wp-json\/wp\/v2\/media?parent=17008"}],"curies":[{"name":"wp","href":"https:\/\/api.w.org\/{rel}","templated":true}]}}