{"id":17007,"date":"2018-07-20T15:56:09","date_gmt":"2018-07-20T14:56:09","guid":{"rendered":"https:\/\/arteconstructo.com\/technische-datenblaetter\/unilit\/unilit-15-p0-p1-p2-td13-p0-p1-p2-haftschicht\/"},"modified":"2020-05-20T15:31:27","modified_gmt":"2020-05-20T14:31:27","slug":"unilit-15-p0-p1-p2-td13-p0-p1-p2-haftschicht","status":"publish","type":"page","link":"https:\/\/arteconstructo.com\/de\/unilit-15-p0-p1-p2-td13-p0-p1-p2-haftschicht\/","title":{"rendered":"UNILIT 15 P0 \u2013 P1 \u2013 P2 (TD13 P0\/P1\/P2) HAFTSCHICHT"},"content":{"rendered":"<p><b>UNILIT 15 P0 \u2013 P1 \u2013 P2 (TD13 P0\/P1\/P2) HAFTSCHICHT<\/b><\/p>\n<p>Baubeschreibungen : Innenputz, Aussenputz<\/p>\n<p><b>Eigenschaften<\/b><\/p>\n<p>Unilit 15 ist ein traditioneller, mineralischer Haftm\u00f6rtel, hergestellt aus nat\u00fcrlichem hydraulischem Kalk als Binder und ausgew\u00e4hlten Zuschlagstoffen bestimmter Korngr\u00f6\u00dfen.<\/p>\n<p>Unilit 15 hat eine hohe Haftf\u00e4higkeit, eine hohe Plastizit\u00e4t, geringen Anteil an wasserl\u00f6slichen Salzen und<span class=\"Apple-converted-space\">\u00a0 <\/span>eine ausgezeichnete Dampfdurchl\u00e4ssigkeit.<span class=\"Apple-converted-space\">\u00a0 <\/span>Dieser nat\u00fcrliche hydraulische Kalkm\u00f6rtel ist sehr stabi und optimal geeignet, Probleme mit Mikrorissen und schnellem Austrocknen zu vermeiden.<\/p>\n<p>Der nat\u00fcrliche hydraulische Kalk entspricht der europ\u00e4ischen Norm EN 459-1, NHL 5.<span class=\"Apple-converted-space\">\u00a0 <\/span>Der M\u00f6rtel Unilit 15 entspricht der europ\u00e4ischen Norm UNI EN 998-1.<\/p>\n<p><b>Einsatzbereich<\/b><\/p>\n<p>Unilit 15 wird auf einem schlechten oder instabilen Untergrund, wie Stahlbeton, altes Mauerwerk und altem Kalkputz, verwendet, wenn also der Untergrund keine optimale Haftung der Grundierung und der Endbeschichtung garantiert. Unilit 15 verh\u00fctet au\u00dferdem unerw\u00fcnschte Flecken in der Endbeschichtung infolge verschiedener Untergr\u00fcnde.<\/p>\n<p>Unilit 15\/P0 w\u00efrd verwendet als feiner Putz auf alten abgebrannten oder abgekratzten Kalkschichten.<\/p>\n<p>Unilit 15\/P1 wird d\u00fcnn aufgetragen mit dem Pinsel als feiner Putz von 2 \u00e0 4 mm Dicke.<\/p>\n<p>Unilit 15\/P2 wird angewendet als Grundierung mit<span class=\"Apple-converted-space\">\u00a0 <\/span>maximal<span class=\"Apple-converted-space\">\u00a0 <\/span>5 \u00e0 8 mm Schichtdicke.<\/p>\n<p><b>Anwendung<\/b><\/p>\n<p>Vorab wird der Untergrund von losen Teilen, Staub und Fett gereinigt, dann wird der Untergrund<span class=\"Apple-converted-space\">\u00a0 <\/span>leicht befeuchtet.<\/p>\n<p>Der M\u00f6rtel wird mit sauberem Wasser, 5 bis 6 l f\u00fcr 1 Sack Kalkm\u00f6rtel in einer langsam drehenden elektrischen Mischmaschine 3 bis 5 Minuten gemischt, bis sich ein weicher und kremiger M\u00f6rtel ergibt. Dieser bleibt f\u00fcr ca. 2 Stunden verarbeitbar..<\/p>\n<p>Der M\u00f6rtel wird per Hand oder mechanisch als feiner Putz in der gew\u00fcnschten Dicke aufgetragen. Beim Putzen wird der M\u00f6rtel mit einem weichen Pinselquast in zwei Lagen,frisch auf frisch,aufgetragen.. Im besondern werden Risse und Abplatzungen ausgef\u00fcllt.<span class=\"Apple-converted-space\">\u00a0 <\/span>Die Trocknungszeit betr\u00e4gt 1 bis 2 Tage.<\/p>\n<p>Den M\u00f6rtel nicht bei unter +5\u00b0C, auf angefrorenen Untergrund oder bei dichtem Nebel auftragen. Bei sonnigen und trocknen Perioden schnelles<span class=\"Apple-converted-space\">\u00a0 <\/span>Austrocknen vermeiden, vor Frost und starker Sonne f\u00fcr 48 bis 72 Stunden sch\u00fctzen.<\/p>\n<p><a href=\"https:\/\/arteconstructo.com\/wp-content\/uploads\/2020\/05\/UNILIT-15-P0-P1-P2-Techn-Merkb.pdf\">Die PDF Version finden Sie hier<\/a><\/p>\n","protected":false},"excerpt":{"rendered":"<p>UNILIT 15 P0 \u2013 P1 \u2013 P2 (TD13 P0\/P1\/P2) HAFTSCHICHT Baubeschreibungen : Innenputz, Aussenputz Eigenschaften Unilit 15 ist ein traditioneller, mineralischer Haftm\u00f6rtel, hergestellt aus nat\u00fcrlichem hydraulischem Kalk als Binder und ausgew\u00e4hlten Zuschlagstoffen bestimmter Korngr\u00f6\u00dfen. Unilit 15 hat eine hohe Haftf\u00e4higkeit, eine hohe Plastizit\u00e4t, geringen Anteil an wasserl\u00f6slichen Salzen und\u00a0 eine ausgezeichnete Dampfdurchl\u00e4ssigkeit.\u00a0 Dieser nat\u00fcrliche hydraulische&hellip;<\/p>\n","protected":false},"author":8,"featured_media":0,"parent":0,"menu_order":0,"comment_status":"closed","ping_status":"closed","template":"","meta":{"footnotes":""},"class_list":["post-17007","page","type-page","status-publish","hentry","description-off"],"_links":{"self":[{"href":"https:\/\/arteconstructo.com\/de\/wp-json\/wp\/v2\/pages\/17007","targetHints":{"allow":["GET"]}}],"collection":[{"href":"https:\/\/arteconstructo.com\/de\/wp-json\/wp\/v2\/pages"}],"about":[{"href":"https:\/\/arteconstructo.com\/de\/wp-json\/wp\/v2\/types\/page"}],"author":[{"embeddable":true,"href":"https:\/\/arteconstructo.com\/de\/wp-json\/wp\/v2\/users\/8"}],"replies":[{"embeddable":true,"href":"https:\/\/arteconstructo.com\/de\/wp-json\/wp\/v2\/comments?post=17007"}],"version-history":[{"count":0,"href":"https:\/\/arteconstructo.com\/de\/wp-json\/wp\/v2\/pages\/17007\/revisions"}],"wp:attachment":[{"href":"https:\/\/arteconstructo.com\/de\/wp-json\/wp\/v2\/media?parent=17007"}],"curies":[{"name":"wp","href":"https:\/\/api.w.org\/{rel}","templated":true}]}}