{"id":17006,"date":"2018-07-20T15:55:11","date_gmt":"2018-07-20T14:55:11","guid":{"rendered":"https:\/\/arteconstructo.com\/technische-datenblaetter\/unilit\/unilit-10-td13-pa-haftschicht\/"},"modified":"2020-05-20T15:33:22","modified_gmt":"2020-05-20T14:33:22","slug":"unilit-10-td13-pa-haftschicht","status":"publish","type":"page","link":"https:\/\/arteconstructo.com\/de\/unilit-10-td13-pa-haftschicht\/","title":{"rendered":"UNILIT 10 (TD13 PA) HAFTSCHICHT"},"content":{"rendered":"<p><b>UNILIT 10 (TD13 PA) HAFTSCHICHT<\/b><\/p>\n<p>baubeschreibungen : Innenputz, Aussenputz, Tadelakt<\/p>\n<p><b>Eigenschaften<\/b><\/p>\n<p>Unilit 10 ist ein mineralischer Haftm\u00f6rtel als Fertigmischung\/Sackware, hergestellt aus nat\u00fcrlichem hydraulischem Kalk als Binder und ausgew\u00e4hlten Zuschlagstoffen mit entsprechender Korngr\u00f6\u00dfe.<\/p>\n<p>Unilit 10 hat eine langsame aber ausgepr\u00e4gt hohe Haftf\u00e4higkeit, eine hohe Plastizit\u00e4t, einen geringen Anteil wasserl\u00f6slicher Salze und eine ausgezeichnete Dampfdurchl\u00e4ssigkeit. Dieser nat\u00fcrlich hydraulische Kalkm\u00f6rtel ist sehr stabil und optimal daf\u00fcr geeignet, Probleme mit feinen Mikrorissen und zu schnellem Austrocknen zu vermeiden. Der nat\u00fcrliche hydraulische Kalk, verwendet als Bindemittel, entspricht der Europ\u00e4ischen Norm EN 459-1, NHL 5.<span class=\"Apple-converted-space\">\u00a0 <\/span>Der M\u00f6rtel Unilit 10 entspricht der europ\u00e4ischen Norm UNI EN 998-1.<\/p>\n<p><b>Einsatzbereich<\/b><\/p>\n<p>Unilit 10 wird als Haftbr\u00fccke angewendet. Verbessert das Haftprofil bei stark besch\u00e4digtem Untergrund, wie veraltertes, pulverisiertes Mauerwerk, oder gering absorbierenden Oberfl\u00e4chen, wie glatter Beton, blaues Hartgestein oder Granit, auch f\u00fcr wasser- und\/oder salzges\u00e4ttigten Untergrund.<\/p>\n<p><b>Anwendung<\/b><\/p>\n<p>Vorab den Untergrund von losen Teilen, Staub und Fett reinigen, dann leicht befeuchten. Der Untergrund darf nicht ges\u00e4ttigt sein, weil das die Haftung stark vermindert.<span class=\"Apple-converted-space\">\u00a0 <\/span>In der Betonmischmaschine 1 Sack Kalkm\u00f6rtel ( 30 kg) unter Zugabe von 7 &#8211; 8 Litern sauberen Wasser mischen, bis sich ein weicher und kremiger M\u00f6rtel ergibt (max. 3 bis 5 Minuten). Die Verarbeitungszeit betr\u00e4gt circa 2 Stunden. Der M\u00f6rtel wird per Hand oder mechanisch zu einer nicht deckenden Schicht (ca. 70%<span class=\"Apple-converted-space\">\u00a0 <\/span>der Gesamtfl\u00e4che).<span class=\"Apple-converted-space\">\u00a0 <\/span>Die Trocknungszeit betr\u00e4gt im Minimum 4 Stunden. <span class=\"Apple-converted-space\">\u00a0<\/span><\/p>\n<p>Den M\u00f6rtel nicht auftragen bei weniger als +5\u00b0C, ebenso wenig bei Nebel oder auf angefrorenen Untergrund. Bei sonnigen und trockenen Perioden zu schnelles Austrocknen der frischen Mischung vermeiden. Vor Frost und starker Sonneneinstrahlung w\u00e4hrend der ersten 48 bis 72 Stunden nach dem Auftrag sch\u00fctzen.<span class=\"Apple-converted-space\">\u00a0<\/span><\/p>\n<p><a href=\"https:\/\/arteconstructo.com\/wp-content\/uploads\/2020\/05\/UNILIT-10-Techn-Merkb.pdf\">Die PDF Version finden Sie hier<\/a><\/p>\n","protected":false},"excerpt":{"rendered":"<p>UNILIT 10 (TD13 PA) HAFTSCHICHT baubeschreibungen : Innenputz, Aussenputz, Tadelakt Eigenschaften Unilit 10 ist ein mineralischer Haftm\u00f6rtel als Fertigmischung\/Sackware, hergestellt aus nat\u00fcrlichem hydraulischem Kalk als Binder und ausgew\u00e4hlten Zuschlagstoffen mit entsprechender Korngr\u00f6\u00dfe. Unilit 10 hat eine langsame aber ausgepr\u00e4gt hohe Haftf\u00e4higkeit, eine hohe Plastizit\u00e4t, einen geringen Anteil wasserl\u00f6slicher Salze und eine ausgezeichnete Dampfdurchl\u00e4ssigkeit. Dieser nat\u00fcrlich&hellip;<\/p>\n","protected":false},"author":8,"featured_media":0,"parent":0,"menu_order":0,"comment_status":"closed","ping_status":"closed","template":"","meta":{"footnotes":""},"class_list":["post-17006","page","type-page","status-publish","hentry","description-off"],"_links":{"self":[{"href":"https:\/\/arteconstructo.com\/de\/wp-json\/wp\/v2\/pages\/17006","targetHints":{"allow":["GET"]}}],"collection":[{"href":"https:\/\/arteconstructo.com\/de\/wp-json\/wp\/v2\/pages"}],"about":[{"href":"https:\/\/arteconstructo.com\/de\/wp-json\/wp\/v2\/types\/page"}],"author":[{"embeddable":true,"href":"https:\/\/arteconstructo.com\/de\/wp-json\/wp\/v2\/users\/8"}],"replies":[{"embeddable":true,"href":"https:\/\/arteconstructo.com\/de\/wp-json\/wp\/v2\/comments?post=17006"}],"version-history":[{"count":0,"href":"https:\/\/arteconstructo.com\/de\/wp-json\/wp\/v2\/pages\/17006\/revisions"}],"wp:attachment":[{"href":"https:\/\/arteconstructo.com\/de\/wp-json\/wp\/v2\/media?parent=17006"}],"curies":[{"name":"wp","href":"https:\/\/api.w.org\/{rel}","templated":true}]}}