{"id":17004,"date":"2018-07-20T15:52:53","date_gmt":"2018-07-20T14:52:53","guid":{"rendered":"https:\/\/arteconstructo.com\/technische-datenblaetter\/unilit\/unilit-fenxa-bindemittel\/"},"modified":"2020-05-20T15:42:49","modified_gmt":"2020-05-20T14:42:49","slug":"unilit-fenxa-bindemittel","status":"publish","type":"page","link":"https:\/\/arteconstructo.com\/de\/unilit-fenxa-bindemittel\/","title":{"rendered":"UNILIT FENXA BINDEMITTEL"},"content":{"rendered":"<p><b>UNILIT FENXA BINDEMITTEL<\/b><\/p>\n<p><b>Eigenschaften<\/b><\/p>\n<p>Unilit Fen XA<b> <\/b>ist ein nat\u00fcrliche hydraulische Kalke, welche als Bindemittel mit Hilfe passender Zuschlagstoffe und nat\u00fcrlicher Pigmente genau auf den speziellen Anwendungsfall zusammengestellt werden k\u00f6nnen. Unilit Fen XA hat einen geringen Anteil wasserl\u00f6slicher Salze und eine langsame aber hohe Haftf\u00e4higkeit. Er ist sehr stabil und optimal geeignet, Probleme mit Mikrorissen und schnelles Austrocknen zu vermeiden.<\/p>\n<p>Unilit Fen XA entsprecht den europ\u00e4ischen Normen EN 459-1, NHL 5.<\/p>\n<p><b>Einsatzbereich<\/b><\/p>\n<p>Unilit Fen XA kan ohne Einschr\u00e4nkungen als M\u00f6rtel eingesetzt werden, wenn sie im richtigen Verh\u00e4ltnis und der passenden Qualit\u00e4t von Sand und Wasser angemischt werden. Einzusetzen ist diese Mischung sowohl bei Neubauten als auch bei Restauration und Renovierung.<span class=\"Apple-converted-space\">\u00a0<\/span><\/p>\n<p><b>Zubereitung<\/b><\/p>\n<p>Unilit Fen XA wird mit sauberem Sand in ausgewogener Kornverteilung und einem Verh\u00e4ltnis von 380 bis 450 kg Bindemittel pro cbm Sand gemischt. Im Mittel sind dies 1 Volumenteil Bindemittel zu 3 Volumenteilen Sand. Die Wahl des Sandes ist ausgesprochen wichtig f\u00fcr die Qualit\u00e4t des M\u00f6rtels. Studien belegen, da\u00df gute Resultate mit Sanden erzielt werden, deren Kornverteilung der Fullerkurve angepa\u00dft ist. Der Zusatz irgendwelcher synthtetischen Bindemittel, Wasserreduzierer, Antifrostmittel oder \u00c4hnlichen ist absolut unn\u00f6tig.<\/p>\n<p><b>Anwendung<\/b><\/p>\n<p>Vorab den Untergrund von losen Teilen, Staub und Fett reinigen, dann leicht befeuchten. Der Untergrund darf nicht ges\u00e4ttigt sein, weil das die Haftung und damit die Qualit\u00e4t stark vermindert.<\/p>\n<p>In einer langsam drehenden Mischmaschine 1 Sack Kalkm\u00f6rtel (25 kg) unter Zugabe von 4 bis 5 l sauberen Wassers mischen, bis sich ein weicher und kremiger M\u00f6rtel ergibt (5 bis 8 Minuten). Die Verarbeitungszeit betr\u00e4gt 2 Stunden.<\/p>\n<p>Der M\u00f6rtel wird mit der Hand oder mechanisch in geeigneter Weise aufgebracht. 1 bis 2 Tage trocknen lassen.<\/p>\n<p>Den M\u00f6rtel nicht auftragen bei weniger als +5\u00b0C, ebenso wenig bei Nebel oder auf angefrorenem Untergrund. Bei sonnigen und trocknen Perioden zu schnelles Austrocknen der frischen Mischung vermeiden. Vor Frost und starker Sonneneinstrahlung w\u00e4hrend der ersten 48 bis 72 Stunden sch\u00fctzen.<\/p>\n<p><a href=\"https:\/\/arteconstructo.com\/wp-content\/uploads\/2020\/05\/UNILIT-Fen-XA-Techn-Merkb.pdf\"><strong>Die PDF Version finden Sie hier<\/strong><\/a><\/p>\n","protected":false},"excerpt":{"rendered":"<p>UNILIT FENXA BINDEMITTEL Eigenschaften Unilit Fen XA ist ein nat\u00fcrliche hydraulische Kalke, welche als Bindemittel mit Hilfe passender Zuschlagstoffe und nat\u00fcrlicher Pigmente genau auf den speziellen Anwendungsfall zusammengestellt werden k\u00f6nnen. Unilit Fen XA hat einen geringen Anteil wasserl\u00f6slicher Salze und eine langsame aber hohe Haftf\u00e4higkeit. Er ist sehr stabil und optimal geeignet, Probleme mit Mikrorissen&hellip;<\/p>\n","protected":false},"author":8,"featured_media":0,"parent":0,"menu_order":0,"comment_status":"closed","ping_status":"closed","template":"","meta":{"footnotes":""},"class_list":["post-17004","page","type-page","status-publish","hentry","description-off"],"_links":{"self":[{"href":"https:\/\/arteconstructo.com\/de\/wp-json\/wp\/v2\/pages\/17004","targetHints":{"allow":["GET"]}}],"collection":[{"href":"https:\/\/arteconstructo.com\/de\/wp-json\/wp\/v2\/pages"}],"about":[{"href":"https:\/\/arteconstructo.com\/de\/wp-json\/wp\/v2\/types\/page"}],"author":[{"embeddable":true,"href":"https:\/\/arteconstructo.com\/de\/wp-json\/wp\/v2\/users\/8"}],"replies":[{"embeddable":true,"href":"https:\/\/arteconstructo.com\/de\/wp-json\/wp\/v2\/comments?post=17004"}],"version-history":[{"count":0,"href":"https:\/\/arteconstructo.com\/de\/wp-json\/wp\/v2\/pages\/17004\/revisions"}],"wp:attachment":[{"href":"https:\/\/arteconstructo.com\/de\/wp-json\/wp\/v2\/media?parent=17004"}],"curies":[{"name":"wp","href":"https:\/\/api.w.org\/{rel}","templated":true}]}}