{"id":16115,"date":"2016-07-06T13:52:36","date_gmt":"2016-07-06T12:52:36","guid":{"rendered":"https:\/\/arteconstructo.com\/de\/?page_id=16115"},"modified":"2020-06-09T11:48:32","modified_gmt":"2020-06-09T10:48:32","slug":"bio-oekologisches-material","status":"publish","type":"page","link":"https:\/\/arteconstructo.com\/de\/technische-eigenschaften\/bio-oekologisches-material\/","title":{"rendered":"Bio-\u00f6kologisches Material"},"content":{"rendered":"<div class=\"wpb-content-wrapper\"><p>[vc_row full_width=&#8221;true&#8221; margin_top=&#8221;-50&#8243;][vc_column][vc_single_image image=&#8221;236&#8243; img_size=&#8221;full&#8221; alignment=&#8221;center&#8221; image_hovers=&#8221;false&#8221;][\/vc_column][\/vc_row][vc_row full_width_row=&#8221;true&#8221; padding_left=&#8221;30px&#8221; padding_right=&#8221;30px&#8221;][vc_column][vc_empty_space height=&#8221;60px&#8221;][vc_column_text]<\/p>\n<h3 class=\"p1\" style=\"text-align: center;\"><span class=\"s1\">BIO-\u00d6KOLOGISCHES MATERIAL<\/span><\/h3>\n<p>[\/vc_column_text][vc_empty_space height=&#8221;60px&#8221;][\/vc_column][\/vc_row][vc_row full_width_row=&#8221;true&#8221; padding_left=&#8221;30px&#8221; padding_right=&#8221;30px&#8221;][vc_column width=&#8221;2\/3&#8243;][vc_column_text]<\/p>\n<p class=\"p1\" style=\"text-align: justify;\"><span class=\"s1\">Der neue Trend geht hin zu Bauen mit Respekt f\u00fcr die Natur. Es werden neue Technologien entwickelt und es wird immer weiter nach lokalen Materialien gesucht.<\/span><\/p>\n<p class=\"p1\" style=\"text-align: justify;\"><span class=\"s1\">Kalk ist selbst bereits \u00f6kologisch. Er kann \u00fcberall gefunden werden und keine besonderen Zusatzstoffe werden ben\u00f6tigt, um ein effektives Material zu erhalten. <\/span><\/p>\n<p class=\"p1\" style=\"text-align: justify;\"><span class=\"s1\">Verglichen mit Zement ist der Energieverbrauch f\u00fcr hydraulischen Kalk niedriger (Brenntemperaturen von 800 \u2013 1200\u00b0C f\u00fcr Kalk, und 1400 \u2013 1800\u00b0C f\u00fcr Zement).<\/span><\/p>\n<p class=\"p1\" style=\"text-align: justify;\"><span class=\"s1\">Dank seiner physikalischen Eigenschaften tr\u00e4gt er auch zu einer behaglichen Inneneinrichtung bei die <b>gesund<\/b> ist und das Allergierisiko enorm reduziert.<\/span><\/p>\n<p>[\/vc_column_text][\/vc_column][vc_column width=&#8221;1\/3&#8243;][vc_single_image image=&#8221;270&#8243; img_size=&#8221;full&#8221; alignment=&#8221;center&#8221; style=&#8221;vc_box_shadow&#8221; image_hovers=&#8221;false&#8221;][\/vc_column][\/vc_row][vc_row][vc_column][vc_empty_space height=&#8221;60px&#8221;][\/vc_column][\/vc_row][vc_row full_width=&#8221;true&#8221;][vc_column]<div tabindex=\"0\" class=\"ult-new-ib ult-ib-effect-style2  ult-ib-resp ult-ib2-min-height \" data-min-width=\"768\" data-max-width=\"900\" style=\"background:#000000; opacity:0; \" data-opacity=\"1\" data-hover-opacity=\"0.5\"  data-min-height=\"350\" ><img decoding=\"async\" class=\"ult-new-ib-img\" style=\"opacity:1;\" alt=\"\" src=\"https:\/\/arteconstructo.com\/wp-content\/uploads\/2015\/11\/sterkte.jpg\"  data-min-height=\"350\"   \/><div id=\"interactive-banner-wrap-2416\" class=\"ult-new-ib-desc\" style=\"\"><h2 class=\"ult-new-ib-title ult-responsive\"  data-ultimate-target='#interactive-banner-wrap-2416 .ult-new-ib-title'  data-responsive-json-new='{\"font-size\":\"desktop:24px;\",\"line-height\":\"\"}'  style=\"font-weight:normal;color:#ffffff;\">MECHANISCHE ST\u00c4RKE<\/h2><\/div><a class=\"ult-new-ib-link\" href=\"http:\/\/arteconstructo.com\/de\/technische-eigenschaften\/mechanische-staerke\/\" title=\"MECHANISCHE ST\u00c4RKE\"  ><\/a><\/div>[\/vc_column][\/vc_row][vc_row full_width=&#8221;true&#8221; margin_top=&#8221;-130&#8243; margin_bottom=&#8221;-30&#8243;][vc_column]<div tabindex=\"0\" class=\"ult-new-ib ult-ib-effect-style2  ult-ib-resp ult-ib2-min-height \" data-min-width=\"768\" data-max-width=\"900\" style=\"background:#000000; opacity:0; \" data-opacity=\"1\" data-hover-opacity=\"0.5\"  data-min-height=\"350\" ><img decoding=\"async\" class=\"ult-new-ib-img\" style=\"opacity:1;\" alt=\"\" src=\"https:\/\/arteconstructo.com\/wp-content\/uploads\/2015\/11\/bouwfysische.jpg\"  data-min-height=\"350\"   \/><div id=\"interactive-banner-wrap-8178\" class=\"ult-new-ib-desc\" style=\"\"><h2 class=\"ult-new-ib-title ult-responsive\"  data-ultimate-target='#interactive-banner-wrap-8178 .ult-new-ib-title'  data-responsive-json-new='{\"font-size\":\"desktop:24px;\",\"line-height\":\"\"}'  style=\"font-weight:normal;color:#ffffff;\">BAUPHYSIK<\/h2><\/div><a class=\"ult-new-ib-link\" href=\"http:\/\/arteconstructo.com\/de\/technische-eigenschaften\/bauphysik\/\" title=\"BAUPHYSIK\"  ><\/a><\/div>[\/vc_column][\/vc_row][vc_row full_width=&#8221;true&#8221; margin_top=&#8221;-130&#8243; margin_bottom=&#8221;-30&#8243;][vc_column]<div tabindex=\"0\" class=\"ult-new-ib ult-ib-effect-style2  ult-ib-resp ult-ib2-min-height \" data-min-width=\"768\" data-max-width=\"900\" style=\"background:#000000; opacity:0; \" data-opacity=\"1\" data-hover-opacity=\"0.5\"  data-min-height=\"350\" ><img decoding=\"async\" class=\"ult-new-ib-img\" style=\"opacity:1;\" alt=\"\" src=\"https:\/\/arteconstructo.com\/wp-content\/uploads\/2015\/11\/esthetisch.jpg\"  data-min-height=\"350\"   \/><div id=\"interactive-banner-wrap-3432\" class=\"ult-new-ib-desc\" style=\"\"><h2 class=\"ult-new-ib-title ult-responsive\"  data-ultimate-target='#interactive-banner-wrap-3432 .ult-new-ib-title'  data-responsive-json-new='{\"font-size\":\"desktop:24px;\",\"line-height\":\"\"}'  style=\"font-weight:normal;color:#ffffff;\">\u00c4STHETIK IM INNEN- UND AUSSENBEREICH<\/h2><\/div><a class=\"ult-new-ib-link\" href=\"http:\/\/arteconstructo.com\/de\/technische-eigenschaften\/aesthetik-im-innen-und-aussenbereich\/\" title=\"\u00c4STHETIK IM INNEN- UND AUSSENBEREICH\"  ><\/a><\/div>[\/vc_column][\/vc_row][vc_row][vc_column][vc_empty_space height=&#8221;65px&#8221;][\/vc_column][\/vc_row][vc_row full_width=&#8221;true&#8221; margin_bottom=&#8221;-80&#8243;][vc_column width=&#8221;1\/4&#8243;]<div tabindex=\"0\" class=\"ult-new-ib ult-ib-effect-style2  ult-ib-resp ult-ib2-min-height \" data-min-width=\"768\" data-max-width=\"900\" style=\"background:#000000; opacity:0; \" data-opacity=\"1\" data-hover-opacity=\"0.5\"  data-min-height=\"428\" ><img decoding=\"async\" class=\"ult-new-ib-img\" style=\"opacity:1;\" alt=\"\" src=\"https:\/\/arteconstructo.com\/wp-content\/uploads\/2015\/11\/lavabo.jpg\"  data-min-height=\"428\"   \/><div id=\"interactive-banner-wrap-3654\" class=\"ult-new-ib-desc\" style=\"\"><h2 class=\"ult-new-ib-title ult-responsive\"  data-ultimate-target='#interactive-banner-wrap-3654 .ult-new-ib-title'  data-responsive-json-new='{\"font-size\":\"\",\"line-height\":\"\"}'  style=\"font-weight:normal;color:#ffffff;\">K A L K<\/h2><\/div><a class=\"ult-new-ib-link\" href=\"http:\/\/arteconstructo.com\/de\/kalk\/\" title=\"K A L K\"  ><\/a><\/div>[\/vc_column][vc_column width=&#8221;1\/4&#8243;]<div tabindex=\"0\" class=\"ult-new-ib ult-ib-effect-style2  ult-ib-resp ult-ib2-min-height \" data-min-width=\"768\" data-max-width=\"900\" style=\"background:#000000; opacity:0; \" data-opacity=\"1\" data-hover-opacity=\"0.5\"  data-min-height=\"428\" ><img decoding=\"async\" class=\"ult-new-ib-img\" style=\"opacity:1;\" alt=\"\" src=\"https:\/\/arteconstructo.com\/wp-content\/uploads\/2015\/11\/trap.jpg\"  data-min-height=\"428\"   \/><div id=\"interactive-banner-wrap-3613\" class=\"ult-new-ib-desc\" style=\"\"><h2 class=\"ult-new-ib-title ult-responsive\"  data-ultimate-target='#interactive-banner-wrap-3613 .ult-new-ib-title'  data-responsive-json-new='{\"font-size\":\"\",\"line-height\":\"\"}'  style=\"font-weight:normal;color:#ffffff;\">E I G E N S C H A F T E N<\/h2><\/div><a class=\"ult-new-ib-link\" href=\"http:\/\/arteconstructo.com\/de\/technische-eigenschaften\/\" title=\"E I G E N S C H A F T E N\"  ><\/a><\/div>[\/vc_column][vc_column width=&#8221;1\/4&#8243;]<div tabindex=\"0\" class=\"ult-new-ib ult-ib-effect-style2  ult-ib-resp ult-ib2-min-height \" data-min-width=\"768\" data-max-width=\"900\" style=\"background:#000000; opacity:0; \" data-opacity=\"1\" data-hover-opacity=\"0.5\"  data-min-height=\"428\" ><img decoding=\"async\" class=\"ult-new-ib-img\" style=\"opacity:1;\" alt=\"\" src=\"https:\/\/arteconstructo.com\/wp-content\/uploads\/2015\/11\/paint.jpg\"  data-min-height=\"428\"   \/><div id=\"interactive-banner-wrap-4713\" class=\"ult-new-ib-desc\" style=\"\"><h2 class=\"ult-new-ib-title ult-responsive\"  data-ultimate-target='#interactive-banner-wrap-4713 .ult-new-ib-title'  data-responsive-json-new='{\"font-size\":\"\",\"line-height\":\"\"}'  style=\"font-weight:normal;color:#ffffff;\">I N T E R E S S A N T E S<\/h2><\/div><a class=\"ult-new-ib-link\" href=\"http:\/\/arteconstructo.com\/de\/interessantes\/\" title=\"I N T E R E S S A N T E S\"  ><\/a><\/div>[\/vc_column][vc_column width=&#8221;1\/4&#8243;]<div tabindex=\"0\" class=\"ult-new-ib ult-ib-effect-style2  ult-ib-resp ult-ib2-min-height \" data-min-width=\"768\" data-max-width=\"900\" style=\"background:#000000; opacity:0; \" data-opacity=\"1\" data-hover-opacity=\"0.5\"  data-min-height=\"428\" ><img decoding=\"async\" class=\"ult-new-ib-img\" style=\"opacity:1;\" alt=\"\" src=\"https:\/\/arteconstructo.com\/wp-content\/uploads\/2015\/11\/salon.jpg\"  data-min-height=\"428\"   \/><div id=\"interactive-banner-wrap-7568\" class=\"ult-new-ib-desc\" style=\"\"><h2 class=\"ult-new-ib-title ult-responsive\"  data-ultimate-target='#interactive-banner-wrap-7568 .ult-new-ib-title'  data-responsive-json-new='{\"font-size\":\"\",\"line-height\":\"\"}'  style=\"font-weight:normal;color:#ffffff;\">B I L D E R<\/h2><\/div><a class=\"ult-new-ib-link\" href=\"http:\/\/arteconstructo.com\/de\/bilder\/\" title=\"B I L D E R\"  ><\/a><\/div>[\/vc_column][\/vc_row]<\/p>\n<\/div>","protected":false},"excerpt":{"rendered":"<p>[vc_row full_width=&#8221;true&#8221; margin_top=&#8221;-50&#8243;][vc_column][vc_single_image image=&#8221;236&#8243; img_size=&#8221;full&#8221; alignment=&#8221;center&#8221; image_hovers=&#8221;false&#8221;][\/vc_column][\/vc_row][vc_row full_width_row=&#8221;true&#8221; padding_left=&#8221;30px&#8221; padding_right=&#8221;30px&#8221;][vc_column][vc_empty_space height=&#8221;60px&#8221;][vc_column_text] BIO-\u00d6KOLOGISCHES MATERIAL [\/vc_column_text][vc_empty_space height=&#8221;60px&#8221;][\/vc_column][\/vc_row][vc_row full_width_row=&#8221;true&#8221; padding_left=&#8221;30px&#8221; padding_right=&#8221;30px&#8221;][vc_column width=&#8221;2\/3&#8243;][vc_column_text] Der neue Trend geht hin zu Bauen mit Respekt f\u00fcr die Natur. Es werden neue Technologien entwickelt und es wird immer weiter nach lokalen Materialien gesucht. Kalk ist selbst bereits \u00f6kologisch. Er kann \u00fcberall gefunden werden&hellip;<\/p>\n","protected":false},"author":8,"featured_media":0,"parent":16106,"menu_order":4,"comment_status":"closed","ping_status":"closed","template":"","meta":{"footnotes":""},"class_list":["post-16115","page","type-page","status-publish","hentry","description-off"],"_links":{"self":[{"href":"https:\/\/arteconstructo.com\/de\/wp-json\/wp\/v2\/pages\/16115","targetHints":{"allow":["GET"]}}],"collection":[{"href":"https:\/\/arteconstructo.com\/de\/wp-json\/wp\/v2\/pages"}],"about":[{"href":"https:\/\/arteconstructo.com\/de\/wp-json\/wp\/v2\/types\/page"}],"author":[{"embeddable":true,"href":"https:\/\/arteconstructo.com\/de\/wp-json\/wp\/v2\/users\/8"}],"replies":[{"embeddable":true,"href":"https:\/\/arteconstructo.com\/de\/wp-json\/wp\/v2\/comments?post=16115"}],"version-history":[{"count":0,"href":"https:\/\/arteconstructo.com\/de\/wp-json\/wp\/v2\/pages\/16115\/revisions"}],"up":[{"embeddable":true,"href":"https:\/\/arteconstructo.com\/de\/wp-json\/wp\/v2\/pages\/16106"}],"wp:attachment":[{"href":"https:\/\/arteconstructo.com\/de\/wp-json\/wp\/v2\/media?parent=16115"}],"curies":[{"name":"wp","href":"https:\/\/api.w.org\/{rel}","templated":true}]}}